{"id":1033,"date":"2023-04-15T13:59:09","date_gmt":"2023-04-15T05:59:09","guid":{"rendered":"https:\/\/fsportsnet.com\/?post_type=product&#038;p=1033"},"modified":"2023-04-15T14:02:38","modified_gmt":"2023-04-15T06:02:38","slug":"pop-up-golf-chipping-net-indoor-outdoor-golfing-target-net","status":"publish","type":"product","link":"https:\/\/fsportsnet.com\/fr\/product\/pop-up-golf-chipping-net-indoor-outdoor-golfing-target-net\/","title":{"rendered":"Filet de golf Pop Up pour l'int\u00e9rieur et l'ext\u00e9rieur Filet de cible pour le golf"},"content":{"rendered":"<ul class=\"a-unordered-list a-vertical a-spacing-mini\">\n<li>Filet \u00e0 copeaux carr\u00e9<br \/>\n1. Taille : 24\u201d<br \/>\n2. Filet : 210D polyester binding<br \/>\n3. Cadre : \u03a63mm fil d'acier, 7mm fibre de verre<br \/>\n4. Emballage : 1 jeu dans un sac oxford, 20 jeux dans un carton.<\/li>\n<li>\u3010PRACTICE LIKE A PRO\u3011Fsports utilise trois cibles dans la conception de notre filet pour aider \u00e0 am\u00e9liorer la pr\u00e9cision de votre chipping \u00e0 courte distance. C'est un filet de chipping indispensable pour les golfeurs de tous niveaux !<br \/>\n\u3010GOLF ANYWHERE\u3011Le filet peut \u00eatre rang\u00e9 dans un sac \u00e0 main de 1,2 pied et p\u00e8se \u00e0 peine 1 livre. Comme il est l\u00e9ger, pliable et portable, notre filet convient pour jouer \u00e0 l'int\u00e9rieur ou \u00e0 l'ext\u00e9rieur n'importe o\u00f9 !<br \/>\n\u3010USER FRIENDLY\u3011Our instant pop-up design helps you set up the net in seconds without tools. Tout ce dont vous avez besoin, c'est d'un espace de 24\u2033 !<br \/>\n\u3010ENJOY WITH FRIENDS\u3011Set up a game or a friendly match using the three target pockets with your family, friends or colleagues. PodiuMax est un cadeau parfait pour les amateurs de golf.<br \/>\n\u3010NOTE\u3011 Nous vous sugg\u00e9rons d'utiliser des balles de golf en mousse pour vous entra\u00eener avec ce filet de chipping.<\/li>\n<\/ul>","protected":false},"excerpt":{"rendered":"<p id=\"title\" class=\"a-size-large a-spacing-none\">Organisez une partie ou un match amical en utilisant les trois poches de cible avec votre famille, vos amis ou vos coll\u00e8gues. Fsports est un cadeau id\u00e9al pour les amateurs de golf.<\/p>","protected":false},"featured_media":1000,"template":"","meta":{"_gspb_post_css":""},"product_brand":[],"product_cat":[26],"product_tag":[],"class_list":{"0":"post-1033","1":"product","2":"type-product","3":"status-publish","4":"has-post-thumbnail","6":"product_cat-golf-net","8":"first","9":"instock","10":"shipping-taxable","11":"product-type-simple"},"_links":{"self":[{"href":"https:\/\/fsportsnet.com\/fr\/wp-json\/wp\/v2\/product\/1033","targetHints":{"allow":["GET"]}}],"collection":[{"href":"https:\/\/fsportsnet.com\/fr\/wp-json\/wp\/v2\/product"}],"about":[{"href":"https:\/\/fsportsnet.com\/fr\/wp-json\/wp\/v2\/types\/product"}],"wp:featuredmedia":[{"embeddable":true,"href":"https:\/\/fsportsnet.com\/fr\/wp-json\/wp\/v2\/media\/1000"}],"wp:attachment":[{"href":"https:\/\/fsportsnet.com\/fr\/wp-json\/wp\/v2\/media?parent=1033"}],"wp:term":[{"taxonomy":"product_brand","embeddable":true,"href":"https:\/\/fsportsnet.com\/fr\/wp-json\/wp\/v2\/product_brand?post=1033"},{"taxonomy":"product_cat","embeddable":true,"href":"https:\/\/fsportsnet.com\/fr\/wp-json\/wp\/v2\/product_cat?post=1033"},{"taxonomy":"product_tag","embeddable":true,"href":"https:\/\/fsportsnet.com\/fr\/wp-json\/wp\/v2\/product_tag?post=1033"}],"curies":[{"name":"wp","href":"https:\/\/api.w.org\/{rel}","templated":true}]}}