{"id":1034,"date":"2023-04-15T14:03:02","date_gmt":"2023-04-15T06:03:02","guid":{"rendered":"https:\/\/fsportsnet.com\/?post_type=product&#038;p=1034"},"modified":"2023-04-21T16:48:14","modified_gmt":"2023-04-21T08:48:14","slug":"baseball-softball-and-golf-hanging-net-for-hitting-pitching-and-driving-practice","status":"publish","type":"product","link":"https:\/\/fsportsnet.com\/fr\/product\/baseball-softball-and-golf-hanging-net-for-hitting-pitching-and-driving-practice\/","title":{"rendered":"Filet suspendu pour le baseball, le softball et le golf pour l'entra\u00eenement \u00e0 la frappe, au lancer et \u00e0 l'entra\u00eenement \u00e0 la conduite"},"content":{"rendered":"<ul>\n<li>Filet de golf Ez<br \/>\nTaille : 7 x 7\u2032<br \/>\nFilet : Filet sans n\u0153uds en polyester blanc 3 plis 1\u2033, avec une reliure en tissu 420D<br \/>\nCadre : Tube d'acier de 0,8 mm de diam\u00e8tre 7\/8\u201d et rev\u00eatement en poudre noire<br \/>\nPoteau : \u03a612.7mm fibre de verre noire solide<br \/>\nSac : PU noir 420D oxford fabric<br \/>\nAccessoires : piquets + instructions A4<br \/>\nEmballage : Chaque ensemble dans un carton K=K, 87cm X 14.6cm X 14.6cm\uff0cGW 5.5kg<\/li>\n<li>Le filet d'entra\u00eenement de 7 pieds de large est suspendu aux ouvertures des portes de garage ou \u00e0 d'autres espaces larges.<br \/>\nPermet aux joueurs de s'entra\u00eener \u00e0 frapper \u00e0 partir d'un tee de baseball ou de golf \u00e0 la maison.<br \/>\nLe poteau inf\u00e9rieur en fibre de verre permet de structurer le filet, de r\u00e9duire les rebonds et de r\u00e9cup\u00e9rer les balles pendant l'entra\u00eenement.<br \/>\nS'enroule et se d\u00e9gage facilement, permettant aux portes de garage de fonctionner normalement.<br \/>\nPoints d'attache \u00e0 connexion rapide pour un montage et un d\u00e9montage faciles<\/li>\n<\/ul>","protected":false},"excerpt":{"rendered":"<p id=\"title\" class=\"a-size-large a-spacing-none\">. Filet de golf facile \u00e0 assembler avec seulement 2 minutes pour monter le filet de golf et le d\u00e9monter en 2 minutes. Le filet de golf est id\u00e9al pour am\u00e9liorer vos comp\u00e9tences, qu'il pleuve ou qu'il vente. Choisissez le filet de golf Fsports, prenez vos clubs de golf, et vivez le plaisir de jouer au golf avec vos amis et votre famille ! Chaque filet de golf est \u00e9quip\u00e9 d'un sac de transport durable pour vous aider \u00e0 le ranger et \u00e0 le transporter facilement !<\/p>","protected":false},"featured_media":980,"template":"","meta":{"_gspb_post_css":""},"product_brand":[],"product_cat":[26],"product_tag":[],"class_list":{"0":"post-1034","1":"product","2":"type-product","3":"status-publish","4":"has-post-thumbnail","6":"product_cat-golf-net","8":"first","9":"instock","10":"shipping-taxable","11":"product-type-simple"},"_links":{"self":[{"href":"https:\/\/fsportsnet.com\/fr\/wp-json\/wp\/v2\/product\/1034","targetHints":{"allow":["GET"]}}],"collection":[{"href":"https:\/\/fsportsnet.com\/fr\/wp-json\/wp\/v2\/product"}],"about":[{"href":"https:\/\/fsportsnet.com\/fr\/wp-json\/wp\/v2\/types\/product"}],"wp:featuredmedia":[{"embeddable":true,"href":"https:\/\/fsportsnet.com\/fr\/wp-json\/wp\/v2\/media\/980"}],"wp:attachment":[{"href":"https:\/\/fsportsnet.com\/fr\/wp-json\/wp\/v2\/media?parent=1034"}],"wp:term":[{"taxonomy":"product_brand","embeddable":true,"href":"https:\/\/fsportsnet.com\/fr\/wp-json\/wp\/v2\/product_brand?post=1034"},{"taxonomy":"product_cat","embeddable":true,"href":"https:\/\/fsportsnet.com\/fr\/wp-json\/wp\/v2\/product_cat?post=1034"},{"taxonomy":"product_tag","embeddable":true,"href":"https:\/\/fsportsnet.com\/fr\/wp-json\/wp\/v2\/product_tag?post=1034"}],"curies":[{"name":"wp","href":"https:\/\/api.w.org\/{rel}","templated":true}]}}