{"id":1035,"date":"2023-04-15T14:19:32","date_gmt":"2023-04-15T06:19:32","guid":{"rendered":"https:\/\/fsportsnet.com\/?post_type=product&#038;p=1035"},"modified":"2023-04-15T14:24:18","modified_gmt":"2023-04-15T06:24:18","slug":"extra-large-golf-chipping-net-with-complete-setup-accessories","status":"publish","type":"product","link":"https:\/\/fsportsnet.com\/fr\/product\/extra-large-golf-chipping-net-with-complete-setup-accessories\/","title":{"rendered":"Filet de golf extra large avec accessoires de montage complets"},"content":{"rendered":"<ul>\n<li><span class=\"a-list-item\">Jouer au golf dans l'arri\u00e8re-cour - S'entra\u00eener \u00e0 faire des chips et \u00e0 \u00eatre pr\u00e9cis est facile et pratique avec ce filet d'entra\u00eenement de golf extra-large. Notre filet de golf est id\u00e9al pour une utilisation \u00e0 l'ext\u00e9rieur\/\u00e0 l'int\u00e9rieur. Nous l'avons con\u00e7u avec 4 cibles color\u00e9es, pour que vous puissiez faire des chips sous diff\u00e9rents angles.<\/span><\/li>\n<li><span class=\"a-list-item\">Votre filet d'entra\u00eenement complet pour le golf - L'installation de cet \u00e9quipement d'aide au golf est un jeu d'enfant. Chaque ensemble comprend des piquets de sol, des tiges, un sac de transport et un manuel d'instructions. Amusez-vous et pratiquez le golf en plein air\/\u00e0 l'int\u00e9rieur avec vos amis et votre famille, \u00e0 tout moment.<\/span><\/li>\n<li><span class=\"a-list-item\">Durable et fonctionnel - Le tissu robuste et le mat\u00e9riau du filet de golf que nous utilisons dans nos filets de golf restent solides malgr\u00e9 une utilisation r\u00e9guli\u00e8re. Chaque filet de golf de 50 pouces de large x 35 pouces de long est \u00e9galement dot\u00e9 de poches int\u00e9gr\u00e9es pour attraper les balles, de sorte que vous n'aurez pas \u00e0 ramasser les balles de golf dans la cour.<\/span><\/li>\n<li><span class=\"a-list-item\">Facile \u00e0 installer et \u00e0 ranger - Installez notre filet de golf l\u00e9ger dans votre jardin en quelques minutes. Chaque filet de golf ext\u00e9rieur\/int\u00e9rieur est livr\u00e9 avec un sac fourre-tout \u00e9l\u00e9gant, pour que vous puissiez le ranger facilement apr\u00e8s utilisation.<\/span><\/li>\n<li><span class=\"a-list-item\">Cadeau id\u00e9al pour les golfeurs et les passionn\u00e9s de golf - Vous cherchez un cadeau pratique ? Ne cherchez pas plus loin que nos filets de frappe pour le golf ! Ces accessoires de golf pour hommes et femmes raviront tous ceux qui souhaitent am\u00e9liorer leur pr\u00e9cision et devenir des pros du chipping.<\/span><\/li>\n<li><\/li>\n<\/ul>","protected":false},"excerpt":{"rendered":"<p class=\"a-size-large a-spacing-none\">. Filet de golf facile \u00e0 assembler avec seulement 2 minutes pour monter le filet d'entra\u00eenement de golf et le d\u00e9monter en 2 minutes.<\/p>\n<p id=\"title\" class=\"a-size-large a-spacing-none\"><span id=\"productTitle\" class=\"a-size-medium product-title-word-break product-title-resize\">Big Strike Golf - Filet de Chipping Extra Large. Filet d'entra\u00eenement de golf avec 4 cibles color\u00e9es, \u00e9quipement d'entra\u00eenement de golf pour l'int\u00e9rieur et l'ext\u00e9rieur, filet de chipping durable avec accessoires d'installation complets.<\/span><\/p>","protected":false},"featured_media":1009,"template":"","meta":{"_gspb_post_css":""},"product_brand":[],"product_cat":[26],"product_tag":[],"class_list":{"0":"post-1035","1":"product","2":"type-product","3":"status-publish","4":"has-post-thumbnail","6":"product_cat-golf-net","8":"first","9":"instock","10":"shipping-taxable","11":"product-type-simple"},"_links":{"self":[{"href":"https:\/\/fsportsnet.com\/fr\/wp-json\/wp\/v2\/product\/1035","targetHints":{"allow":["GET"]}}],"collection":[{"href":"https:\/\/fsportsnet.com\/fr\/wp-json\/wp\/v2\/product"}],"about":[{"href":"https:\/\/fsportsnet.com\/fr\/wp-json\/wp\/v2\/types\/product"}],"wp:featuredmedia":[{"embeddable":true,"href":"https:\/\/fsportsnet.com\/fr\/wp-json\/wp\/v2\/media\/1009"}],"wp:attachment":[{"href":"https:\/\/fsportsnet.com\/fr\/wp-json\/wp\/v2\/media?parent=1035"}],"wp:term":[{"taxonomy":"product_brand","embeddable":true,"href":"https:\/\/fsportsnet.com\/fr\/wp-json\/wp\/v2\/product_brand?post=1035"},{"taxonomy":"product_cat","embeddable":true,"href":"https:\/\/fsportsnet.com\/fr\/wp-json\/wp\/v2\/product_cat?post=1035"},{"taxonomy":"product_tag","embeddable":true,"href":"https:\/\/fsportsnet.com\/fr\/wp-json\/wp\/v2\/product_tag?post=1035"}],"curies":[{"name":"wp","href":"https:\/\/api.w.org\/{rel}","templated":true}]}}