{"id":1036,"date":"2023-04-15T14:24:32","date_gmt":"2023-04-15T06:24:32","guid":{"rendered":"https:\/\/fsportsnet.com\/?post_type=product&#038;p=1036"},"modified":"2023-04-15T14:31:28","modified_gmt":"2023-04-15T06:31:28","slug":"home-golf-driving-range-kit-with-net-golf-balls-launch-pad-and-tees","status":"publish","type":"product","link":"https:\/\/fsportsnet.com\/fr\/product\/home-golf-driving-range-kit-with-net-golf-balls-launch-pad-and-tees\/","title":{"rendered":"Home Golf Driving Range Kit avec filet, balles de golf, rampe de lancement et tees"},"content":{"rendered":"<ul>\n<li>Le kit de practice \u00e0 utiliser \u00e0 la maison comprend un filet d'entra\u00eenement, des balles de golf Impact \u00e0 usage limit\u00e9, une rampe de lancement et deux tees en caoutchouc.<\/li>\n<li>Facile \u00e0 installer dans le jardin, le garage ou le sous-sol pour s'entra\u00eener aux drives, aux fers, aux wedges et aux chips sans avoir \u00e0 se rendre sur le terrain de golf.<\/li>\n<li>Le filet d'entra\u00eenement de 7 pieds est dot\u00e9 de poteaux \u00e0 corde de choc pour un montage et un d\u00e9montage rapides ; la rampe de lancement comporte des zones de rough et de fairway pour une meilleure simulation du parcours.<\/li>\n<li>Comprend 12 balles de golf Impact \u00e0 dur\u00e9e de vie limit\u00e9e, r\u00e9sistantes aux chocs et s\u00fbres, permettant de s'entra\u00eener dans des espaces restreints ; d\u00e9part avec un tee en caoutchouc de 1 ou 2 pouces.<\/li>\n<li>Le kit haute performance et durable est id\u00e9al pour tous les coups, \u00e0 l'exception du putting. Optimisez votre temps d'entra\u00eenement au swing sans vous soucier du mauvais temps ou du co\u00fbt des balles de practice.<\/li>\n<\/ul>","protected":false},"excerpt":{"rendered":"<p class=\"a-size-large a-spacing-none\">. Filet de golf facile \u00e0 assembler avec seulement 2 minutes pour monter le filet d'entra\u00eenement de golf et le d\u00e9monter en 2 minutes.<\/p>\n<p id=\"title\" class=\"a-size-large a-spacing-none\">","protected":false},"featured_media":1006,"template":"","meta":{"_gspb_post_css":""},"product_brand":[],"product_cat":[26],"product_tag":[],"class_list":{"0":"post-1036","1":"product","2":"type-product","3":"status-publish","4":"has-post-thumbnail","6":"product_cat-golf-net","8":"first","9":"instock","10":"shipping-taxable","11":"product-type-simple"},"_links":{"self":[{"href":"https:\/\/fsportsnet.com\/fr\/wp-json\/wp\/v2\/product\/1036","targetHints":{"allow":["GET"]}}],"collection":[{"href":"https:\/\/fsportsnet.com\/fr\/wp-json\/wp\/v2\/product"}],"about":[{"href":"https:\/\/fsportsnet.com\/fr\/wp-json\/wp\/v2\/types\/product"}],"wp:featuredmedia":[{"embeddable":true,"href":"https:\/\/fsportsnet.com\/fr\/wp-json\/wp\/v2\/media\/1006"}],"wp:attachment":[{"href":"https:\/\/fsportsnet.com\/fr\/wp-json\/wp\/v2\/media?parent=1036"}],"wp:term":[{"taxonomy":"product_brand","embeddable":true,"href":"https:\/\/fsportsnet.com\/fr\/wp-json\/wp\/v2\/product_brand?post=1036"},{"taxonomy":"product_cat","embeddable":true,"href":"https:\/\/fsportsnet.com\/fr\/wp-json\/wp\/v2\/product_cat?post=1036"},{"taxonomy":"product_tag","embeddable":true,"href":"https:\/\/fsportsnet.com\/fr\/wp-json\/wp\/v2\/product_tag?post=1036"}],"curies":[{"name":"wp","href":"https:\/\/api.w.org\/{rel}","templated":true}]}}