{"id":1038,"date":"2023-04-15T14:32:10","date_gmt":"2023-04-15T06:32:10","guid":{"rendered":"https:\/\/fsportsnet.com\/?post_type=product&#038;p=1038"},"modified":"2023-04-15T14:40:14","modified_gmt":"2023-04-15T06:40:14","slug":"golf-catch-all-net-extra-large-golf-hitting-net-for-your-backyard-or-home-range","status":"publish","type":"product","link":"https:\/\/fsportsnet.com\/fr\/product\/golf-catch-all-net-extra-large-golf-hitting-net-for-your-backyard-or-home-range\/","title":{"rendered":"Golf Catch All Net Extra Large Golf Hitting net for Your Backyard or Home Range"},"content":{"rendered":"<ul>\n<li>Le filet est con\u00e7u pour renvoyer en toute s\u00e9curit\u00e9 la balle de golf au fond du filet dans le bassin de r\u00e9ception.<br \/>\nLe filet durable est capable de supporter des vitesses de balle allant jusqu'\u00e0 150 mph<br \/>\nLe filet de frappe de golf surdimensionn\u00e9 est disponible en 12\u2032 x 10\u2032, 10\u2032 x 8\u2032 &amp; 8\u2032 x 7\u2032.<br \/>\nLes poteaux en fibre de verre durables offrent un support solide pour que le filet ne se replie jamais.<br \/>\nLes filets Fsports Catch All se montent et se d\u00e9montent facilement en quelques minutes.<\/li>\n<\/ul>","protected":false},"excerpt":{"rendered":"<p class=\"a-size-large a-spacing-none\">. Filet de golf facile \u00e0 assembler avec seulement 2 minutes pour monter le filet d'entra\u00eenement de golf et le d\u00e9monter en 2 minutes.<\/p>\n<p id=\"title\" class=\"a-size-large a-spacing-none\">","protected":false},"featured_media":1017,"template":"","meta":{"_gspb_post_css":""},"product_brand":[],"product_cat":[26],"product_tag":[],"class_list":{"0":"post-1038","1":"product","2":"type-product","3":"status-publish","4":"has-post-thumbnail","6":"product_cat-golf-net","8":"first","9":"instock","10":"shipping-taxable","11":"product-type-simple"},"_links":{"self":[{"href":"https:\/\/fsportsnet.com\/fr\/wp-json\/wp\/v2\/product\/1038","targetHints":{"allow":["GET"]}}],"collection":[{"href":"https:\/\/fsportsnet.com\/fr\/wp-json\/wp\/v2\/product"}],"about":[{"href":"https:\/\/fsportsnet.com\/fr\/wp-json\/wp\/v2\/types\/product"}],"wp:featuredmedia":[{"embeddable":true,"href":"https:\/\/fsportsnet.com\/fr\/wp-json\/wp\/v2\/media\/1017"}],"wp:attachment":[{"href":"https:\/\/fsportsnet.com\/fr\/wp-json\/wp\/v2\/media?parent=1038"}],"wp:term":[{"taxonomy":"product_brand","embeddable":true,"href":"https:\/\/fsportsnet.com\/fr\/wp-json\/wp\/v2\/product_brand?post=1038"},{"taxonomy":"product_cat","embeddable":true,"href":"https:\/\/fsportsnet.com\/fr\/wp-json\/wp\/v2\/product_cat?post=1038"},{"taxonomy":"product_tag","embeddable":true,"href":"https:\/\/fsportsnet.com\/fr\/wp-json\/wp\/v2\/product_tag?post=1038"}],"curies":[{"name":"wp","href":"https:\/\/api.w.org\/{rel}","templated":true}]}}