{"id":1039,"date":"2023-04-15T14:40:46","date_gmt":"2023-04-15T06:40:46","guid":{"rendered":"https:\/\/fsportsnet.com\/?post_type=product&#038;p=1039"},"modified":"2023-04-15T15:06:57","modified_gmt":"2023-04-15T07:06:57","slug":"golf-practice-net-golf-net-golf-nets-for-backyard-driving-golf-net","status":"publish","type":"product","link":"https:\/\/fsportsnet.com\/fr\/product\/golf-practice-net-golf-net-golf-nets-for-backyard-driving-golf-net\/","title":{"rendered":"Filet de practice de golf Filet de golf Filets de golf pour le drive en arri\u00e8re-cour Filet de golf"},"content":{"rendered":"<ul>\n<li>Taille d'ouverture 7ft(H)X8ft(W) . Le filet de golf est facile \u00e0 assembler, il suffit de 2 minutes pour l'installer et de 2 minutes pour le d\u00e9monter. Le filet de golf est id\u00e9al pour am\u00e9liorer vos comp\u00e9tences, qu'il pleuve ou qu'il vente. Choisissez le filet de golf, prenez vos clubs de golf, et vivez le plaisir de jouer au golf avec vos amis et votre famille ! Chaque filet de golf est \u00e9quip\u00e9 d'un sac de transport durable pour vous aider \u00e0 le ranger et \u00e0 le transporter facilement !\n<p>UN \u00c9LAN CONFIANT<br \/>\nLe filet de golf Galileo est le meilleur choix si vous voulez pratiquer le golf n'importe quand et n'importe o\u00f9, que ce soit dans votre salon, votre jardin ou votre garage, comme vous le souhaitez. M\u00eame les amateurs de golf les plus d\u00e9vou\u00e9s ne peuvent pas \u00eatre sur le terrain de golf tout au long de l'ann\u00e9e, vous pouvez le faire avec notre filet de golf \u00e0 la maison.<\/p>\n<p>AM\u00c9LIORER LA VIS\u00c9E DES COUPS<br \/>\nLe terrain d'entra\u00eenement Galileo est \u00e9quip\u00e9 d'une grande cible de golf de 40x30 pouces, permettant de contenir plus de balles de golf.Les tiges de support sont couvertes par plus de tuyaux, rendant la structure du filet plus stable et plus s\u00fbre pour frapper la balle.Notre cible de frappe est faite de velours merceris\u00e9 anti-frappe, vous pouvez \u00eatre rassur\u00e9 et profiter de la frappe sans vous soucier de lancer la balle dans la cour de votre voisin.<\/p>\n<p>MAT\u00c9RIAU ANTI-COUP<br \/>\nCe golf d'ext\u00e9rieur est compos\u00e9 d'une base en acier lest\u00e9 de haute qualit\u00e9, d'un filet de golf \u00e9pais et r\u00e9sistant et de poteaux en fibre de verre permettant une r\u00e9sistance incroyable mais aussi une flexibilit\u00e9 qui fait que le filet de golf ne rouille pas et ne se d\u00e9forme pas avec le fer renforc\u00e9 au fond.Les piquets de sol en acier, assurent que vous avez la meilleure exp\u00e9rience de frappe avec une plus grande stabilit\u00e9.Vos meubles seront tous en s\u00e9curit\u00e9 lorsque vous vous entra\u00eenez au golf d'int\u00e9rieur.<\/li>\n<\/ul>","protected":false},"excerpt":{"rendered":"<p class=\"a-size-large a-spacing-none\">Choisissez le filet de golf, prenez vos clubs de golf, sentez le plaisir de jouer au golf avec vos amis et votre famille ! Chaque filet de golf est \u00e9quip\u00e9 d'un sac de transport durable pour vous aider \u00e0 le ranger et \u00e0 le transporter facilement !<\/p>\n<p id=\"title\" class=\"a-size-large a-spacing-none\">","protected":false},"featured_media":1019,"template":"","meta":{"_gspb_post_css":""},"product_brand":[],"product_cat":[26],"product_tag":[],"class_list":{"0":"post-1039","1":"product","2":"type-product","3":"status-publish","4":"has-post-thumbnail","6":"product_cat-golf-net","8":"first","9":"instock","10":"shipping-taxable","11":"product-type-simple"},"_links":{"self":[{"href":"https:\/\/fsportsnet.com\/fr\/wp-json\/wp\/v2\/product\/1039","targetHints":{"allow":["GET"]}}],"collection":[{"href":"https:\/\/fsportsnet.com\/fr\/wp-json\/wp\/v2\/product"}],"about":[{"href":"https:\/\/fsportsnet.com\/fr\/wp-json\/wp\/v2\/types\/product"}],"wp:featuredmedia":[{"embeddable":true,"href":"https:\/\/fsportsnet.com\/fr\/wp-json\/wp\/v2\/media\/1019"}],"wp:attachment":[{"href":"https:\/\/fsportsnet.com\/fr\/wp-json\/wp\/v2\/media?parent=1039"}],"wp:term":[{"taxonomy":"product_brand","embeddable":true,"href":"https:\/\/fsportsnet.com\/fr\/wp-json\/wp\/v2\/product_brand?post=1039"},{"taxonomy":"product_cat","embeddable":true,"href":"https:\/\/fsportsnet.com\/fr\/wp-json\/wp\/v2\/product_cat?post=1039"},{"taxonomy":"product_tag","embeddable":true,"href":"https:\/\/fsportsnet.com\/fr\/wp-json\/wp\/v2\/product_tag?post=1039"}],"curies":[{"name":"wp","href":"https:\/\/api.w.org\/{rel}","templated":true}]}}