{"id":1040,"date":"2023-04-15T15:07:18","date_gmt":"2023-04-15T07:07:18","guid":{"rendered":"https:\/\/fsportsnet.com\/?post_type=product&#038;p=1040"},"modified":"2023-04-15T15:31:23","modified_gmt":"2023-04-15T07:31:23","slug":"elite-golf-practice-net-with-steel-frame","status":"publish","type":"product","link":"https:\/\/fsportsnet.com\/fr\/product\/elite-golf-practice-net-with-steel-frame\/","title":{"rendered":"Filet de practice de golf Elite avec cadre en acier"},"content":{"rendered":"<ul>\n<li>ENTRA\u00ceNEMENT \u00c9LITE : Filet d'entra\u00eenement de haut niveau pour les golfeurs qui veulent le meilleur ; le filet robuste de 10 pi x 7,5 pi est con\u00e7u pour plus de 10 000 coups \u00e0 n'importe quelle vitesse d'\u00e9lan.<br \/>\nQUALITE COMMERCIALE : Fabriqu\u00e9 avec un cadre en acier robuste et un filet haute tension de premi\u00e8re qualit\u00e9 qui est 3 fois plus r\u00e9sistant que notre filet de golf le plus vendu actuellement.<br \/>\nDESIGN MODERNE : Le cadre en acier rev\u00eatu de poudre avec une finition \u00e9l\u00e9gante en noir satin\u00e9 est parfait pour la maison, le bureau ou l'arri\u00e8re-cour ; les dimensions assembl\u00e9es sont 7,5\u2019 de haut x 10\u2019 de large x 3,5\u2019 de profondeur.<br \/>\nASSEMBLAGE FACILE : installation et d\u00e9montage sans probl\u00e8me en moins de 5 minutes avec la mallette de transport incluse pour le stockage ou le transport ; compatibilit\u00e9 parfaite avec l'\u00e9cran de simulation de golf FSports (vendu s\u00e9par\u00e9ment) pour une utilisation avec des simulateurs de golf et des projecteurs.<br \/>\nUTILISATION \u00c0 L'INT\u00c9RIEUR ET \u00c0 L'EXT\u00c9RIEUR : Le filet est \u00e9galement un butoir polyvalent pour l'entra\u00eenement multisports, comme le baseball, le softball, la crosse et plus encore.<\/li>\n<\/ul>","protected":false},"excerpt":{"rendered":"<p class=\"a-size-large a-spacing-none\">Choisissez le filet de golf, prenez vos clubs de golf, sentez le plaisir de jouer au golf avec vos amis et votre famille ! Chaque filet de golf est \u00e9quip\u00e9 d'un sac de transport durable pour vous aider \u00e0 le ranger et \u00e0 le transporter facilement !<\/p>\n<p id=\"title\" class=\"a-size-large a-spacing-none\">","protected":false},"featured_media":1041,"template":"","meta":{"_gspb_post_css":""},"product_brand":[],"product_cat":[26],"product_tag":[],"class_list":{"0":"post-1040","1":"product","2":"type-product","3":"status-publish","4":"has-post-thumbnail","6":"product_cat-golf-net","8":"first","9":"instock","10":"shipping-taxable","11":"product-type-simple"},"_links":{"self":[{"href":"https:\/\/fsportsnet.com\/fr\/wp-json\/wp\/v2\/product\/1040","targetHints":{"allow":["GET"]}}],"collection":[{"href":"https:\/\/fsportsnet.com\/fr\/wp-json\/wp\/v2\/product"}],"about":[{"href":"https:\/\/fsportsnet.com\/fr\/wp-json\/wp\/v2\/types\/product"}],"wp:featuredmedia":[{"embeddable":true,"href":"https:\/\/fsportsnet.com\/fr\/wp-json\/wp\/v2\/media\/1041"}],"wp:attachment":[{"href":"https:\/\/fsportsnet.com\/fr\/wp-json\/wp\/v2\/media?parent=1040"}],"wp:term":[{"taxonomy":"product_brand","embeddable":true,"href":"https:\/\/fsportsnet.com\/fr\/wp-json\/wp\/v2\/product_brand?post=1040"},{"taxonomy":"product_cat","embeddable":true,"href":"https:\/\/fsportsnet.com\/fr\/wp-json\/wp\/v2\/product_cat?post=1040"},{"taxonomy":"product_tag","embeddable":true,"href":"https:\/\/fsportsnet.com\/fr\/wp-json\/wp\/v2\/product_tag?post=1040"}],"curies":[{"name":"wp","href":"https:\/\/api.w.org\/{rel}","templated":true}]}}