{"id":1042,"date":"2023-04-15T15:31:41","date_gmt":"2023-04-15T07:31:41","guid":{"rendered":"https:\/\/fsportsnet.com\/?post_type=product&#038;p=1042"},"modified":"2023-04-15T17:12:21","modified_gmt":"2023-04-15T09:12:21","slug":"sport-nets-portable-soccer-goal-bow-frame-soccer-net-with-carry-bag","status":"publish","type":"product","link":"https:\/\/fsportsnet.com\/fr\/product\/sport-nets-portable-soccer-goal-bow-frame-soccer-net-with-carry-bag\/","title":{"rendered":"Filets de Sport Buts de Soccer Portatifs Filets de Soccer avec Sac de Transport"},"content":{"rendered":"<p>1. Taille : 3\u00d75\u2032, 4\u00d76\u2032, 4\u00d78\u2032, 4\u00d712\u2032, 4\u00d716\u2032, 5\u00d710\u2032, 6\u00d712\u2032, 7\u00d714\u2032, 6\u20196 \u201dx18\u20196\u201d, 7\u00d716\u2032, 7\u00d721\u2032, 8\u00d724\u2032.<br \/>\n2. Filet : Filet polyester sans n\u0153uds 5 plis 4\u201d, 8 plis 4\u201d, 22 plis 4\u201d.\u201d<br \/>\n3. Tube d'acier : \u03c625mmx25mm, \u03c630mmx30mm<br \/>\n4. Fibre de verre : \u03c612.7mm, \u03c614mm, \u03c616mm, \u03c619mm<\/p>\n<p>Comprend un but de football rectangulaire \u00e0 cadre arqu\u00e9 (cadre pli\u00e9 pour la garde au sol) avec des piquets de sol en acier et un sac de transport \u00e0 fermeture \u00e9clair avec sangle.<br \/>\nDisponible en plusieurs tailles de but, \u00e0 utiliser pour tous les \u00e2ges, les tout-petits, les enfants, les jeunes, les adultes ou les entra\u00eeneurs. A utiliser pour les ligues, les \u00e9coles, les tournois ou les entra\u00eenements en solo.<br \/>\nLe filet de but de football Fsports peut facilement utiliser des poids de stabilit\u00e9 pour les surfaces de sol int\u00e9rieures, les gymnases, les installations de football int\u00e9rieur et plus encore.<br \/>\nLes filets de football pour l'arri\u00e8re-cour comprennent des piquets en m\u00e9tal pour la stabilit\u00e9 afin de jouer sur l'herbe, le sable ou les surfaces gazonn\u00e9es.<br \/>\nFabriqu\u00e9 avec notre filet en poly\u00e9thyl\u00e8ne nou\u00e9 durable, r\u00e9sistant \u00e0 l'usure et aux intemp\u00e9ries, ainsi qu'avec un cadre en acier rev\u00eatu de noir et des tiges flexibles en fibre de verre tr\u00e8s r\u00e9sistantes.<br \/>\nButs de football pour l'arri\u00e8re-cour, les matchs de pr\u00e9paration, les m\u00eal\u00e9es, les exercices, au parc, \u00e0 la maison, sur le terrain ou \u00e0 la plage. Portable et l\u00e9ger, il s'emporte partout<br \/>\nInstallation et d\u00e9montage faciles sans outils. Le cadre de base en m\u00e9tal durable s'\u00e9tend facilement pour un entra\u00eenement de football rapide ou un jeu en d\u00e9placement. Id\u00e9al pour tout type de terrain, le cadre de base \u00e9tant con\u00e7u pour \u00eatre inclin\u00e9 afin de d\u00e9gager le sol.<br \/>\nLes buts de football portables de Fsports se rangent facilement dans notre sac de transport \u00e0 fermeture \u00e9clair renforc\u00e9 avec poign\u00e9e. Comprend un filet Velcro durable qui est construit pour durer.<br \/>\nStockez-le dans votre garage, votre maison, votre abri de jardin ou emportez-le n'importe o\u00f9, rapidement et facilement. Conception de stockage portable et compacte pour s'adapter \u00e0 n'importe quel coffre de voiture ou \u00e0 la banquette arri\u00e8re.<br \/>\nUtilisez des ballons de football r\u00e9glementaires de taille 3, 4 ou 5. Passez au niveau sup\u00e9rieur avec notre \u00e9quipement de football de voyage pliable.<\/p>","protected":false},"excerpt":{"rendered":"<p>Filet de football portable pour le jardin,Filet de sport Filet de football portable instantan\u00e9, pour tous les \u00e2ges et tous les niveaux de comp\u00e9tence&amp;n'importe o\u00f9, pour l'entra\u00eenement et les m\u00eal\u00e9es, 1 but + 1 sac de transport, disponible en diff\u00e9rentes tailles.<\/p>","protected":false},"featured_media":1047,"template":"","meta":{"_gspb_post_css":""},"product_brand":[],"product_cat":[29],"product_tag":[],"class_list":{"0":"post-1042","1":"product","2":"type-product","3":"status-publish","4":"has-post-thumbnail","6":"product_cat-soccer-goal","8":"first","9":"instock","10":"shipping-taxable","11":"product-type-simple"},"_links":{"self":[{"href":"https:\/\/fsportsnet.com\/fr\/wp-json\/wp\/v2\/product\/1042","targetHints":{"allow":["GET"]}}],"collection":[{"href":"https:\/\/fsportsnet.com\/fr\/wp-json\/wp\/v2\/product"}],"about":[{"href":"https:\/\/fsportsnet.com\/fr\/wp-json\/wp\/v2\/types\/product"}],"wp:featuredmedia":[{"embeddable":true,"href":"https:\/\/fsportsnet.com\/fr\/wp-json\/wp\/v2\/media\/1047"}],"wp:attachment":[{"href":"https:\/\/fsportsnet.com\/fr\/wp-json\/wp\/v2\/media?parent=1042"}],"wp:term":[{"taxonomy":"product_brand","embeddable":true,"href":"https:\/\/fsportsnet.com\/fr\/wp-json\/wp\/v2\/product_brand?post=1042"},{"taxonomy":"product_cat","embeddable":true,"href":"https:\/\/fsportsnet.com\/fr\/wp-json\/wp\/v2\/product_cat?post=1042"},{"taxonomy":"product_tag","embeddable":true,"href":"https:\/\/fsportsnet.com\/fr\/wp-json\/wp\/v2\/product_tag?post=1042"}],"curies":[{"name":"wp","href":"https:\/\/api.w.org\/{rel}","templated":true}]}}