{"id":1054,"date":"2023-04-15T17:13:17","date_gmt":"2023-04-15T09:13:17","guid":{"rendered":"https:\/\/fsportsnet.com\/?post_type=product&#038;p=1054"},"modified":"2023-04-15T17:16:19","modified_gmt":"2023-04-15T09:16:19","slug":"portable-soccer-goal-net-for-backyard","status":"publish","type":"product","link":"https:\/\/fsportsnet.com\/fr\/product\/portable-soccer-goal-net-for-backyard\/","title":{"rendered":"Filet de but de football portable pour l'arri\u00e8re-cour"},"content":{"rendered":"<p>1. Taille : 3\u00d75\u2032, 4\u00d76\u2032, 4\u00d78\u2032, 4\u00d712\u2032, 4\u00d716\u2032, 5\u00d710\u2032, 6\u00d712\u2032, 7\u00d714\u2032, 6\u20196 \u201dx18\u20196\u201d, 7\u00d716\u2032, 7\u00d721\u2032, 8\u00d724\u2032.<br \/>\n2. Filet : Filet polyester sans n\u0153uds 5 plis 4\u201d, 8 plis 4\u201d, 22 plis 4\u201d.\u201d<br \/>\n3. Tube d'acier : \u03c625mmx25mm, \u03c630mmx30mm<br \/>\n4. Fibre de verre : \u03c612.7mm, \u03c614mm, \u03c616mm, \u03c619mm<\/p>\n<ul class=\"a-unordered-list a-vertical a-spacing-mini\">\n<li><span class=\"a-list-item\">\u3010Multiples choix\u3011Le filet de football portable et durable est disponible en trois tailles de but et convient \u00e0 tous les \u00e2ges, ce qui signifie que vous pouvez choisir le but de football adapt\u00e9 \u00e0 vos besoins, pour la ligue, l'\u00e9cole, le championnat ou les entra\u00eenements individuels. Le design d\u00e9grad\u00e9 est \u00e9galement unique.<\/span><\/li>\n<li><span class=\"a-list-item\">\u3010Quick Setup\u3011Ce filet de but de football est tr\u00e8s facile \u00e0 installer et \u00e0 enlever, tout comme le montage d'une tente. M\u00eame si le d\u00e9marrage peut \u00eatre difficile, reportez-vous \u00e0 la vid\u00e9o d'installation et aux instructions d'installation qui l'accompagnent, une fois que vous aurez pris le coup de main, vous n'aurez besoin que de 80 secondes, et la jeunesse prendra de 2 \u00e0 6 minutes.<\/span><\/li>\n<li><span class=\"a-list-item\">\u3010Removable\u3011Le but de football d'entra\u00eenement Fsports se plie rapidement et facilement pour une mobilit\u00e9 et une portabilit\u00e9 instantan\u00e9es. Le portail de football est adapt\u00e9 pour les arri\u00e8re-cours, les garages, les m\u00eal\u00e9es, les exercices, l'entra\u00eenement ; lorsqu'il est utilis\u00e9 dans l'arri\u00e8re-cour, vous ne tondrez pas non plus l'herbe autour de lui ou ne laisserez pas un tas de zones mortes sur la pelouse.Un dispositif d'entra\u00eenement de football qui peut \u00eatre d\u00e9plac\u00e9 \u00e0 tout moment, n'importe o\u00f9.<\/span><\/li>\n<li><span class=\"a-list-item\">\u3010Super Durable\u3011Avec le support de la maille multi-dragon sans n\u0153uds super durable \u00e0 8 brins et des tuyaux en m\u00e9tal carr\u00e9 et en fibre de verre tr\u00e8s r\u00e9sistants, le but de football est durable ; la base t\u00e9lescopique incurv\u00e9e pour la stabilit\u00e9 sur les terrains accident\u00e9s, les clous de sol en forme de U sont utilis\u00e9s pour la stabilisation. Grille de 4 pouces, le ballon ne s'envole pas facilement.<\/span><\/li>\n<li><span class=\"a-list-item\">\u3010Accessoires complets\u3011Vous obtenez 1 filet de football et un cadre, 4 crampons de plancher en forme de U, 1 sac de rangement \u00e0 fermeture \u00e9clair portable, \u00e9l\u00e9gant et robuste. Il se range dans un sac de transport pour un stockage et un transport \u00e0 long terme, et peut \u00eatre utilis\u00e9 dans presque tous les v\u00e9hicules. Il peut \u00eatre utilis\u00e9 \u00e0 l'ext\u00e9rieur comme \u00e0 l'int\u00e9rieur, dans le parc, \u00e0 la maison, sur le terrain ou \u00e0 la plage.<\/span><\/li>\n<\/ul>","protected":false},"excerpt":{"rendered":"<p>Les buts de football portables se rangent facilement dans notre sac de transport \u00e0 fermeture \u00e9clair renforc\u00e9 avec poign\u00e9e. Comprend un filet Velcro durable qui est construit pour durer.<br \/>\nStockez-le dans votre garage, votre maison, votre abri de jardin ou emportez-le n'importe o\u00f9, rapidement et facilement. Conception de stockage portable et compacte pour s'adapter \u00e0 n'importe quel coffre de voiture ou \u00e0 la banquette arri\u00e8re.<\/p>","protected":false},"featured_media":1048,"template":"","meta":{"_gspb_post_css":""},"product_brand":[],"product_cat":[29],"product_tag":[],"class_list":{"0":"post-1054","1":"product","2":"type-product","3":"status-publish","4":"has-post-thumbnail","6":"product_cat-soccer-goal","8":"first","9":"instock","10":"shipping-taxable","11":"product-type-simple"},"_links":{"self":[{"href":"https:\/\/fsportsnet.com\/fr\/wp-json\/wp\/v2\/product\/1054","targetHints":{"allow":["GET"]}}],"collection":[{"href":"https:\/\/fsportsnet.com\/fr\/wp-json\/wp\/v2\/product"}],"about":[{"href":"https:\/\/fsportsnet.com\/fr\/wp-json\/wp\/v2\/types\/product"}],"wp:featuredmedia":[{"embeddable":true,"href":"https:\/\/fsportsnet.com\/fr\/wp-json\/wp\/v2\/media\/1048"}],"wp:attachment":[{"href":"https:\/\/fsportsnet.com\/fr\/wp-json\/wp\/v2\/media?parent=1054"}],"wp:term":[{"taxonomy":"product_brand","embeddable":true,"href":"https:\/\/fsportsnet.com\/fr\/wp-json\/wp\/v2\/product_brand?post=1054"},{"taxonomy":"product_cat","embeddable":true,"href":"https:\/\/fsportsnet.com\/fr\/wp-json\/wp\/v2\/product_cat?post=1054"},{"taxonomy":"product_tag","embeddable":true,"href":"https:\/\/fsportsnet.com\/fr\/wp-json\/wp\/v2\/product_tag?post=1054"}],"curies":[{"name":"wp","href":"https:\/\/api.w.org\/{rel}","templated":true}]}}