{"id":1055,"date":"2023-04-17T09:19:58","date_gmt":"2023-04-17T01:19:58","guid":{"rendered":"https:\/\/fsportsnet.com\/?post_type=product&#038;p=1055"},"modified":"2023-04-17T13:36:09","modified_gmt":"2023-04-17T05:36:09","slug":"quickster-portable-soccer-goal-and-net","status":"publish","type":"product","link":"https:\/\/fsportsnet.com\/fr\/product\/quickster-portable-soccer-goal-and-net\/","title":{"rendered":"But de soccer portable pour enfants Filet de soccer pour jardin 6 x 4 pieds"},"content":{"rendered":"<p>BUT POUR LES JEUNES : Ce but de soccer pour jeunes de 6\u2032 x 4\u2032 est l'outil parfait pour aider \u00e0 d\u00e9velopper les habilet\u00e9s fondamentales de soccer dans l'arri\u00e8re-cour.<br \/>\nFILET TOUS TEMPS : Filet con\u00e7u pour r\u00e9sister \u00e0 toutes les saisons<br \/>\nFACILE \u00c0 ASSEMBLER : La construction du filet \u00e0 manches permet un assemblage rapide pour que les enfants puissent se lever et commencer \u00e0 jouer en un rien de temps.<br \/>\nCOLLAPSIBLE : Il suffit de retirer les tubes de soutien jaunes et de les plier pour les ranger facilement en utilisant les articulations d'angle \u00e0 pliage rapide qui se plient et se verrouillent en place sur les poteaux de but avant.<br \/>\nDURABLE : Ce but est construit en plastique durable avec la toute nouvelle technologie snap-lock con\u00e7ue et test\u00e9e pour r\u00e9sister aux ballons de football de taille normale. De plus, les piquets de sol en forme de \u201cU\u201d maintiennent le but au sol contre les tirs puissants.<\/p>","protected":false},"excerpt":{"rendered":"<p>Ce but de soccer pour jeunes de 6\u2032 x 4\u2032 est l'outil parfait pour les aider \u00e0 d\u00e9velopper leurs comp\u00e9tences fondamentales en soccer dans l'arri\u00e8re-cour. Ce but est construit \u00e0 partir d'un tube d'acier durable et dispose d'une technologie de verrouillage \u00e0 pression qui a \u00e9t\u00e9 r\u00e9cemment r\u00e9nov\u00e9e pour fournir une durabilit\u00e9 de premi\u00e8re qualit\u00e9 pour r\u00e9sister \u00e0 un vrai ballon de football. Il s'installe rapidement, est \u00e9quip\u00e9 d'un filet r\u00e9sistant aux intemp\u00e9ries et se plie \u00e0 plat pour un rangement facile. Des piquets de sol en m\u00e9tal sont inclus pour ancrer l'\u00e9quipement en place contre les tirs puissants : Dimensions : 6\u2032 Largeur x 4\u2032 Hauteur Cadre l\u00e9ger pour un repositionnement facile. Les piquets de sol en m\u00e9tal ancrent le but en place sur le terrain. Le cadre du but se plie \u00e0 plat pour un rangement facile et compact. Assemblage sans outils.<\/p>","protected":false},"featured_media":1059,"template":"","meta":{"_gspb_post_css":""},"product_brand":[],"product_cat":[29],"product_tag":[],"class_list":{"0":"post-1055","1":"product","2":"type-product","3":"status-publish","4":"has-post-thumbnail","6":"product_cat-soccer-goal","8":"first","9":"instock","10":"shipping-taxable","11":"product-type-simple"},"_links":{"self":[{"href":"https:\/\/fsportsnet.com\/fr\/wp-json\/wp\/v2\/product\/1055","targetHints":{"allow":["GET"]}}],"collection":[{"href":"https:\/\/fsportsnet.com\/fr\/wp-json\/wp\/v2\/product"}],"about":[{"href":"https:\/\/fsportsnet.com\/fr\/wp-json\/wp\/v2\/types\/product"}],"wp:featuredmedia":[{"embeddable":true,"href":"https:\/\/fsportsnet.com\/fr\/wp-json\/wp\/v2\/media\/1059"}],"wp:attachment":[{"href":"https:\/\/fsportsnet.com\/fr\/wp-json\/wp\/v2\/media?parent=1055"}],"wp:term":[{"taxonomy":"product_brand","embeddable":true,"href":"https:\/\/fsportsnet.com\/fr\/wp-json\/wp\/v2\/product_brand?post=1055"},{"taxonomy":"product_cat","embeddable":true,"href":"https:\/\/fsportsnet.com\/fr\/wp-json\/wp\/v2\/product_cat?post=1055"},{"taxonomy":"product_tag","embeddable":true,"href":"https:\/\/fsportsnet.com\/fr\/wp-json\/wp\/v2\/product_tag?post=1055"}],"curies":[{"name":"wp","href":"https:\/\/api.w.org\/{rel}","templated":true}]}}