{"id":1065,"date":"2023-04-17T13:37:51","date_gmt":"2023-04-17T05:37:51","guid":{"rendered":"https:\/\/fsportsnet.com\/?post_type=product&#038;p=1065"},"modified":"2023-04-17T13:50:44","modified_gmt":"2023-04-17T05:50:44","slug":"soccer-goals-for-backyard-kids-portable-soccer-net","status":"publish","type":"product","link":"https:\/\/fsportsnet.com\/fr\/product\/soccer-goals-for-backyard-kids-portable-soccer-net\/","title":{"rendered":"Buts de football pour enfants Filet de football portable"},"content":{"rendered":"<p>\u26bd\u3010Product Includes\u3011L'ensemble de filets de football comprend 1 filet, 4 clous de sol, 22 boucles en forme de huit et un manuel d'installation.<br \/>\n\u26bd\u3010Installation Tips\u3011First, find the two red marks on top of the net before installation, which is installed on top of the ball frame. En outre, vous pouvez d'abord installer les deux c\u00f4t\u00e9s de la structure du cadre de balle, et enfin connecter la partie centrale, ce qui permet de gagner plus de temps tr\u00e8s rapidement.<br \/>\n\u26bd\u3010Excellent Design\u3011Le filet de football est fabriqu\u00e9 en polyester, qui est plus r\u00e9sistant \u00e0 l'usure. Le diam\u00e8tre du portail de football est de 40mm et l'\u00e9paisseur du plastique est de 1,3mm, ce qui peut \u00eatre plac\u00e9 \u00e0 l'ext\u00e9rieur toute l'ann\u00e9e sans avoir peur du vent et du soleil. Le design de la boucle en forme de huit permet d'ajuster l'\u00e9lasticit\u00e9 des buts de football pour enfants, le design du renforcement du bas et les clous de sol en forme de J permettent \u00e0 votre enfant de jouer au football plus librement.<br \/>\n\u26bd\u3010Easy to Assemble &amp; Portable\u3011Our kids soccer goals for backyard and comes with an installation instruction so even a child can easily move and assemble and dismantle the soccer net in effective time done, no extra time is lost at all, and it can be quickly integrated into the entertainment.<br \/>\n\u26bd\u3010Practice Skills &amp; Entertainment\u3011Ce sport peut \u00eatre un bon moyen de promouvoir la communication entre les enfants et leurs familles. Les buts de football pour l'arri\u00e8re-cour peuvent mobiliser la force de tout le corps de l'enfant pour augmenter la coordination du corps. Permettre aux enfants d'obtenir de bonnes notes tout en soulageant la pression psychologique appropri\u00e9e lors des comp\u00e9titions \u00e0 l'\u00e9cole. Le filet de football est facile \u00e0 installer et est un projet de divertissement qui convient parfaitement aux adultes et aux enfants.<br \/>\n\u26bd\u3010A Wide Range of Scenarios\u3011This soccer nets for backyard is perfect for kids, youth and adults outdoors. Le but de football portable permet \u00e0 votre enfant de l'utiliser en toute s\u00e9curit\u00e9 dans la cour de r\u00e9cr\u00e9ation de l'\u00e9cole, les sports de plein air, les loisirs de plage, l'arri\u00e8re-cour et les jeux professionnels. Les filets de football sont les meilleurs amis pour l'entra\u00eenement de football des enfants et peuvent \u00eatre une excellente option de cadeau de vacances et d'anniversaire.<\/p>","protected":false},"excerpt":{"rendered":"<p>Ce but de soccer pour jeunes de 6\u2032 x 4\u2032 est l'outil parfait pour les aider \u00e0 d\u00e9velopper leurs comp\u00e9tences fondamentales en soccer dans l'arri\u00e8re-cour. Ce but est construit \u00e0 partir d'un tube d'acier durable et dispose d'une technologie de verrouillage \u00e0 pression qui a \u00e9t\u00e9 r\u00e9cemment r\u00e9nov\u00e9e pour fournir une durabilit\u00e9 de premi\u00e8re qualit\u00e9 pour r\u00e9sister \u00e0 un vrai ballon de football. Il s'installe rapidement, est \u00e9quip\u00e9 d'un filet r\u00e9sistant aux intemp\u00e9ries et se plie \u00e0 plat pour un rangement facile. Des piquets de sol en m\u00e9tal sont inclus pour ancrer l'\u00e9quipement en place contre les tirs puissants : Dimensions : 6\u2032 Largeur x 4\u2032 Hauteur Cadre l\u00e9ger pour un repositionnement facile. Les piquets de sol en m\u00e9tal ancrent le but en place sur le terrain. Le cadre du but se plie \u00e0 plat pour un rangement facile et compact. Assemblage sans outils.<\/p>","protected":false},"featured_media":1060,"template":"","meta":{"_gspb_post_css":""},"product_brand":[],"product_cat":[29],"product_tag":[],"class_list":{"0":"post-1065","1":"product","2":"type-product","3":"status-publish","4":"has-post-thumbnail","6":"product_cat-soccer-goal","8":"first","9":"instock","10":"shipping-taxable","11":"product-type-simple"},"_links":{"self":[{"href":"https:\/\/fsportsnet.com\/fr\/wp-json\/wp\/v2\/product\/1065","targetHints":{"allow":["GET"]}}],"collection":[{"href":"https:\/\/fsportsnet.com\/fr\/wp-json\/wp\/v2\/product"}],"about":[{"href":"https:\/\/fsportsnet.com\/fr\/wp-json\/wp\/v2\/types\/product"}],"wp:featuredmedia":[{"embeddable":true,"href":"https:\/\/fsportsnet.com\/fr\/wp-json\/wp\/v2\/media\/1060"}],"wp:attachment":[{"href":"https:\/\/fsportsnet.com\/fr\/wp-json\/wp\/v2\/media?parent=1065"}],"wp:term":[{"taxonomy":"product_brand","embeddable":true,"href":"https:\/\/fsportsnet.com\/fr\/wp-json\/wp\/v2\/product_brand?post=1065"},{"taxonomy":"product_cat","embeddable":true,"href":"https:\/\/fsportsnet.com\/fr\/wp-json\/wp\/v2\/product_cat?post=1065"},{"taxonomy":"product_tag","embeddable":true,"href":"https:\/\/fsportsnet.com\/fr\/wp-json\/wp\/v2\/product_tag?post=1065"}],"curies":[{"name":"wp","href":"https:\/\/api.w.org\/{rel}","templated":true}]}}