{"id":1066,"date":"2023-04-17T13:50:53","date_gmt":"2023-04-17T05:50:53","guid":{"rendered":"https:\/\/fsportsnet.com\/?post_type=product&#038;p=1066"},"modified":"2025-02-15T15:53:32","modified_gmt":"2025-02-15T07:53:32","slug":"goalshot-soccer-goal-target-training-aide-for-scoring-and-finishing","status":"publish","type":"product","link":"https:\/\/fsportsnet.com\/fr\/product\/goalshot-soccer-goal-target-training-aide-for-scoring-and-finishing\/","title":{"rendered":"Goalshot Soccer Goal Target Training Aide \u00e0 l'entra\u00eenement pour marquer et finir"},"content":{"rendered":"<p>VISUALISER LE BUT. Le tir au but fait ce que les c\u00f4nes, les cibles et les gardiens rempla\u00e7ants ne peuvent pas faire : il cr\u00e9e une concentration visuelle sur les zones sp\u00e9cifiques o\u00f9 les joueurs ont quatre fois plus de chances de marquer.<br \/>\nPOUR QUE LES JOUEURS SE SENTENT BIEN DANS LEUR PEAU. Soutenu par la recherche et test\u00e9 par des athl\u00e8tes. Le tir au but pr\u00e9sente les quatre zones de but dans lesquelles les gardiens de but des meilleures ligues de football sont marqu\u00e9s.<br \/>\nREJETTE TOUT CE QUI N'EST PAS LE MEILLEUR. Les zones de marquage du Goal shot obligent les joueurs \u00e0 visualiser leurs tirs. Il bloque automatiquement les tirs qui se situent en dehors des zones de marquage d\u00e9sign\u00e9es.<br \/>\nPLUS DE TEMPS AVEC LE BALLON. Con\u00e7u pour s'adapter au cadre de n'importe quel but de football, le Goal shot s'installe facilement en quelques minutes, se d\u00e9monte rapidement et se range dans son propre sac de transport.<br \/>\nINVESTISSEZ EN VOUS-M\u00caME. Investir dans un \u00e9quipement sportif de qualit\u00e9, c'est investir dans votre entra\u00eenement et vos objectifs sportifs. Faites passer votre entra\u00eenement de football au niveau sup\u00e9rieur avec le Goal shot.<\/p>","protected":false},"excerpt":{"rendered":"<p>GARANTIE TLIFETIME - Ce filet de cible de football de premi\u00e8re qualit\u00e9 est fait pour durer. Le filet \u00e0 mailles solides peut prendre votre meilleur tir dans n'importe quelle condition m\u00e9t\u00e9orologique. Les anneaux durables emp\u00eachent les d\u00e9chirures le long des bords. Les cordons \u00e9lastiques permettent une certaine flexibilit\u00e9 lors des coups durs. Si le filet tombe en panne, nous respecterons notre promesse Kick It et vous en enverrons un nouveau.<br \/>\nENTRA\u00ceNEZ-VOUS COMME UN PRO - Am\u00e9liorez votre pr\u00e9cision en concentrant vos tirs dans les coins, l\u00e0 o\u00f9 le gardien ne peut pas les bloquer. Id\u00e9al pour l'entra\u00eenement en solo lorsque vous n'avez pas de co\u00e9quipier avec qui vous entra\u00eener. Il est \u00e9galement id\u00e9al pour les entra\u00eenements en \u00e9quipe, car il permet de marquer rapidement des buts sans attendre que le gardien de but se remette \u00e0 z\u00e9ro. La r\u00e9p\u00e9tition d\u00e9veloppe la m\u00e9moire musculaire !<\/p>","protected":false},"featured_media":1068,"template":"","meta":{"_gspb_post_css":""},"product_brand":[],"product_cat":[29],"product_tag":[],"class_list":{"0":"post-1066","1":"product","2":"type-product","3":"status-publish","4":"has-post-thumbnail","6":"product_cat-soccer-goal","8":"first","9":"instock","10":"shipping-taxable","11":"product-type-simple"},"_links":{"self":[{"href":"https:\/\/fsportsnet.com\/fr\/wp-json\/wp\/v2\/product\/1066","targetHints":{"allow":["GET"]}}],"collection":[{"href":"https:\/\/fsportsnet.com\/fr\/wp-json\/wp\/v2\/product"}],"about":[{"href":"https:\/\/fsportsnet.com\/fr\/wp-json\/wp\/v2\/types\/product"}],"wp:featuredmedia":[{"embeddable":true,"href":"https:\/\/fsportsnet.com\/fr\/wp-json\/wp\/v2\/media\/1068"}],"wp:attachment":[{"href":"https:\/\/fsportsnet.com\/fr\/wp-json\/wp\/v2\/media?parent=1066"}],"wp:term":[{"taxonomy":"product_brand","embeddable":true,"href":"https:\/\/fsportsnet.com\/fr\/wp-json\/wp\/v2\/product_brand?post=1066"},{"taxonomy":"product_cat","embeddable":true,"href":"https:\/\/fsportsnet.com\/fr\/wp-json\/wp\/v2\/product_cat?post=1066"},{"taxonomy":"product_tag","embeddable":true,"href":"https:\/\/fsportsnet.com\/fr\/wp-json\/wp\/v2\/product_tag?post=1066"}],"curies":[{"name":"wp","href":"https:\/\/api.w.org\/{rel}","templated":true}]}}