{"id":1097,"date":"2023-04-17T14:49:43","date_gmt":"2023-04-17T06:49:43","guid":{"rendered":"https:\/\/fsportsnet.com\/?post_type=product&#038;p=1097"},"modified":"2023-04-17T14:56:49","modified_gmt":"2023-04-17T06:56:49","slug":"basics-pop-up-soccer-goal-net-set-with-carrying-case","status":"publish","type":"product","link":"https:\/\/fsportsnet.com\/fr\/product\/basics-pop-up-soccer-goal-net-set-with-carrying-case\/","title":{"rendered":"Basics Pop-Up Soccer Goal Net Set with Carrying Case (en anglais)"},"content":{"rendered":"<p>Buts de football portables pour l'ext\u00e9rieur ; taille id\u00e9ale pour les enfants et les adolescents ; s\u00fbrs pour les joueurs de 3 ans et plus<br \/>\nComprend (2) filets de but de football bleus de 4 pieds, des piquets de sol et un sac de transport.<br \/>\nPoteaux solides en fibre de verre pour une performance l\u00e9g\u00e8re et stable ; tissu et filet oxford renforc\u00e9s pour une r\u00e9sistance durable.<br \/>\nSe d\u00e9plie d'une simple rotation pour s'ouvrir et s'installer rapidement ; aucun outil n'est n\u00e9cessaire ; les piquets ne doivent \u00eatre utilis\u00e9s que sur un sol meuble.<br \/>\nREMARQUE : Le ballon n'est pas con\u00e7u pour des tirs rapides et intenses dans le filet ; il est con\u00e7u pour taper simplement dans le ballon dans le jardin pour s'amuser ou pour s'entra\u00eener.<\/p>","protected":false},"excerpt":{"rendered":"<p>Comprend un ensemble de 2 filets de but de football portables avec 3 piquets de sol attach\u00e9s par but et un sac de transport de voyage.<br \/>\nAucun assemblage n'est n\u00e9cessaire - pr\u00eat \u00e0 jouer en quelques secondes ! Il suffit de le tourner pour l'ouvrir et jouer imm\u00e9diatement, puis de le tourner \u00e0 plat pour le ranger et le transporter facilement dans la mallette de transport incluse.<br \/>\nNouveau cadre indestructible avec un filet ultra r\u00e9fl\u00e9chissant, durable et r\u00e9sistant aux intemp\u00e9ries pour des ann\u00e9es de plaisir et de jeu.<br \/>\nParfait pour les joueurs et les \u00e9quipes de tous \u00e2ges et de tous niveaux - jeunes, adolescents et adultes<br \/>\nId\u00e9al pour l'entra\u00eenement, les m\u00eal\u00e9es, les tournois, le un contre un, le 3v3, les s\u00e9ances d'entra\u00eenement, les clubs, les \u00e9quipes, les jeux dans l'arri\u00e8re-cour, le parc, le terrain, la plage ou tout autre endroit o\u00f9 le jeu vous emm\u00e8ne !<\/p>","protected":false},"featured_media":1072,"template":"","meta":{"_gspb_post_css":""},"product_brand":[],"product_cat":[29],"product_tag":[],"class_list":{"0":"post-1097","1":"product","2":"type-product","3":"status-publish","4":"has-post-thumbnail","6":"product_cat-soccer-goal","8":"first","9":"instock","10":"shipping-taxable","11":"product-type-simple"},"_links":{"self":[{"href":"https:\/\/fsportsnet.com\/fr\/wp-json\/wp\/v2\/product\/1097","targetHints":{"allow":["GET"]}}],"collection":[{"href":"https:\/\/fsportsnet.com\/fr\/wp-json\/wp\/v2\/product"}],"about":[{"href":"https:\/\/fsportsnet.com\/fr\/wp-json\/wp\/v2\/types\/product"}],"wp:featuredmedia":[{"embeddable":true,"href":"https:\/\/fsportsnet.com\/fr\/wp-json\/wp\/v2\/media\/1072"}],"wp:attachment":[{"href":"https:\/\/fsportsnet.com\/fr\/wp-json\/wp\/v2\/media?parent=1097"}],"wp:term":[{"taxonomy":"product_brand","embeddable":true,"href":"https:\/\/fsportsnet.com\/fr\/wp-json\/wp\/v2\/product_brand?post=1097"},{"taxonomy":"product_cat","embeddable":true,"href":"https:\/\/fsportsnet.com\/fr\/wp-json\/wp\/v2\/product_cat?post=1097"},{"taxonomy":"product_tag","embeddable":true,"href":"https:\/\/fsportsnet.com\/fr\/wp-json\/wp\/v2\/product_tag?post=1097"}],"curies":[{"name":"wp","href":"https:\/\/api.w.org\/{rel}","templated":true}]}}