{"id":1098,"date":"2023-04-17T14:57:00","date_gmt":"2023-04-17T06:57:00","guid":{"rendered":"https:\/\/fsportsnet.com\/?post_type=product&#038;p=1098"},"modified":"2023-04-17T15:02:41","modified_gmt":"2023-04-17T07:02:41","slug":"portable-soccer-goal-instant-pop-up-net-backyard-kids","status":"publish","type":"product","link":"https:\/\/fsportsnet.com\/fr\/product\/portable-soccer-goal-instant-pop-up-net-backyard-kids\/","title":{"rendered":"But de Soccer Portable Filet Instantan\u00e9 Backyard Kids"},"content":{"rendered":"<ul class=\"a-unordered-list a-vertical a-spacing-mini\">\n<li><span class=\"a-list-item\">Le plaisir ne s'arr\u00eate jamais - Le but de football pour enfants de Fsports est l'activit\u00e9 ultime pour toute la famille ! De conception durable et pratique, ces filets de football vous permettent de cr\u00e9er votre propre terrain de jeu pour que les petits puissent courir et s'amuser loin des \u00e9crans et de la t\u00e9l\u00e9vision.<\/span><\/li>\n<li><span class=\"a-list-item\">Pratique - Chaque commande est accompagn\u00e9e de 8 piquets de sol en acier inoxydable pour maintenir les filets en place, d'instructions illustr\u00e9es de photos faciles \u00e0 suivre pour vous aider \u00e0 les installer, et d'un sac de rangement portable pour les emmener partout.<\/span><\/li>\n<li><span class=\"a-list-item\">Super durable, fait pour durer des ann\u00e9es - Les mini-buts de football sont dot\u00e9s d'un filet robuste et extra-fort en Dacron durable qui ne sera pas endommag\u00e9 par les tirs violents. Le filet peut r\u00e9sister aux tirs les plus violents sans se casser ou se d\u00e9chirer.<\/span><\/li>\n<li><span class=\"a-list-item\">Taille portable parfaite pour les enfants et les jeunes - Chaque filet de but de football mesure 4\u2019 x 3\u2019 x 3\u2019 pour offrir suffisamment d'espace pour s'entra\u00eener \u00e0 diff\u00e9rents tirs sans prendre trop de place.<\/span><\/li>\n<\/ul>","protected":false},"excerpt":{"rendered":"<p>Aucun assemblage n'est n\u00e9cessaire - pr\u00eat \u00e0 jouer en quelques secondes ! Il suffit de le tourner pour l'ouvrir et jouer imm\u00e9diatement, puis de le tourner \u00e0 plat pour le ranger et le transporter facilement dans la mallette de transport incluse.<br \/>\nNouveau cadre indestructible avec un filet ultra r\u00e9fl\u00e9chissant, durable et r\u00e9sistant aux intemp\u00e9ries pour des ann\u00e9es de plaisir et de jeu.<br \/>\nParfait pour les joueurs et les \u00e9quipes de tous \u00e2ges et de tous niveaux - jeunes, adolescents et adultes.<br \/>\nId\u00e9al pour l'entra\u00eenement, les m\u00eal\u00e9es, les tournois, le un contre un, le 3v3, les s\u00e9ances d'entra\u00eenement, les clubs, les \u00e9quipes, les jeux dans l'arri\u00e8re-cour, le parc, le terrain, la plage ou tout autre endroit o\u00f9 le jeu vous emm\u00e8ne !<\/p>","protected":false},"featured_media":1092,"template":"","meta":{"_gspb_post_css":""},"product_brand":[],"product_cat":[29],"product_tag":[],"class_list":{"0":"post-1098","1":"product","2":"type-product","3":"status-publish","4":"has-post-thumbnail","6":"product_cat-soccer-goal","8":"first","9":"instock","10":"shipping-taxable","11":"product-type-simple"},"_links":{"self":[{"href":"https:\/\/fsportsnet.com\/fr\/wp-json\/wp\/v2\/product\/1098","targetHints":{"allow":["GET"]}}],"collection":[{"href":"https:\/\/fsportsnet.com\/fr\/wp-json\/wp\/v2\/product"}],"about":[{"href":"https:\/\/fsportsnet.com\/fr\/wp-json\/wp\/v2\/types\/product"}],"wp:featuredmedia":[{"embeddable":true,"href":"https:\/\/fsportsnet.com\/fr\/wp-json\/wp\/v2\/media\/1092"}],"wp:attachment":[{"href":"https:\/\/fsportsnet.com\/fr\/wp-json\/wp\/v2\/media?parent=1098"}],"wp:term":[{"taxonomy":"product_brand","embeddable":true,"href":"https:\/\/fsportsnet.com\/fr\/wp-json\/wp\/v2\/product_brand?post=1098"},{"taxonomy":"product_cat","embeddable":true,"href":"https:\/\/fsportsnet.com\/fr\/wp-json\/wp\/v2\/product_cat?post=1098"},{"taxonomy":"product_tag","embeddable":true,"href":"https:\/\/fsportsnet.com\/fr\/wp-json\/wp\/v2\/product_tag?post=1098"}],"curies":[{"name":"wp","href":"https:\/\/api.w.org\/{rel}","templated":true}]}}