{"id":1099,"date":"2023-04-17T15:02:51","date_gmt":"2023-04-17T07:02:51","guid":{"rendered":"https:\/\/fsportsnet.com\/?post_type=product&#038;p=1099"},"modified":"2023-04-17T15:10:19","modified_gmt":"2023-04-17T07:10:19","slug":"portable-soccer-goal-net-set-pop-up-training-soccer-goals","status":"publish","type":"product","link":"https:\/\/fsportsnet.com\/fr\/product\/portable-soccer-goal-net-set-pop-up-training-soccer-goals\/","title":{"rendered":"Filet de but de football portable Buts de football d'entra\u00eenement Pop Up"},"content":{"rendered":"<ul class=\"a-unordered-list a-vertical a-spacing-mini\">\n<li>LE FOOTBALL EN D\u00c9PLACEMENT : Buts de football l\u00e9gers, portables et pliables, parfaits pour des parties de football spontan\u00e9es n'importe o\u00f9 ! Ils s'assemblent facilement pour un jeu ou un entra\u00eenement rapide et peuvent ensuite \u00eatre rang\u00e9s de fa\u00e7on compacte dans leur \u00e9tui de transport.<br \/>\nENTRA\u00ceNEMENT ET UTILISATION R\u00c9CR\u00c9ATIVE : Le filet de soccer portable parfait pour l'entra\u00eenement, les exercices ou les parties de soccer entre amis dans l'arri\u00e8re-cour, le parc ou m\u00eame la plage ! Ce set de but de football vous permettra de passer \u00e0 la vitesse sup\u00e9rieure.<br \/>\nINCLUT : Deux buts de soccer pop-up de 4\u2032 x 32\u2033 pieds, des piquets en acier de soutien durables et robustes et un sac de transport compact. Il est recommand\u00e9 de jouer avec des ballons de soccer r\u00e9glementaires ou des ballons d'entra\u00eenement pour enfants.<br \/>\n100% GARANTIE DE SATISFACTION : FSports \u00e9coute et apprend de vos commentaires pour cr\u00e9er des \u00e9quipements de salle de jeux de qualit\u00e9 pour les enfants et les adultes. Si vous n'\u00eates pas satisfait 100% ou si vous avez des suggestions de produits, notre \u00e9quipe du service client\u00e8le est disponible pour vous aider.<br \/>\nFSports - FAIRE SE RENCONTRER LA FAMILLE ET LES AMIS : En tant qu'entreprise bas\u00e9e en Chine, FSports apporte de nouvelles innovations pour jouer \u00e0 l'int\u00e9rieur et \u00e0 l'ext\u00e9rieur en introduisant sur le march\u00e9 des jeux de sport, de pelouse, de tailgate, de carnaval et de salle de jeu abordables et de qualit\u00e9.<\/li>\n<\/ul>","protected":false},"excerpt":{"rendered":"<p>Aucun assemblage n'est n\u00e9cessaire - pr\u00eat \u00e0 jouer en quelques secondes ! Il suffit de le tourner pour l'ouvrir et jouer imm\u00e9diatement, puis de le tourner \u00e0 plat pour le ranger et le transporter facilement dans la mallette de transport incluse.<br \/>\nNouveau cadre indestructible avec un filet ultra r\u00e9fl\u00e9chissant, durable et r\u00e9sistant aux intemp\u00e9ries pour des ann\u00e9es de plaisir et de jeu.<br \/>\nParfait pour les joueurs et les \u00e9quipes de tous \u00e2ges et de tous niveaux - jeunes, adolescents et adultes.<br \/>\nId\u00e9al pour l'entra\u00eenement, les m\u00eal\u00e9es, les tournois, le un contre un, le 3v3, les s\u00e9ances d'entra\u00eenement, les clubs, les \u00e9quipes, les jeux dans l'arri\u00e8re-cour, le parc, le terrain, la plage ou tout autre endroit o\u00f9 le jeu vous emm\u00e8ne !<\/p>","protected":false},"featured_media":1090,"template":"","meta":{"_gspb_post_css":""},"product_brand":[],"product_cat":[29],"product_tag":[],"class_list":{"0":"post-1099","1":"product","2":"type-product","3":"status-publish","4":"has-post-thumbnail","6":"product_cat-soccer-goal","8":"first","9":"instock","10":"shipping-taxable","11":"product-type-simple"},"_links":{"self":[{"href":"https:\/\/fsportsnet.com\/fr\/wp-json\/wp\/v2\/product\/1099","targetHints":{"allow":["GET"]}}],"collection":[{"href":"https:\/\/fsportsnet.com\/fr\/wp-json\/wp\/v2\/product"}],"about":[{"href":"https:\/\/fsportsnet.com\/fr\/wp-json\/wp\/v2\/types\/product"}],"wp:featuredmedia":[{"embeddable":true,"href":"https:\/\/fsportsnet.com\/fr\/wp-json\/wp\/v2\/media\/1090"}],"wp:attachment":[{"href":"https:\/\/fsportsnet.com\/fr\/wp-json\/wp\/v2\/media?parent=1099"}],"wp:term":[{"taxonomy":"product_brand","embeddable":true,"href":"https:\/\/fsportsnet.com\/fr\/wp-json\/wp\/v2\/product_brand?post=1099"},{"taxonomy":"product_cat","embeddable":true,"href":"https:\/\/fsportsnet.com\/fr\/wp-json\/wp\/v2\/product_cat?post=1099"},{"taxonomy":"product_tag","embeddable":true,"href":"https:\/\/fsportsnet.com\/fr\/wp-json\/wp\/v2\/product_tag?post=1099"}],"curies":[{"name":"wp","href":"https:\/\/api.w.org\/{rel}","templated":true}]}}