{"id":1102,"date":"2023-04-17T15:24:57","date_gmt":"2023-04-17T07:24:57","guid":{"rendered":"https:\/\/fsportsnet.com\/?post_type=product&#038;p=1102"},"modified":"2023-04-17T15:28:32","modified_gmt":"2023-04-17T07:28:32","slug":"foldable-portable-football-goal-2-in-1-childrens-soccer-net","status":"publish","type":"product","link":"https:\/\/fsportsnet.com\/fr\/product\/foldable-portable-football-goal-2-in-1-childrens-soccer-net\/","title":{"rendered":"But de football portable pliable 2 en 1 Filet de football pour enfants"},"content":{"rendered":"<ul class=\"a-unordered-list a-vertical a-spacing-mini\">\n<li>But multifonctionnel : conception 2 en 1 (but de football \u00e0 double usage), un c\u00f4t\u00e9 est un but normal, non seulement pour le football, mais aussi pour le baseball, le hockey et plus encore. L'autre c\u00f4t\u00e9 a 5 zones cibles pour la pr\u00e9cision des tirs de coin. Le filet de football 2 en 1 permet d'apprendre les bases du football et d'am\u00e9liorer les capacit\u00e9s motrices, un cadeau parfait pour les enfants.<br \/>\nFacilit\u00e9 d'utilisation : taille de montage : 120*81*81 cm, taille de pliage : 16\u2033*16\u2033. Gagnez de l'espace gr\u00e2ce \u00e0 notre sac de rangement rond gratuit. Conception et d\u00e9montage instantan\u00e9s sans outils. L\u00e9ger et facile \u00e0 transporter, il est emball\u00e9 dans un sac de transport de 13 pieds et p\u00e8se 1,9 livres. Il est pliable et s'ouvre en une seconde. Commencez votre entra\u00eenement en quelques secondes gr\u00e2ce \u00e0 la conception pop-up.<br \/>\nMat\u00e9riau durable : Notre but de football est fabriqu\u00e9 en tissu oxford 210D de haute qualit\u00e9, r\u00e9sistant \u00e0 la d\u00e9chirure, facile \u00e0 nettoyer et beaucoup plus durable.L'utilisation de clous sp\u00e9ciaux pour l'herbe peut rendre la structure globale du but de football plus solide.Plus de joie, moins de soucis.<br \/>\nJoli cadeau pour les enfants : Joli cadeau pour les enfants qui s'int\u00e9ressent au sport. Jouer au football n'apporte pas seulement du bonheur aux enfants, mais les aide aussi \u00e0 d\u00e9velopper leur esprit d'\u00e9quipe et leurs comp\u00e9tences sociales.<\/li>\n<\/ul>","protected":false},"excerpt":{"rendered":"<p>Aucun assemblage n'est n\u00e9cessaire - pr\u00eat \u00e0 jouer en quelques secondes ! Il suffit de le tourner pour l'ouvrir et jouer imm\u00e9diatement, puis de le tourner \u00e0 plat pour le ranger et le transporter facilement dans la mallette de transport incluse.<br \/>\nNouveau cadre indestructible avec un filet ultra r\u00e9fl\u00e9chissant, durable et r\u00e9sistant aux intemp\u00e9ries pour des ann\u00e9es de plaisir et de jeu.<br \/>\nParfait pour les joueurs et les \u00e9quipes de tous \u00e2ges et de tous niveaux - jeunes, adolescents et adultes.<br \/>\nId\u00e9al pour l'entra\u00eenement, les m\u00eal\u00e9es, les tournois, le un contre un, le 3v3, les s\u00e9ances d'entra\u00eenement, les clubs, les \u00e9quipes, les jeux dans l'arri\u00e8re-cour, le parc, le terrain, la plage ou tout autre endroit o\u00f9 le jeu vous emm\u00e8ne !<\/p>","protected":false},"featured_media":1085,"template":"","meta":{"_gspb_post_css":""},"product_brand":[],"product_cat":[29],"product_tag":[],"class_list":{"0":"post-1102","1":"product","2":"type-product","3":"status-publish","4":"has-post-thumbnail","6":"product_cat-soccer-goal","8":"first","9":"instock","10":"shipping-taxable","11":"product-type-simple"},"_links":{"self":[{"href":"https:\/\/fsportsnet.com\/fr\/wp-json\/wp\/v2\/product\/1102","targetHints":{"allow":["GET"]}}],"collection":[{"href":"https:\/\/fsportsnet.com\/fr\/wp-json\/wp\/v2\/product"}],"about":[{"href":"https:\/\/fsportsnet.com\/fr\/wp-json\/wp\/v2\/types\/product"}],"wp:featuredmedia":[{"embeddable":true,"href":"https:\/\/fsportsnet.com\/fr\/wp-json\/wp\/v2\/media\/1085"}],"wp:attachment":[{"href":"https:\/\/fsportsnet.com\/fr\/wp-json\/wp\/v2\/media?parent=1102"}],"wp:term":[{"taxonomy":"product_brand","embeddable":true,"href":"https:\/\/fsportsnet.com\/fr\/wp-json\/wp\/v2\/product_brand?post=1102"},{"taxonomy":"product_cat","embeddable":true,"href":"https:\/\/fsportsnet.com\/fr\/wp-json\/wp\/v2\/product_cat?post=1102"},{"taxonomy":"product_tag","embeddable":true,"href":"https:\/\/fsportsnet.com\/fr\/wp-json\/wp\/v2\/product_tag?post=1102"}],"curies":[{"name":"wp","href":"https:\/\/api.w.org\/{rel}","templated":true}]}}