{"id":1103,"date":"2023-04-17T16:06:32","date_gmt":"2023-04-17T08:06:32","guid":{"rendered":"https:\/\/fsportsnet.com\/?post_type=product&#038;p=1103"},"modified":"2023-04-17T16:06:33","modified_gmt":"2023-04-17T08:06:33","slug":"pickleball-nets-portable-outdoor-22-ft-pickleball-net-usapa-regulation-size","status":"publish","type":"product","link":"https:\/\/fsportsnet.com\/fr\/product\/pickleball-nets-portable-outdoor-22-ft-pickleball-net-usapa-regulation-size\/","title":{"rendered":"Filet de Pickleball Portable Ext\u00e9rieur 22 FT Pickleball Net USAPA Regulation Size"},"content":{"rendered":"<p>1. Taille : 22\u2032 x 36\u201d, hauteur du centre 34\u201d.\u201d<br \/>\n2. Filet : Maille non nou\u00e9e en polyester 5 plis de 1,75\u201d.<br \/>\n3. Tube rond en acier : Tube m\u00e9tallique de 1\u201d de diam\u00e8tre et de 1,0 mm d'\u00e9paisseur<br \/>\n4. Tube d'acier carr\u00e9 : 1\u00d72\u201d dia, 1,0 m d'\u00e9paisseur<br \/>\n5. Poteau : \u03a612.7mm fibre de verre noire solide<br \/>\n6. Manche : 600D<br \/>\n6. Sac : tissu oxford 600D et PVC<br \/>\n7. Emballage : Chaque pi\u00e8ce est emball\u00e9e dans un carton K=K, 94x24x14cm,<br \/>\n8. Poids total 9,9 kg<\/p>\n<p>\ud83c\udfbeSTRONG. PAS DE RUPTURE. AJUSTEMENT FACILE DU FILET. PAS DE KNOTTING. Cadre m\u00e9tallique renforc\u00e9 pour que le filet de pickle ball reste solide m\u00eame en cas de vents violents. Cadre en acier recouvert de poudre antirouille. Filet sans n\u0153uds qui ne s'use pas. Sac de transport l\u00e9ger. Utiliser la bande auto-agrippante pour tendre facilement le filet.<br \/>\n\ud83c\udfbeLIGHTWEIGHT AND PORTABLE NET A seulement 22 lbs, il est facile de transporter le filet dans un sac de transport et de l'installer n'importe o\u00f9 avec notre syst\u00e8me de filet de pickleball portable.<br \/>\n\ud83c\udfbeMAKE A COURT OUT OF ANYWHERE ! Y compris l'all\u00e9e int\u00e9rieure et ext\u00e9rieure, et plus encore. Notre ensemble de filet de pickleball r\u00e9pond \u00e0 la taille r\u00e9glementaire officielle de 22 pieds de large x 36 pouces de haut sur les lignes de c\u00f4t\u00e9, 34 pouces de haut au centre.<br \/>\n\ud83c\udfbeEASY SET UP IN UNDER 5 minutes. Jouez en quelques minutes. Utilisez notre manuel d'instructions visuel pour un processus d'installation pas \u00e0 pas.<br \/>\n\ud83c\udfbeDans le cas improbable o\u00f9 vous ne seriez pas satisfait de notre filet de pickleball portable, vous pouvez le retourner pour un remboursement complet ou un remplacement.<\/p>","protected":false},"excerpt":{"rendered":"<p>La beaut\u00e9 de ce filet de pickleball est qu'il est facile \u00e0 assembler, portable et extr\u00eamement durable, ce qui vous permet de jouer au pickleball sur n'importe quelle surface plane. La structure enti\u00e8rement autoportante est super facile \u00e0 assembler et est livr\u00e9e avec un sac de transport robuste en 620D Oxford.<\/p>","protected":false},"featured_media":1106,"template":"","meta":{"_gspb_post_css":""},"product_brand":[],"product_cat":[27],"product_tag":[],"class_list":{"0":"post-1103","1":"product","2":"type-product","3":"status-publish","4":"has-post-thumbnail","6":"product_cat-pickleball-net","8":"first","9":"instock","10":"shipping-taxable","11":"product-type-simple"},"_links":{"self":[{"href":"https:\/\/fsportsnet.com\/fr\/wp-json\/wp\/v2\/product\/1103","targetHints":{"allow":["GET"]}}],"collection":[{"href":"https:\/\/fsportsnet.com\/fr\/wp-json\/wp\/v2\/product"}],"about":[{"href":"https:\/\/fsportsnet.com\/fr\/wp-json\/wp\/v2\/types\/product"}],"wp:featuredmedia":[{"embeddable":true,"href":"https:\/\/fsportsnet.com\/fr\/wp-json\/wp\/v2\/media\/1106"}],"wp:attachment":[{"href":"https:\/\/fsportsnet.com\/fr\/wp-json\/wp\/v2\/media?parent=1103"}],"wp:term":[{"taxonomy":"product_brand","embeddable":true,"href":"https:\/\/fsportsnet.com\/fr\/wp-json\/wp\/v2\/product_brand?post=1103"},{"taxonomy":"product_cat","embeddable":true,"href":"https:\/\/fsportsnet.com\/fr\/wp-json\/wp\/v2\/product_cat?post=1103"},{"taxonomy":"product_tag","embeddable":true,"href":"https:\/\/fsportsnet.com\/fr\/wp-json\/wp\/v2\/product_tag?post=1103"}],"curies":[{"name":"wp","href":"https:\/\/api.w.org\/{rel}","templated":true}]}}