{"id":1136,"date":"2023-04-17T22:29:22","date_gmt":"2023-04-17T14:29:22","guid":{"rendered":"https:\/\/fsportsnet.com\/?post_type=product&#038;p=1136"},"modified":"2023-04-18T14:50:13","modified_gmt":"2023-04-18T06:50:13","slug":"pickleball-2-in-1-regulation-size-portable-net","status":"publish","type":"product","link":"https:\/\/fsportsnet.com\/fr\/product\/pickleball-2-in-1-regulation-size-portable-net\/","title":{"rendered":"Filet portable 2 en 1 de taille r\u00e9glementaire pour le Pickleball"},"content":{"rendered":"<p>1. Taille : 3,0 m<br \/>\n2. Filet : Filet sans n\u0153uds en polyester 3 plis de 1,5\u201d.<br \/>\n3. Tube d'acier : \u03c622*0,6mm<br \/>\n4. Sac : tissu oxford 210D avec 1pcs LOGO<br \/>\n5. Emballage : Chaque unit\u00e9 dans un carton K=K, 88.5x21x12cm<br \/>\n6.G.W 4.2kg, N.W 3.3kg<\/p>\n<p>Le filet FSports Half Court Net est le filet d'entra\u00eenement parfait, con\u00e7u pour s'adapter \u00e0 des espaces plus restreints, tout en vous donnant tous les outils n\u00e9cessaires pour apprendre le sport pour la premi\u00e8re fois ou pour perfectionner des comp\u00e9tences d\u00e9j\u00e0 ma\u00eetris\u00e9es. L'ensemble comprend (1) filet de 10 pieds de large (10 pieds x 3 pieds) fabriqu\u00e9 avec des poteaux en acier robustes. C'est l'ensemble parfait pour d\u00e9buter dans le sport, il peut \u00eatre facilement emball\u00e9 et transport\u00e9 et est facile \u00e0 assembler ! Multi-usage pour une partie rapide de pickleball ou de mini tennis !<br \/>\nLa taille du demi-terrain (10 pieds de large) est parfaite pour l'entra\u00eenement et la pratique du pickleball. Cet ensemble s'assemble rapidement et peut \u00eatre facilement transport\u00e9 partout o\u00f9 le sport du pickleball vous emm\u00e8ne !<br \/>\nLes poteaux en acier robustes assurent la stabilit\u00e9 du filet. La taille compl\u00e8te assembl\u00e9e est de 10 pieds de large par 3 pieds de haut.<br \/>\nMULTI - SPORT - utilisez-le pour perfectionner votre jeu de pickleball ou m\u00eame un mini match de tennis !<br \/>\nFacile \u00e0 monter, facile \u00e0 transporter !<br \/>\nPARFAIT pour les c\u00e9libataires maigres !<\/p>","protected":false},"excerpt":{"rendered":"<p>\u3010Just Enjoy the Upcoming Summer Day\u3011 : Vous avez h\u00e2te de stimuler vos cellules motrices endormies avec votre sport de pickleball pr\u00e9f\u00e9r\u00e9 apr\u00e8s une longue journ\u00e9e d'hiver ou de neige ? Il suffit de ranger ce filet de pickleball dans le sac de transport spacieux inclus. Commencez votre partie n'importe o\u00f9 : dans l'all\u00e9e, sur le terrain de basket, sur le terrain de tennis, dans l'impasse, dans l'arri\u00e8re-cour, sur le terrain int\u00e9rieur ou dans la rue. C'est un sport merveilleux et int\u00e9ressant pour tout le monde.<\/p>","protected":false},"featured_media":1120,"template":"","meta":{"_gspb_post_css":""},"product_brand":[],"product_cat":[27],"product_tag":[],"class_list":{"0":"post-1136","1":"product","2":"type-product","3":"status-publish","4":"has-post-thumbnail","6":"product_cat-pickleball-net","8":"first","9":"instock","10":"shipping-taxable","11":"product-type-simple"},"_links":{"self":[{"href":"https:\/\/fsportsnet.com\/fr\/wp-json\/wp\/v2\/product\/1136","targetHints":{"allow":["GET"]}}],"collection":[{"href":"https:\/\/fsportsnet.com\/fr\/wp-json\/wp\/v2\/product"}],"about":[{"href":"https:\/\/fsportsnet.com\/fr\/wp-json\/wp\/v2\/types\/product"}],"wp:featuredmedia":[{"embeddable":true,"href":"https:\/\/fsportsnet.com\/fr\/wp-json\/wp\/v2\/media\/1120"}],"wp:attachment":[{"href":"https:\/\/fsportsnet.com\/fr\/wp-json\/wp\/v2\/media?parent=1136"}],"wp:term":[{"taxonomy":"product_brand","embeddable":true,"href":"https:\/\/fsportsnet.com\/fr\/wp-json\/wp\/v2\/product_brand?post=1136"},{"taxonomy":"product_cat","embeddable":true,"href":"https:\/\/fsportsnet.com\/fr\/wp-json\/wp\/v2\/product_cat?post=1136"},{"taxonomy":"product_tag","embeddable":true,"href":"https:\/\/fsportsnet.com\/fr\/wp-json\/wp\/v2\/product_tag?post=1136"}],"curies":[{"name":"wp","href":"https:\/\/api.w.org\/{rel}","templated":true}]}}