{"id":1149,"date":"2023-04-18T14:52:46","date_gmt":"2023-04-18T06:52:46","guid":{"rendered":"https:\/\/fsportsnet.com\/?post_type=product&#038;p=1149"},"modified":"2023-04-18T15:26:34","modified_gmt":"2023-04-18T07:26:34","slug":"mini-portable-picklbeall-net-tennis-net-for-driveway-kids-soccer-tennis-net","status":"publish","type":"product","link":"https:\/\/fsportsnet.com\/fr\/product\/mini-portable-picklbeall-net-tennis-net-for-driveway-kids-soccer-tennis-net\/","title":{"rendered":"Filet de pique-nique portable USAPA Regulation Size"},"content":{"rendered":"<p>1. Taille : 22\u2032 x 36\u201d, hauteur du centre 34\u201d.\u201d<br \/>\n2. Filet : Maille non nou\u00e9e en polyester 5 plis de 1,75\u201d.<br \/>\n3. Tube rond en acier : Tube m\u00e9tallique de 1\u201d de diam\u00e8tre et de 1,0 mm d'\u00e9paisseur<br \/>\n4. Tube d'acier carr\u00e9 : 1\u00d72\u201d dia, 1,0 m d'\u00e9paisseur<br \/>\n5. Poteau : \u03a612.7mm fibre de verre noire solide<br \/>\n6. Manche : 600D<br \/>\n7. Sac : tissu oxford 600D et PVC<br \/>\n8. Emballage : Chacun dans un carton K=K, 94x24x14cm<\/p>\n<ul class=\"a-unordered-list a-vertical a-spacing-mini\">\n<li><span class=\"a-list-item\">Taille r\u00e9glementaire USAPA\uff1a Le filet de pickleball mesure 22 pieds de large. La hauteur des c\u00f4t\u00e9s est de 36 pouces et celle du centre de 34 pouces, ce qui est conforme \u00e0 la r\u00e9glementation officielle en mati\u00e8re de taille du filet de pickleball.<\/span><\/li>\n<li><span class=\"a-list-item\">Facile \u00e0 assembler\uff1a Le filet de pickleball est facile \u00e0 monter en 5 minutes, aucun outil d'assemblage n'est n\u00e9cessaire. Il suffit d'embo\u00eeter les pi\u00e8ces gr\u00e2ce au syst\u00e8me d'embo\u00eetement pour assembler un filet de jeu de pickleball super solide.<\/span><\/li>\n<li><span class=\"a-list-item\">Sac de transport portable : Nos filets de pickleball sont livr\u00e9s avec un sac de transport robuste en tissu Oxford 600D \u00e0 fermeture \u00e9clair pour un transport pratique et peu encombrant. Dimensions du sac de transport : 37,4 x 5,5 x 6,7 pouces.<\/span><\/li>\n<li><span class=\"a-list-item\">Mat\u00e9riau durable : Notre cadre de support est fabriqu\u00e9 en acier pour plus de solidit\u00e9, de robustesse et de durabilit\u00e9.\u00a0<\/span><\/li>\n<\/ul>","protected":false},"excerpt":{"rendered":"<p>Le nouveau filet de pickleball de FSports est le filet d'entra\u00eenement parfait con\u00e7u pour s'adapter \u00e0 l'ext\u00e9rieur, \u00e0 l'int\u00e9rieur et \u00e0 l'ext\u00e9rieur. Appr\u00e9ciez le pickleball avec ce syst\u00e8me de filet portable l\u00e9ger, parfait pour l'entra\u00eenement\/le jeu dans une all\u00e9e, un cul-de-sac, un sous-sol, un garage, etc.<\/p>","protected":false},"featured_media":1130,"template":"","meta":{"_gspb_post_css":""},"product_brand":[],"product_cat":[27],"product_tag":[],"class_list":{"0":"post-1149","1":"product","2":"type-product","3":"status-publish","4":"has-post-thumbnail","6":"product_cat-pickleball-net","8":"first","9":"instock","10":"shipping-taxable","11":"product-type-simple"},"_links":{"self":[{"href":"https:\/\/fsportsnet.com\/fr\/wp-json\/wp\/v2\/product\/1149","targetHints":{"allow":["GET"]}}],"collection":[{"href":"https:\/\/fsportsnet.com\/fr\/wp-json\/wp\/v2\/product"}],"about":[{"href":"https:\/\/fsportsnet.com\/fr\/wp-json\/wp\/v2\/types\/product"}],"wp:featuredmedia":[{"embeddable":true,"href":"https:\/\/fsportsnet.com\/fr\/wp-json\/wp\/v2\/media\/1130"}],"wp:attachment":[{"href":"https:\/\/fsportsnet.com\/fr\/wp-json\/wp\/v2\/media?parent=1149"}],"wp:term":[{"taxonomy":"product_brand","embeddable":true,"href":"https:\/\/fsportsnet.com\/fr\/wp-json\/wp\/v2\/product_brand?post=1149"},{"taxonomy":"product_cat","embeddable":true,"href":"https:\/\/fsportsnet.com\/fr\/wp-json\/wp\/v2\/product_cat?post=1149"},{"taxonomy":"product_tag","embeddable":true,"href":"https:\/\/fsportsnet.com\/fr\/wp-json\/wp\/v2\/product_tag?post=1149"}],"curies":[{"name":"wp","href":"https:\/\/api.w.org\/{rel}","templated":true}]}}