{"id":1151,"date":"2023-04-18T15:26:44","date_gmt":"2023-04-18T07:26:44","guid":{"rendered":"https:\/\/fsportsnet.com\/?post_type=product&#038;p=1151"},"modified":"2023-04-18T15:37:20","modified_gmt":"2023-04-18T07:37:20","slug":"picklenet-mini-portable-10-feet-long-pickleball-net","status":"publish","type":"product","link":"https:\/\/fsportsnet.com\/fr\/product\/picklenet-mini-portable-10-feet-long-pickleball-net\/","title":{"rendered":"Picklenet Filet de Pickleball Mini Portable 10-Feet Long"},"content":{"rendered":"<p>1. Taille : 3,0 m<br \/>\n2. Filet : Filet sans n\u0153uds en polyester 3 plis de 1,5\u201d.<br \/>\n3. Tube d'acier : \u03c622*0,6mm<br \/>\n4. Sac : tissu oxford 210D avec 1pcs LOGO<br \/>\n5. Emballage : Chaque unit\u00e9 dans un carton K=K, 88.5x21x12cm<br \/>\n6.G.W 4.2kg, N.W 3.3kg<\/p>\n<p>VERSION MINI : Notre PickleNet Mini est une version plus petite de notre syst\u00e8me PickleNet populaire et est \u00e0 la hauteur r\u00e9glementaire du pickleball \u00e0 34\u201d au centre du filet.<br \/>\nDIMENSIONS : Mesurant 10 pieds de long, c'est un syst\u00e8me de filet pratique pour une utilisation sur le terrain ou tout autre espace plus petit que la normale.<br \/>\nCON\u00c7U POUR DURER : Le PickleNet Mini est \u00e9galement fabriqu\u00e9 avec notre tube ovale brevet\u00e9 de haute qualit\u00e9.<br \/>\nUTILISEZ N'IMPORTE O\u00d9 : Appr\u00e9ciez le pickleball avec ce syst\u00e8me de filet l\u00e9ger et portable, parfait pour s'entra\u00eener ou jouer dans une all\u00e9e, un cul-de-sac, un sous-sol, un garage, etc.<\/p>","protected":false},"excerpt":{"rendered":"<p>Le nouveau filet de pickleball de FSports est le filet d'entra\u00eenement parfait con\u00e7u pour s'adapter \u00e0 l'ext\u00e9rieur, \u00e0 l'int\u00e9rieur et \u00e0 l'ext\u00e9rieur. Appr\u00e9ciez le pickleball avec ce syst\u00e8me de filet portable l\u00e9ger, parfait pour l'entra\u00eenement\/le jeu dans une all\u00e9e, un cul-de-sac, un sous-sol, un garage, etc.<\/p>","protected":false},"featured_media":1152,"template":"","meta":{"_gspb_post_css":""},"product_brand":[],"product_cat":[27],"product_tag":[],"class_list":{"0":"post-1151","1":"product","2":"type-product","3":"status-publish","4":"has-post-thumbnail","6":"product_cat-pickleball-net","8":"first","9":"instock","10":"shipping-taxable","11":"product-type-simple"},"_links":{"self":[{"href":"https:\/\/fsportsnet.com\/fr\/wp-json\/wp\/v2\/product\/1151","targetHints":{"allow":["GET"]}}],"collection":[{"href":"https:\/\/fsportsnet.com\/fr\/wp-json\/wp\/v2\/product"}],"about":[{"href":"https:\/\/fsportsnet.com\/fr\/wp-json\/wp\/v2\/types\/product"}],"wp:featuredmedia":[{"embeddable":true,"href":"https:\/\/fsportsnet.com\/fr\/wp-json\/wp\/v2\/media\/1152"}],"wp:attachment":[{"href":"https:\/\/fsportsnet.com\/fr\/wp-json\/wp\/v2\/media?parent=1151"}],"wp:term":[{"taxonomy":"product_brand","embeddable":true,"href":"https:\/\/fsportsnet.com\/fr\/wp-json\/wp\/v2\/product_brand?post=1151"},{"taxonomy":"product_cat","embeddable":true,"href":"https:\/\/fsportsnet.com\/fr\/wp-json\/wp\/v2\/product_cat?post=1151"},{"taxonomy":"product_tag","embeddable":true,"href":"https:\/\/fsportsnet.com\/fr\/wp-json\/wp\/v2\/product_tag?post=1151"}],"curies":[{"name":"wp","href":"https:\/\/api.w.org\/{rel}","templated":true}]}}