{"id":1153,"date":"2023-04-18T15:37:32","date_gmt":"2023-04-18T07:37:32","guid":{"rendered":"https:\/\/fsportsnet.com\/?post_type=product&#038;p=1153"},"modified":"2023-04-18T15:45:51","modified_gmt":"2023-04-18T07:45:51","slug":"portable-pickle-ball-net-and-practice-net-set-includes-carrying-case","status":"publish","type":"product","link":"https:\/\/fsportsnet.com\/fr\/product\/portable-pickle-ball-net-and-practice-net-set-includes-carrying-case\/","title":{"rendered":"Filet de Pickle Ball portatif et filet d'entra\u00eenement avec mallette de transport"},"content":{"rendered":"<p>1Dimensions : 10ft, 12ft<br \/>\nVERSION MINI : Notre PickleNet Mini est une version plus petite de notre syst\u00e8me PickleNet populaire et est \u00e0 la hauteur r\u00e9glementaire du pickleball \u00e0 34\u201d au centre du filet.<br \/>\nDIMENSIONS : Mesurant 10 pieds de long, c'est un syst\u00e8me de filet pratique pour une utilisation sur le terrain ou tout autre espace plus petit que la normale.<br \/>\nCON\u00c7U POUR DURER : Le PickleNet Mini est \u00e9galement fabriqu\u00e9 avec notre tube ovale brevet\u00e9 de haute qualit\u00e9.<br \/>\nUTILISEZ N'IMPORTE O\u00d9 : Appr\u00e9ciez le pickleball avec ce syst\u00e8me de filet l\u00e9ger et portable, parfait pour s'entra\u00eener ou jouer dans une all\u00e9e, un cul-de-sac, un sous-sol, un garage, etc.<\/p>","protected":false},"excerpt":{"rendered":"<p>Fsports est votre centre d'entra\u00eenement pour le pickleball et le tennis \u00e0 la maison ! C'est le moment de faire de l'exercice et d'am\u00e9liorer vos comp\u00e9tences... tout cela sans sortir de chez vous ! Que votre objectif soit de devenir un joueur de classe mondiale, d'entretenir votre hobby ou de trouver un nouveau jeu \u00e0 essayer, vous avez trouv\u00e9 le bon endroit !<\/p>","protected":false},"featured_media":1147,"template":"","meta":{"_gspb_post_css":""},"product_brand":[],"product_cat":[27],"product_tag":[],"class_list":{"0":"post-1153","1":"product","2":"type-product","3":"status-publish","4":"has-post-thumbnail","6":"product_cat-pickleball-net","8":"first","9":"instock","10":"shipping-taxable","11":"product-type-simple"},"_links":{"self":[{"href":"https:\/\/fsportsnet.com\/fr\/wp-json\/wp\/v2\/product\/1153","targetHints":{"allow":["GET"]}}],"collection":[{"href":"https:\/\/fsportsnet.com\/fr\/wp-json\/wp\/v2\/product"}],"about":[{"href":"https:\/\/fsportsnet.com\/fr\/wp-json\/wp\/v2\/types\/product"}],"wp:featuredmedia":[{"embeddable":true,"href":"https:\/\/fsportsnet.com\/fr\/wp-json\/wp\/v2\/media\/1147"}],"wp:attachment":[{"href":"https:\/\/fsportsnet.com\/fr\/wp-json\/wp\/v2\/media?parent=1153"}],"wp:term":[{"taxonomy":"product_brand","embeddable":true,"href":"https:\/\/fsportsnet.com\/fr\/wp-json\/wp\/v2\/product_brand?post=1153"},{"taxonomy":"product_cat","embeddable":true,"href":"https:\/\/fsportsnet.com\/fr\/wp-json\/wp\/v2\/product_cat?post=1153"},{"taxonomy":"product_tag","embeddable":true,"href":"https:\/\/fsportsnet.com\/fr\/wp-json\/wp\/v2\/product_tag?post=1153"}],"curies":[{"name":"wp","href":"https:\/\/api.w.org\/{rel}","templated":true}]}}