{"id":1154,"date":"2023-04-18T15:53:16","date_gmt":"2023-04-18T07:53:16","guid":{"rendered":"https:\/\/fsportsnet.com\/?post_type=product&#038;p=1154"},"modified":"2023-04-18T15:53:16","modified_gmt":"2023-04-18T07:53:16","slug":"4-square-volleyball-badminton-combo-and-pickleball-multiple-styles-available","status":"publish","type":"product","link":"https:\/\/fsportsnet.com\/fr\/product\/4-square-volleyball-badminton-combo-and-pickleball-multiple-styles-available\/","title":{"rendered":"4 Square Volleyball\/Badminton Combo et Pickleball Plusieurs styles disponibles"},"content":{"rendered":"<p>PREMIER COMBO A QUATRE JOUEURS - Faites passer ces jeux classiques au niveau sup\u00e9rieur en organisant des matchs ultimes de 4 carr\u00e9s. L'ensemble complet comprend un filet 4 Square de 20\u2019 x 20\u2019, tous les poteaux, un ballon de volley-ball, une pompe \u00e0 air, quatre raquettes de badminton en acier, trois volants, des limites, des piquets et une mallette de transport.<br \/>\nJEU UNIQUE - Ce filet de 20\u2019 x 20\u2019 4 Square s'\u00e9l\u00e8ve \u00e0 la hauteur r\u00e9glementaire du filet de volley-ball (7\u2019-4\u201d) et s'abaisse \u00e0 la hauteur r\u00e9glementaire du filet de badminton (5\u2019-1\u201d). Passez rapidement d'un jeu \u00e0 l'autre gr\u00e2ce aux connecteurs \u00e0 ressort qui permettent d'ajuster rapidement les poteaux. Assemblage complet et r\u00e8gles du jeu incluses.<br \/>\nMONTAGE ET D\u00c9MONTAGE CONFORTABLES - Le montage et le d\u00e9montage ne prennent que quelques minutes gr\u00e2ce aux clips \u00e0 ressort et aux bandes Velcro faciles \u00e0 connecter. Aucun outil n'est n\u00e9cessaire ! Passez moins de temps \u00e0 l'installation et plus de temps \u00e0 jouer sur votre plage de sable pr\u00e9f\u00e9r\u00e9e, dans votre jardin ou sur n'importe quelle surface souple.<br \/>\nAMUSANT POUR TOUS - Parfait pour la plage, le lac, le parc et l'arri\u00e8re-cour en toute occasion. Cet ensemble complet contient tout ce dont vous avez besoin pour vous amuser pendant des heures avec votre famille et vos amis lors de votre prochaine f\u00eate.<br \/>\nFAITES LE CADEAU DU JEU D'EXT\u00c9RIEUR - Faites sortir votre famille et bougez avec ce jeu tr\u00e8s actif qui procure du plaisir, de l'exercice et de l'excitation \u00e0 toute la famille.<\/p>\n<p>1. Taille : 20x20ft<br \/>\n2. Tube en acier : \u03a622\u00d71.0mm<br \/>\n3. Poteau : \u03a612.7mm fibre de verre<br \/>\n4. Filet : Filet sans n\u0153uds en polyester 3ply 1,5\u201d.<br \/>\n5. Manche : tissu oxford 420D<br \/>\n6 Sac : tissu oxford 600D<br \/>\n7. Emballage : Chacun dans un carton K=K, 89x22x14cm<br \/>\n8. NW 10,5kg, GW 11,5kg<\/p>","protected":false},"excerpt":{"rendered":"<p>Parfait pour la plage, le lac, le parc et l'arri\u00e8re-cour pour toute occasion. Cet ensemble complet contient tout ce dont vous avez besoin pour vous amuser pendant des heures avec votre famille et vos amis lors de votre prochaine f\u00eate.4 Square Volleyball\/Badminton Combo and Pickleball Multiple Styles Available<\/p>","protected":false},"featured_media":1157,"template":"","meta":{"_gspb_post_css":""},"product_brand":[],"product_cat":[27],"product_tag":[],"class_list":{"0":"post-1154","1":"product","2":"type-product","3":"status-publish","4":"has-post-thumbnail","6":"product_cat-pickleball-net","8":"first","9":"instock","10":"shipping-taxable","11":"product-type-simple"},"_links":{"self":[{"href":"https:\/\/fsportsnet.com\/fr\/wp-json\/wp\/v2\/product\/1154","targetHints":{"allow":["GET"]}}],"collection":[{"href":"https:\/\/fsportsnet.com\/fr\/wp-json\/wp\/v2\/product"}],"about":[{"href":"https:\/\/fsportsnet.com\/fr\/wp-json\/wp\/v2\/types\/product"}],"wp:featuredmedia":[{"embeddable":true,"href":"https:\/\/fsportsnet.com\/fr\/wp-json\/wp\/v2\/media\/1157"}],"wp:attachment":[{"href":"https:\/\/fsportsnet.com\/fr\/wp-json\/wp\/v2\/media?parent=1154"}],"wp:term":[{"taxonomy":"product_brand","embeddable":true,"href":"https:\/\/fsportsnet.com\/fr\/wp-json\/wp\/v2\/product_brand?post=1154"},{"taxonomy":"product_cat","embeddable":true,"href":"https:\/\/fsportsnet.com\/fr\/wp-json\/wp\/v2\/product_cat?post=1154"},{"taxonomy":"product_tag","embeddable":true,"href":"https:\/\/fsportsnet.com\/fr\/wp-json\/wp\/v2\/product_tag?post=1154"}],"curies":[{"name":"wp","href":"https:\/\/api.w.org\/{rel}","templated":true}]}}