{"id":1164,"date":"2023-04-19T14:44:20","date_gmt":"2023-04-19T06:44:20","guid":{"rendered":"https:\/\/fsportsnet.com\/?post_type=product&#038;p=1164"},"modified":"2023-04-19T14:44:20","modified_gmt":"2023-04-19T06:44:20","slug":"portable-professional-outdoor-volleyball-net-set-with-adjustable-height-poles","status":"publish","type":"product","link":"https:\/\/fsportsnet.com\/fr\/product\/portable-professional-outdoor-volleyball-net-set-with-adjustable-height-poles\/","title":{"rendered":"Filet de volley-ball professionnel portable pour l'ext\u00e9rieur avec poteaux r\u00e9glables en hauteur"},"content":{"rendered":"<p>1. filet : 9,75 x 0,91m (32\u2032 x 3\u201d) Filet PE, maille 10x10cm<br \/>\n2. tube d'acier : \u03c632\u00d70.8mm<br \/>\n3.Manche : tissu oxford 420D<br \/>\n4. sac : tissu oxford 600D<br \/>\n5. accessoires : Piquets, pompe \u00e0 balles avec aiguille, lignes de d\u00e9marcation, volley-ball<br \/>\n6. Emballage : Chaque pi\u00e8ce est emball\u00e9e dans un carton de 5 couches.<br \/>\n7..Taille du carton : 91 x 26 x 22,5 cm<\/p>\n<p>Hauteur r\u00e9glable : Ce filet est soutenu par des poteaux t\u00e9lescopiques de 1,75 pouce de diam\u00e8tre, fabriqu\u00e9s en aluminium avec rev\u00eatement en poudre, plus r\u00e9sistants \u00e0 l'\u00e9caillage, aux rayures et \u00e0 la d\u00e9coloration. Le syst\u00e8me de verrouillage \u00e0 bouton-poussoir permet de choisir facilement la hauteur. Trois options de hauteur : hommes (8\u2032), femmes (7\u20194\u201d), et mixtes (7\u20198\u201d).<br \/>\nFilet tr\u00e8s visible (32\u2019L x 3\u2019H) : Ce filet de volley-ball est fabriqu\u00e9 en polyester 32 couches, solide et r\u00e9sistant aux d\u00e9chirures pour tous les niveaux de jeu. Il poss\u00e8de des manches lat\u00e9rales de 5\u2033 et une bande de filet sup\u00e9rieure et inf\u00e9rieure de 3\u2033 avec double couture et coins renforc\u00e9s pour une tension uniforme du filet et une durabilit\u00e9 accrue.<br \/>\nSyst\u00e8me de treuil unique : Le syst\u00e8me de treuil en acier galvanis\u00e9 tr\u00e8s r\u00e9sistant est con\u00e7u pour offrir des r\u00e9glages plus pr\u00e9cis du filet, ce qui permet de maintenir le filet tendu et de minimiser l'affaissement au milieu.<br \/>\nVolley-ball en PU et ligne de d\u00e9marcation en sangle : ce kit comprend \u00e9galement un volley-ball doux au toucher avec un fil enroul\u00e9 \u00e0 l'int\u00e9rieur et une ligne de d\u00e9marcation en PE tr\u00e8s visible. Elle est jaune vif et peut \u00eatre solidement fix\u00e9e au sol \u00e0 l'aide des ancres d'angle. Vous pouvez facilement d\u00e9limiter votre terrain de volley-ball dans votre jardin, sur la plage ou dans un parc.<br \/>\nEnsemble complet : L'ensemble comprend un sac de transport r\u00e9sistant aux intemp\u00e9ries pour le filet de volley-ball de taille r\u00e9glementaire, le syst\u00e8me de treuil, les poteaux, le ballon de volley-ball en PU, les cordes de guidage et la ligne de d\u00e9marcation, afin que vous puissiez l'emporter partout o\u00f9 vous le souhaitez. Pour prolonger la dur\u00e9e de vie de votre set, veillez \u00e0 le ranger dans le sac inclus apr\u00e8s utilisation.<\/p>","protected":false},"excerpt":{"rendered":"<ul class=\"a-unordered-list a-vertical a-spacing-mini\">\n<li><span class=\"a-list-item\">Ensemble complet de volley-ball et de badminton pour l'ext\u00e9rieur<\/span><\/li>\n<li><span class=\"a-list-item\">Comprend le filet, les poteaux, les raquettes, les birdies ou les volants et la balle.<\/span><\/li>\n<li><span class=\"a-list-item\">L'\u00e9tui de transport durable vous permet d'emporter l'ensemble n'importe o\u00f9.<\/span><\/li>\n<li><span class=\"a-list-item\">Poteaux robustes recouverts de poudre et filet en PE de premi\u00e8re qualit\u00e9<\/span><\/li>\n<li><span class=\"a-list-item\">Id\u00e9al pour les voyages en camping, les jeux de plage, les f\u00eates dans l'arri\u00e8re-cour et bien plus encore.<\/span><\/li>\n<\/ul>","protected":false},"featured_media":1190,"template":"","meta":{"_gspb_post_css":""},"product_brand":[],"product_cat":[31],"product_tag":[],"class_list":{"0":"post-1164","1":"product","2":"type-product","3":"status-publish","4":"has-post-thumbnail","6":"product_cat-volleyball-net","8":"first","9":"instock","10":"shipping-taxable","11":"product-type-simple"},"_links":{"self":[{"href":"https:\/\/fsportsnet.com\/fr\/wp-json\/wp\/v2\/product\/1164","targetHints":{"allow":["GET"]}}],"collection":[{"href":"https:\/\/fsportsnet.com\/fr\/wp-json\/wp\/v2\/product"}],"about":[{"href":"https:\/\/fsportsnet.com\/fr\/wp-json\/wp\/v2\/types\/product"}],"wp:featuredmedia":[{"embeddable":true,"href":"https:\/\/fsportsnet.com\/fr\/wp-json\/wp\/v2\/media\/1190"}],"wp:attachment":[{"href":"https:\/\/fsportsnet.com\/fr\/wp-json\/wp\/v2\/media?parent=1164"}],"wp:term":[{"taxonomy":"product_brand","embeddable":true,"href":"https:\/\/fsportsnet.com\/fr\/wp-json\/wp\/v2\/product_brand?post=1164"},{"taxonomy":"product_cat","embeddable":true,"href":"https:\/\/fsportsnet.com\/fr\/wp-json\/wp\/v2\/product_cat?post=1164"},{"taxonomy":"product_tag","embeddable":true,"href":"https:\/\/fsportsnet.com\/fr\/wp-json\/wp\/v2\/product_tag?post=1164"}],"curies":[{"name":"wp","href":"https:\/\/api.w.org\/{rel}","templated":true}]}}