{"id":1191,"date":"2023-04-19T14:44:37","date_gmt":"2023-04-19T06:44:37","guid":{"rendered":"https:\/\/fsportsnet.com\/?post_type=product&#038;p=1191"},"modified":"2023-04-19T15:11:05","modified_gmt":"2023-04-19T07:11:05","slug":"outdoor-volleyball-net-set-training-equipment","status":"publish","type":"product","link":"https:\/\/fsportsnet.com\/fr\/product\/outdoor-volleyball-net-set-training-equipment\/","title":{"rendered":"Filet de volley-ball d'ext\u00e9rieur Equipement d'entra\u00eenement"},"content":{"rendered":"<p>1. Taille : 3,81 m<br \/>\n2. Filet : Filet sans n\u0153uds en polyester 8 plis 4\u201d avec tissu 420D<br \/>\n3. Poteau : \u03a614mm fibre de verre noire solide<br \/>\n4. Tube d'acier : \u03c625.4*1.0mm<br \/>\n5. Sac : tissu oxford 600D<br \/>\n6. Poids net : 6 kg, poids brut : 6,57 kg<\/p>\n<ul>\n<li class=\"p1\">Que vous soyez un entra\u00eeneur qui a besoin d'un espace d'entra\u00eenement suppl\u00e9mentaire ou un joueur d\u00e9vou\u00e9 qui cherche \u00e0 travailler son jeu, le filet d'\u00e9chauffement de Fsports est le filet l\u00e9ger et durable parfait pour le court ou l'arri\u00e8re-cour.<\/li>\n<li class=\"p1\">G\u00e9rer et am\u00e9liorer l'espace partag\u00e9 pendant les exercices d'entra\u00eenement de l'\u00e9quipe avec plusieurs zones d'\u00e9chauffement.<\/li>\n<li class=\"p1\">Id\u00e9al pour s'entra\u00eener au service ou faire des exercices avec un co\u00e9quipier.<\/li>\n<li class=\"p1\">Les pieds en caoutchouc non marquant \u00e9vitent d'endommager les sols et assurent la stabilit\u00e9 et la traction \u00e0 l'int\u00e9rieur et \u00e0 l'ext\u00e9rieur.<\/li>\n<li class=\"p1\">Aucun outil n'est n\u00e9cessaire. S'installe en quelques secondes.&nbsp;<\/li>\n<\/ul>","protected":false},"excerpt":{"rendered":"<ul class=\"a-unordered-list a-vertical a-spacing-mini\">\n<li>Le filet d'entra\u00eenement de volley-ball est une solution pratique et de haute qualit\u00e9 pour les joueurs et les entra\u00eeneurs qui veulent travailler leur jeu. Ce petit filet de volley-ball est de hauteur r\u00e9glementaire mais beaucoup plus \u00e9troit qu'un filet de jeu. Il est donc id\u00e9al pour installer des postes d'exercices \u00e0 l'entra\u00eenement ou pour faire des exercices d'\u00e9chauffement avant un match. Vous pouvez \u00e9galement l'installer dans votre jardin pour vous entra\u00eener au service et \u00e0 la vol\u00e9e. Sa taille permet de le transporter facilement sur la route pour les tournois et pour trouver le gymnase le plus proche.\n<p>Notre filet de volley-ball portable permet de rester debout m\u00eame en cas de choc violent. La hauteur peut \u00eatre chang\u00e9e entre la hauteur de volley-ball d'int\u00e9rieur pour hommes et pour femmes, ce qui est id\u00e9al pour les \u00e9coles et les organisations qui ont un budget limit\u00e9. Les pieds en caoutchouc non marquant ajoutent de la stabilit\u00e9 sur n'importe quelle surface, ce qui signifie que vous pouvez utiliser votre filet d'entra\u00eenement \u00e0 l'int\u00e9rieur ou \u00e0 l'ext\u00e9rieur. Ce filet d'\u00e9chauffement r\u00e9glable pour le volley-ball s'installe en 75 secondes seulement et est livr\u00e9 avec un sac de transport qui vous permettra de l'emporter partout o\u00f9 se d\u00e9roulera votre prochain entra\u00eenement.<\/li>\n<\/ul>","protected":false},"featured_media":1186,"template":"","meta":{"_gspb_post_css":""},"product_brand":[],"product_cat":[31],"product_tag":[],"class_list":{"0":"post-1191","1":"product","2":"type-product","3":"status-publish","4":"has-post-thumbnail","6":"product_cat-volleyball-net","8":"first","9":"instock","10":"shipping-taxable","11":"product-type-simple"},"_links":{"self":[{"href":"https:\/\/fsportsnet.com\/fr\/wp-json\/wp\/v2\/product\/1191","targetHints":{"allow":["GET"]}}],"collection":[{"href":"https:\/\/fsportsnet.com\/fr\/wp-json\/wp\/v2\/product"}],"about":[{"href":"https:\/\/fsportsnet.com\/fr\/wp-json\/wp\/v2\/types\/product"}],"wp:featuredmedia":[{"embeddable":true,"href":"https:\/\/fsportsnet.com\/fr\/wp-json\/wp\/v2\/media\/1186"}],"wp:attachment":[{"href":"https:\/\/fsportsnet.com\/fr\/wp-json\/wp\/v2\/media?parent=1191"}],"wp:term":[{"taxonomy":"product_brand","embeddable":true,"href":"https:\/\/fsportsnet.com\/fr\/wp-json\/wp\/v2\/product_brand?post=1191"},{"taxonomy":"product_cat","embeddable":true,"href":"https:\/\/fsportsnet.com\/fr\/wp-json\/wp\/v2\/product_cat?post=1191"},{"taxonomy":"product_tag","embeddable":true,"href":"https:\/\/fsportsnet.com\/fr\/wp-json\/wp\/v2\/product_tag?post=1191"}],"curies":[{"name":"wp","href":"https:\/\/api.w.org\/{rel}","templated":true}]}}