{"id":1192,"date":"2023-04-19T15:11:33","date_gmt":"2023-04-19T07:11:33","guid":{"rendered":"https:\/\/fsportsnet.com\/?post_type=product&#038;p=1192"},"modified":"2023-04-19T15:28:31","modified_gmt":"2023-04-19T07:28:31","slug":"volleyball-warm-up-net","status":"publish","type":"product","link":"https:\/\/fsportsnet.com\/fr\/product\/volleyball-warm-up-net\/","title":{"rendered":"FILET D'\u00c9CHAUFFEMENT POUR LE VOLLEY-BALL"},"content":{"rendered":"<ul>\n<li>Que vous soyez un entra\u00eeneur qui a besoin d'un espace d'entra\u00eenement suppl\u00e9mentaire ou un joueur d\u00e9vou\u00e9 qui cherche \u00e0 travailler son jeu, le filet d'\u00e9chauffement de Fsports est le filet l\u00e9ger et durable parfait pour le court ou l'arri\u00e8re-cour.<\/li>\n<li class=\"p1\">G\u00e9rer et am\u00e9liorer l'espace partag\u00e9 pendant les exercices d'entra\u00eenement de l'\u00e9quipe avec plusieurs zones d'\u00e9chauffement.<\/li>\n<li class=\"p1\">Id\u00e9al pour s'entra\u00eener au service ou faire des exercices avec un co\u00e9quipier.<\/li>\n<li class=\"p1\">Les pieds en caoutchouc non marquant \u00e9vitent d'endommager les sols et assurent la stabilit\u00e9 et la traction \u00e0 l'int\u00e9rieur et \u00e0 l'ext\u00e9rieur.<\/li>\n<li class=\"p1\">Aucun outil n'est n\u00e9cessaire. S'installe en quelques secondes.<\/li>\n<\/ul>","protected":false},"excerpt":{"rendered":"<p>Notre filet de volley-ball portable permet de rester debout m\u00eame en cas de choc violent. Les pieds en caoutchouc non marquant ajoutent de la stabilit\u00e9 sur n'importe quelle surface, ce qui signifie que vous pouvez utiliser votre filet d'entra\u00eenement \u00e0 l'int\u00e9rieur ou \u00e0 l'ext\u00e9rieur. Ce filet d'\u00e9chauffement r\u00e9glable pour le volley-ball s'installe en 75 secondes seulement et est livr\u00e9 avec un sac de transport qui vous permettra de l'emporter partout o\u00f9 vous vous entra\u00eenerez.<\/p>","protected":false},"featured_media":1172,"template":"","meta":{"_gspb_post_css":""},"product_brand":[],"product_cat":[31],"product_tag":[],"class_list":{"0":"post-1192","1":"product","2":"type-product","3":"status-publish","4":"has-post-thumbnail","6":"product_cat-volleyball-net","8":"first","9":"instock","10":"shipping-taxable","11":"product-type-simple"},"_links":{"self":[{"href":"https:\/\/fsportsnet.com\/fr\/wp-json\/wp\/v2\/product\/1192","targetHints":{"allow":["GET"]}}],"collection":[{"href":"https:\/\/fsportsnet.com\/fr\/wp-json\/wp\/v2\/product"}],"about":[{"href":"https:\/\/fsportsnet.com\/fr\/wp-json\/wp\/v2\/types\/product"}],"wp:featuredmedia":[{"embeddable":true,"href":"https:\/\/fsportsnet.com\/fr\/wp-json\/wp\/v2\/media\/1172"}],"wp:attachment":[{"href":"https:\/\/fsportsnet.com\/fr\/wp-json\/wp\/v2\/media?parent=1192"}],"wp:term":[{"taxonomy":"product_brand","embeddable":true,"href":"https:\/\/fsportsnet.com\/fr\/wp-json\/wp\/v2\/product_brand?post=1192"},{"taxonomy":"product_cat","embeddable":true,"href":"https:\/\/fsportsnet.com\/fr\/wp-json\/wp\/v2\/product_cat?post=1192"},{"taxonomy":"product_tag","embeddable":true,"href":"https:\/\/fsportsnet.com\/fr\/wp-json\/wp\/v2\/product_tag?post=1192"}],"curies":[{"name":"wp","href":"https:\/\/api.w.org\/{rel}","templated":true}]}}