{"id":1194,"date":"2023-04-19T15:29:10","date_gmt":"2023-04-19T07:29:10","guid":{"rendered":"https:\/\/fsportsnet.com\/?post_type=product&#038;p=1194"},"modified":"2023-04-19T15:40:09","modified_gmt":"2023-04-19T07:40:09","slug":"portable-beach-volleyball-net-recreational-set","status":"publish","type":"product","link":"https:\/\/fsportsnet.com\/fr\/product\/portable-beach-volleyball-net-recreational-set\/","title":{"rendered":"Filet de volley-ball de plage portable pour les loisirs"},"content":{"rendered":"<p><strong>Ce set contient<\/strong><\/p>\n<ul>\n<li>2 poteaux en aluminium (\u00e9quip\u00e9s d'un syst\u00e8me de r\u00e9glage de la hauteur)<\/li>\n<li>Filet de 26\u20193\u2033 de large.<\/li>\n<li>4 tendeurs simples et 4 piquets.<\/li>\n<li>4 tendeurs avec disques \u00e0 fixer dans le sable.<\/li>\n<li>Marqueurs de terrain (26\u20193\u2033 x 52\u20196\u2033) avec 4 piquets. Les lignes de marquage permettent de d\u00e9limiter le terrain.<\/li>\n<li>1 petit sac de rangement pour les accessoires.<\/li>\n<li>1 maillet.<\/li>\n<li>1 sac de transport.<\/li>\n<li>1 instructions de montage.<\/li>\n<\/ul>\n<p><strong>Dimensions et poids<\/strong><\/p>\n<ul>\n<li>Deux poteaux r\u00e9glables en hauteur pour un choix de 3 hauteurs de filet (\u20184\u2033 - 7\u20199\u2033 - 8\u2019).<\/li>\n<li>Les mailles du filet ont une dimension standard de 3,9\u2033 x 3,9\u2033.<\/li>\n<li>Une fois pli\u00e9, le sac de transport mesure 46,1\u2033 x 7,5\u2033 x 4,3\u2033.<\/li>\n<li>Poids : 11 lbs.<\/li>\n<\/ul>\n<p><strong>Mode d'emploi<\/strong><\/p>\n<ul>\n<li>Avant l'utilisation, v\u00e9rifiez que les pi\u00e8ces de l'ensemble sont correctement serr\u00e9es et attach\u00e9es. L'utilisation de ce produit par des enfants doit se faire sous la surveillance constante d'un adulte.<\/li>\n<li>Il est d\u00e9conseill\u00e9 d'utiliser ce jeu par vent tr\u00e8s fort. Remettez votre match de beach-volley \u00e0 plus tard !\n<ul>\n<li>Le montage et le d\u00e9montage de cet ensemble prennent moins de 15 minutes (2 adultes recommand\u00e9s).<\/li>\n<li>Vous disposez de 2 sangles de tension de chaque c\u00f4t\u00e9 du filet pour stabiliser l'ensemble.<\/li>\n<\/ul>\n<\/li>\n<\/ul>","protected":false},"excerpt":{"rendered":"<p>Vous \u00eates \u00e0 la recherche d'un set de Beach Volleyball qui peut \u00eatre rapidement mis en place pour un match de comp\u00e9tition. Notre set de beach volley portable, hauteur r\u00e9glable, installation rapide, jaune, est parfait pour construire votre terrain de beach volley et organiser de belles rencontres sur le sable ! Con\u00e7ue pour les joueurs, par les joueurs, notre gamme de ballons, sets, filets et accessoires est sp\u00e9cialement adapt\u00e9e \u00e0 vos besoins en beach-volley, quel que soit votre niveau. Installation et d\u00e9sinstallation rapides et faciles en moins de 15 minutes ! Le set de volleyball est rang\u00e9 dans un sac muni d'une poign\u00e9e, ce qui vous permet de le transporter plus facilement ! Pour une exp\u00e9rience optimale du beach-volley, nous recommandons un maximum de 10 personnes (5 contre 5).<\/p>","protected":false},"featured_media":1179,"template":"","meta":{"_gspb_post_css":""},"product_brand":[],"product_cat":[31],"product_tag":[],"class_list":{"0":"post-1194","1":"product","2":"type-product","3":"status-publish","4":"has-post-thumbnail","6":"product_cat-volleyball-net","8":"first","9":"instock","10":"shipping-taxable","11":"product-type-simple"},"_links":{"self":[{"href":"https:\/\/fsportsnet.com\/fr\/wp-json\/wp\/v2\/product\/1194","targetHints":{"allow":["GET"]}}],"collection":[{"href":"https:\/\/fsportsnet.com\/fr\/wp-json\/wp\/v2\/product"}],"about":[{"href":"https:\/\/fsportsnet.com\/fr\/wp-json\/wp\/v2\/types\/product"}],"wp:featuredmedia":[{"embeddable":true,"href":"https:\/\/fsportsnet.com\/fr\/wp-json\/wp\/v2\/media\/1179"}],"wp:attachment":[{"href":"https:\/\/fsportsnet.com\/fr\/wp-json\/wp\/v2\/media?parent=1194"}],"wp:term":[{"taxonomy":"product_brand","embeddable":true,"href":"https:\/\/fsportsnet.com\/fr\/wp-json\/wp\/v2\/product_brand?post=1194"},{"taxonomy":"product_cat","embeddable":true,"href":"https:\/\/fsportsnet.com\/fr\/wp-json\/wp\/v2\/product_cat?post=1194"},{"taxonomy":"product_tag","embeddable":true,"href":"https:\/\/fsportsnet.com\/fr\/wp-json\/wp\/v2\/product_tag?post=1194"}],"curies":[{"name":"wp","href":"https:\/\/api.w.org\/{rel}","templated":true}]}}