{"id":1197,"date":"2023-04-19T15:52:12","date_gmt":"2023-04-19T07:52:12","guid":{"rendered":"https:\/\/fsportsnet.com\/?post_type=product&#038;p=1197"},"modified":"2023-04-19T16:10:30","modified_gmt":"2023-04-19T08:10:30","slug":"spike-ball-game-set-outdoor-lawn-beach-tailgating-roundnet-game-for-kids-teens-adults","status":"publish","type":"product","link":"https:\/\/fsportsnet.com\/fr\/product\/spike-ball-game-set-outdoor-lawn-beach-tailgating-roundnet-game-for-kids-teens-adults\/","title":{"rendered":"Jeu de balle \u00e0 picots Jeu de filet rond pour enfants, adolescents et adultes"},"content":{"rendered":"<p><strong>Dimensions et poids<\/strong><\/p>\n<ul>\n<li>Set de volley-ball de plage<br \/>\n1. Taille : 36\u201d<br \/>\n2. 2ball 3.54\u201d Mat\u00e9riau PVC<br \/>\n3. 1Elasticit\u00e9 nette<br \/>\n4. Taille du cadre : 35.43\u00d77.87\u201d ABS<br \/>\n5. Taille du carton : 56X18X10cm GW1.5kg<br \/>\n6. Emballage\uff1a10 ensembles dans un carton\uff0c58x53x39cm, GW 16.3kg<\/li>\n<li>\n<div id=\"featurebullets_feature_div\" class=\"celwidget\" data-feature-name=\"featurebullets\" data-csa-c-type=\"widget\" data-csa-c-content-id=\"featurebullets\" data-csa-c-slot-id=\"featurebullets_feature_div\" data-csa-c-asin=\"B01M0XJYVO\" data-csa-c-is-in-initial-active-row=\"false\" data-csa-c-id=\"rlkrf7-nkx9ny-d7h2vj-g8sarh\" data-cel-widget=\"featurebullets_feature_div\">\n<div id=\"feature-bullets\" class=\"a-section a-spacing-medium a-spacing-top-small\">\n<ul class=\"a-unordered-list a-vertical a-spacing-mini\">\n<li><span class=\"a-list-item\">ACTION \u00c0 QUATRE JOUEURS - Le Spike Ball est un jeu amusant, actif et comp\u00e9titif (si vous le souhaitez) qui se joue \u00e0 deux contre deux avec des r\u00e8gles semblables \u00e0 celles du volley-ball. Amusez-vous \u00e0 l'ext\u00e9rieur, \u00e0 l'int\u00e9rieur, sur la pelouse, dans la cour, \u00e0 la plage, \u00e0 la salle de sport, lors des f\u00eates, des r\u00e9unions de famille, des vacances, pratiquement n'importe o\u00f9 et pour n'importe quel \u00e9v\u00e9nement.<\/span><\/li>\n<li><span class=\"a-list-item\">33% JANTES ET PIEDS PLUS SOLIDES - Moins susceptibles de se briser \u00e0 la suite d'une chute ou d'un plongeon malencontreux. Surface de jeu plus stable.<\/span><\/li>\n<li><span class=\"a-list-item\">MEILLEURES BALLES - La texture ajout\u00e9e sur les balles Pro permet d'obtenir plus d'effets et de contr\u00f4le sur les frappes.<\/span><\/li>\n<li><span class=\"a-list-item\">EXP\u00c9DI\u00c9 DANS UNE BO\u00ceTE DE MARQUE SPIKE BALL ! Choisissez \u201cExp\u00e9dier dans l'emballage Amazon\u201d \u00e0 la fin de la commande si c'est une surprise !<\/span><\/li>\n<li><span class=\"a-list-item\">POUR TOUS LES \u00c2GES - Le Spike Ball peut \u00eatre modifi\u00e9 de nombreuses fa\u00e7ons pour faire participer toute l'\u00e9quipe. Il y a toujours une fa\u00e7on de jouer.<\/span><\/li>\n<\/ul>\n<\/div>\n<\/div>\n<div id=\"provenanceCertifications_feature_div\" class=\"celwidget\" data-feature-name=\"provenanceCertifications\" data-csa-c-type=\"widget\" data-csa-c-content-id=\"provenanceCertifications\" data-csa-c-slot-id=\"provenanceCertifications_feature_div\" data-csa-c-asin=\"B01M0XJYVO\" data-csa-c-is-in-initial-active-row=\"false\" data-csa-c-id=\"hz44ly-5iges3-ngvab4-ye1uuw\" data-cel-widget=\"provenanceCertifications_feature_div\">\n<div id=\"provenance-certifications\" class=\"a-section a-spacing-medium a-spacing-top-micro\"><\/div>\n<\/div>\n<\/li>\n<\/ul>","protected":false},"excerpt":{"rendered":"<p class=\"a-size-small\"><span class=\"a-text-bold\">Une carrosserie plus robuste<\/span>\u00a0am\u00e9liore le jeu en maintenant l'ensemble stable et le filet enseign\u00e9 pendant les jeux les plus difficiles.<\/p>\n<ul class=\"a-unordered-list a-vertical a-spacing-mini\">\n<li><span class=\"a-list-item\">Le Spike Ball : Un jeu d'ext\u00e9rieur passionnant pour les enfants et les adultes ! Le jeu comprend 1 cible, 2 balles de comp\u00e9tition de 9 cm, 1 balle d'entra\u00eenement de 12 cm, une mallette de transport et les r\u00e8gles du jeu.<\/span><\/li>\n<li><span class=\"a-list-item\">Qu'est-ce que le Spike ball ? Le Spike ball est un jeu de volleyball \u00e0 2 contre 2 o\u00f9 les \u00e9quipes ont 3 coups pour renvoyer ou smasher le ballon dans le filet circulaire - amusant pour tout le monde \u00e0 la plage, aux barbecues, au camping, et plus encore !<\/span><\/li>\n<li><span class=\"a-list-item\">PLAISIR ATHLETIQUE : Le Spike Ball est un jeu actif qui fonctionne tr\u00e8s bien comme entra\u00eenement crois\u00e9 pour de nombreux autres sports ou pour simplement transpirer ! (recommand\u00e9 pour les 12 ans et plus)<\/span><\/li>\n<\/ul>","protected":false},"featured_media":1187,"template":"","meta":{"_gspb_post_css":""},"product_brand":[],"product_cat":[31],"product_tag":[],"class_list":{"0":"post-1197","1":"product","2":"type-product","3":"status-publish","4":"has-post-thumbnail","6":"product_cat-volleyball-net","8":"first","9":"instock","10":"shipping-taxable","11":"product-type-simple"},"_links":{"self":[{"href":"https:\/\/fsportsnet.com\/fr\/wp-json\/wp\/v2\/product\/1197","targetHints":{"allow":["GET"]}}],"collection":[{"href":"https:\/\/fsportsnet.com\/fr\/wp-json\/wp\/v2\/product"}],"about":[{"href":"https:\/\/fsportsnet.com\/fr\/wp-json\/wp\/v2\/types\/product"}],"wp:featuredmedia":[{"embeddable":true,"href":"https:\/\/fsportsnet.com\/fr\/wp-json\/wp\/v2\/media\/1187"}],"wp:attachment":[{"href":"https:\/\/fsportsnet.com\/fr\/wp-json\/wp\/v2\/media?parent=1197"}],"wp:term":[{"taxonomy":"product_brand","embeddable":true,"href":"https:\/\/fsportsnet.com\/fr\/wp-json\/wp\/v2\/product_brand?post=1197"},{"taxonomy":"product_cat","embeddable":true,"href":"https:\/\/fsportsnet.com\/fr\/wp-json\/wp\/v2\/product_cat?post=1197"},{"taxonomy":"product_tag","embeddable":true,"href":"https:\/\/fsportsnet.com\/fr\/wp-json\/wp\/v2\/product_tag?post=1197"}],"curies":[{"name":"wp","href":"https:\/\/api.w.org\/{rel}","templated":true}]}}