{"id":1199,"date":"2023-04-19T16:12:02","date_gmt":"2023-04-19T08:12:02","guid":{"rendered":"https:\/\/fsportsnet.com\/?post_type=product&#038;p=1199"},"modified":"2023-04-19T16:13:03","modified_gmt":"2023-04-19T08:13:03","slug":"3-way-volleyball-net-game-set-for-adults-and-kids","status":"publish","type":"product","link":"https:\/\/fsportsnet.com\/fr\/product\/3-way-volleyball-net-game-set-for-adults-and-kids\/","title":{"rendered":"Jeu de filet de volley-ball \u00e0 3 voies pour adultes et enfants"},"content":{"rendered":"<p><strong>Dimensions et poids<\/strong><\/p>\n<ul>\n<li>1. Taille : 4*2.43*2.26m<br \/>\n2. filet : 1.5 \u201dPE net with 420D oxford cloth<br \/>\n3. cadre : Acier Dia 22*0.8mm<br \/>\n4. fibre de verre : 7*3.0*33cm<br \/>\n5.Sac de transport : 420DPU<br \/>\n6. taille du carton : Lx62.9xL18.4xP20.3cmInstructions d'utilisation<\/li>\n<li>Volley-ball FSports : Filet de volley-ball \u00e0 trois voies enti\u00e8rement r\u00e9glable et jeu parfait pour toutes les occasions. Indispensable pour les f\u00eates, les barbecues et les f\u00eates de fin d'ann\u00e9e, et le cadeau id\u00e9al pour votre h\u00f4te en plein air, FSports est un jeu actif de volley-ball \u00e0 quatre cases. Parfaitement dimensionn\u00e9 pour quatre joueurs par tour, FSports vous offre, \u00e0 vous et \u00e0 votre \u00e9quipe, un plaisir s\u00fbr, simple et infaillible !<br \/>\nPARFAIT POUR TOUTES LES AVENTURES : Construit pour durer et parfait pour votre prochaine sortie, ce filet de haute qualit\u00e9 est s\u00fbr d'\u00eatre un \u00e9l\u00e9ment essentiel de votre plaisir estival ! Que vous soyez \u00e0 la plage, au parc ou au lac, FSports est le catalyseur parfait pour s'amuser en famille et pour une comp\u00e9tition amicale !<br \/>\nUNE INSTALLATION FACILE ET RAPIDE : Gr\u00e2ce \u00e0 son design unique, aussi intuitif que compact, l'installation et la d\u00e9sinstallation sont un jeu d'enfant ! Profitez de l'action en quelques minutes et repliez le tout dans le sac \u00e0 dos FSports en un temps record pour \u00eatre pr\u00eat \u00e0 partir \u00e0 l'assaut de votre prochaine aventure !<br \/>\nPOUR LES JOUEURS DE TOUS \u00c2GES : Un cadeau parfait ! Les petits et les grands vont adorer FSports ! Avec tout ce qui est inclus pour modifier la hauteur de votre filet, combin\u00e9 avec les r\u00e8gles et les objectifs simples et faciles \u00e0 comprendre du jeu, toute la famille peut s'amuser.<\/li>\n<\/ul>","protected":false},"excerpt":{"rendered":"<p>Filet de volley-ball \u00e0 3 voies avec sac \u00e0 dos et ballon - Jeu de volley-ball \u00e0 4 cases pour adultes et enfants - Jeu d'ext\u00e9rieur \u00e0 montage rapide - Jeux de cour d'arri\u00e8re<\/p>","protected":false},"featured_media":1180,"template":"","meta":{"_gspb_post_css":""},"product_brand":[],"product_cat":[31],"product_tag":[],"class_list":{"0":"post-1199","1":"product","2":"type-product","3":"status-publish","4":"has-post-thumbnail","6":"product_cat-volleyball-net","8":"first","9":"instock","10":"shipping-taxable","11":"product-type-simple"},"_links":{"self":[{"href":"https:\/\/fsportsnet.com\/fr\/wp-json\/wp\/v2\/product\/1199","targetHints":{"allow":["GET"]}}],"collection":[{"href":"https:\/\/fsportsnet.com\/fr\/wp-json\/wp\/v2\/product"}],"about":[{"href":"https:\/\/fsportsnet.com\/fr\/wp-json\/wp\/v2\/types\/product"}],"wp:featuredmedia":[{"embeddable":true,"href":"https:\/\/fsportsnet.com\/fr\/wp-json\/wp\/v2\/media\/1180"}],"wp:attachment":[{"href":"https:\/\/fsportsnet.com\/fr\/wp-json\/wp\/v2\/media?parent=1199"}],"wp:term":[{"taxonomy":"product_brand","embeddable":true,"href":"https:\/\/fsportsnet.com\/fr\/wp-json\/wp\/v2\/product_brand?post=1199"},{"taxonomy":"product_cat","embeddable":true,"href":"https:\/\/fsportsnet.com\/fr\/wp-json\/wp\/v2\/product_cat?post=1199"},{"taxonomy":"product_tag","embeddable":true,"href":"https:\/\/fsportsnet.com\/fr\/wp-json\/wp\/v2\/product_tag?post=1199"}],"curies":[{"name":"wp","href":"https:\/\/api.w.org\/{rel}","templated":true}]}}