{"id":1419,"date":"2023-04-25T11:13:14","date_gmt":"2023-04-25T03:13:14","guid":{"rendered":"https:\/\/fsportsnet.com\/?post_type=product&#038;p=1419"},"modified":"2023-04-25T11:19:29","modified_gmt":"2023-04-25T03:19:29","slug":"7x7-baseball-net-softball-net-practice-net-baseball-practice-net","status":"publish","type":"product","link":"https:\/\/fsportsnet.com\/fr\/product\/7x7-baseball-net-softball-net-practice-net-baseball-practice-net\/","title":{"rendered":"7\u2019\u00d77\u2032 Filet de Baseball Filet de Softball Filet d'entrainement Filet d'entrainement de Baseball"},"content":{"rendered":"<p>Filet de baseball \u00e0 poche unique de conception nouvelle<\/p>\n<p>1. Taille totale : 7 x 7\u2032<br \/>\n2. Cadre : Tube en fer de 1\u2033 dia 1.0mm d'\u00e9paisseur peint en noir<br \/>\n3. Poteau : \u03a612.7mm fibre de verre noire solide<br \/>\n4. Filet : Filet sans n\u0153uds en polyester noir 7 plis 1.75\u2033 avec reliure en tissu 420D<br \/>\n5. Mat\u00e9riau de la valise : Tissu oxford 600D<br \/>\n6. Emballage : Chaque ensemble dans un carton K=K, 114\u00d714.8\u00d714.8cm<br \/>\n7. G.W6.2kg, N.W 5.5kg<br \/>\n8. Emballage : 1 x filet, 4 x tubes m\u00e9talliques, 4 x piquets, 1 x sac de transport, 4 x piquets en forme de U, 1 x instructions A4<\/p>\n<p>UNE ROBUSTESSE ET UNE DURABILIT\u00c9 \u00c9PROUV\u00c9ES<br \/>\nLe filet est renforc\u00e9 par une double couture aux points de tension pour une durabilit\u00e9 prouv\u00e9e et des coutures solides. Le filet sans n\u0153uds \u00e0 7 plis ajoute de la rigidit\u00e9 et du poids pour une plus grande stabilit\u00e9 lors des frappes et des lancers dans le filet.<\/p>\n<p>Cadre parfait<br \/>\nConception arqu\u00e9e parfaite Conception arqu\u00e9e accrue pour l'orifice du tuyau et meilleur usinage de la finition de la surface pour r\u00e9duire les bavures, rendre le tuyau lisse et s\u00fbr.<br \/>\nDiam\u00e8tre parfait de 1\u201d, \u00e9paisseur de 1,0 mm apr\u00e8s rev\u00eatement, base d'embo\u00eetement en acier avec poteaux sup\u00e9rieurs en fibre de verre pour un montage\/d\u00e9montage rapide. Boucles en nylon renforc\u00e9es en haut et en bas et fermetures auto-agrippantes robustes.<\/p>\n<p>Poteaux en fibre de verre<br \/>\nLes poteaux en fibre de verre de 12,7 mm offrent une r\u00e9sistance et une flexibilit\u00e9 incroyables.<br \/>\nDouble emballage<br \/>\nLe double emballage et la conception de l'ouverture centrale ajoutent de la robustesse et \u00e9conomisent de l'espace.<\/p>","protected":false},"excerpt":{"rendered":"<p>Avantages\uff1a<br \/>\nUNE ROBUSTESSE ET UNE DURABILIT\u00c9 \u00c9PROUV\u00c9ES<br \/>\nLe filet est renforc\u00e9 par une double couture aux points de tension pour une durabilit\u00e9 prouv\u00e9e et des coutures solides. Le filet sans n\u0153uds \u00e0 7 plis ajoute de la rigidit\u00e9 et du poids pour une plus grande stabilit\u00e9 lors des frappes et des lancers dans le filet.<\/p>","protected":false},"featured_media":1424,"template":"","meta":{"_gspb_post_css":""},"product_brand":[],"product_cat":[25],"product_tag":[28],"class_list":{"0":"post-1419","1":"product","2":"type-product","3":"status-publish","4":"has-post-thumbnail","6":"product_cat-baseball-net","7":"product_tag-baseball-net","9":"first","10":"instock","11":"shipping-taxable","12":"product-type-simple"},"_links":{"self":[{"href":"https:\/\/fsportsnet.com\/fr\/wp-json\/wp\/v2\/product\/1419","targetHints":{"allow":["GET"]}}],"collection":[{"href":"https:\/\/fsportsnet.com\/fr\/wp-json\/wp\/v2\/product"}],"about":[{"href":"https:\/\/fsportsnet.com\/fr\/wp-json\/wp\/v2\/types\/product"}],"wp:featuredmedia":[{"embeddable":true,"href":"https:\/\/fsportsnet.com\/fr\/wp-json\/wp\/v2\/media\/1424"}],"wp:attachment":[{"href":"https:\/\/fsportsnet.com\/fr\/wp-json\/wp\/v2\/media?parent=1419"}],"wp:term":[{"taxonomy":"product_brand","embeddable":true,"href":"https:\/\/fsportsnet.com\/fr\/wp-json\/wp\/v2\/product_brand?post=1419"},{"taxonomy":"product_cat","embeddable":true,"href":"https:\/\/fsportsnet.com\/fr\/wp-json\/wp\/v2\/product_cat?post=1419"},{"taxonomy":"product_tag","embeddable":true,"href":"https:\/\/fsportsnet.com\/fr\/wp-json\/wp\/v2\/product_tag?post=1419"}],"curies":[{"name":"wp","href":"https:\/\/api.w.org\/{rel}","templated":true}]}}