{"id":1448,"date":"2023-04-25T14:18:52","date_gmt":"2023-04-25T06:18:52","guid":{"rendered":"https:\/\/fsportsnet.com\/?post_type=product&#038;p=1448"},"modified":"2023-04-25T14:25:45","modified_gmt":"2023-04-25T06:25:45","slug":"portable-tennis-net-training-net-outdoor-indoor","status":"publish","type":"product","link":"https:\/\/fsportsnet.com\/fr\/product\/portable-tennis-net-training-net-outdoor-indoor\/","title":{"rendered":"Filet de tennis portable Filet d'entra\u00eenement pour l'ext\u00e9rieur et l'int\u00e9rieur"},"content":{"rendered":"<ul class=\"a-unordered-list a-vertical a-spacing-mini\">\n<li><span class=\"a-list-item\">Longueur du filet : 10 pieds\/ 18 pieds, hauteur du filet : 33 pouces<\/span><\/li>\n<li><span class=\"a-list-item\">Convient pour jouer au tennis, au football, au volley-ball en piscine et au pickleball.<\/span><\/li>\n<li><span class=\"a-list-item\">Installation et d\u00e9montage faciles<\/span><\/li>\n<li><span class=\"a-list-item\">10ft utilis\u00e9 pour le filet de tennis, le filet de tennis de football, le filet de pickleball<\/span><\/li>\n<li><span class=\"a-list-item\">18ft utilis\u00e9 pour le filet de tennis, le filet de football, le filet de pickleball, le filet de volley-ball de piscine.<\/span><\/li>\n<\/ul>","protected":false},"excerpt":{"rendered":"<p>Description :<br \/>\nJouez au tennis sur la plage, dans l'all\u00e9e, dans l'arri\u00e8re-cour et sur toute surface plane !<br \/>\nTr\u00e8s rapide \u00e0 installer et \u00e0 ranger, il est pliable, l\u00e9ger et facile \u00e0 transporter.<br \/>\nId\u00e9al pour les f\u00eates, le camping et les vacances en famille. Ne prend pratiquement pas de place dans le coffre de votre voiture.<br \/>\nFabriqu\u00e9 en filet solide pour \u00e9viter les d\u00e9chirures et garantir la durabilit\u00e9. Gr\u00e2ce \u00e0 sa construction robuste, il peut \u00eatre utilis\u00e9 \u00e0 l'int\u00e9rieur et \u00e0 l'ext\u00e9rieur sans souci.<br \/>\nFaites bouger vos enfants \u00e0 l'ext\u00e9rieur ! Ce filet portable est parfait pour les adultes et les enfants, pour les jeux occasionnels et l'entra\u00eenement sportif.<\/p>","protected":false},"featured_media":1440,"template":"","meta":{"_gspb_post_css":""},"product_brand":[],"product_cat":[33],"product_tag":[],"class_list":{"0":"post-1448","1":"product","2":"type-product","3":"status-publish","4":"has-post-thumbnail","6":"product_cat-tennis-net","8":"first","9":"instock","10":"shipping-taxable","11":"product-type-simple"},"_links":{"self":[{"href":"https:\/\/fsportsnet.com\/fr\/wp-json\/wp\/v2\/product\/1448","targetHints":{"allow":["GET"]}}],"collection":[{"href":"https:\/\/fsportsnet.com\/fr\/wp-json\/wp\/v2\/product"}],"about":[{"href":"https:\/\/fsportsnet.com\/fr\/wp-json\/wp\/v2\/types\/product"}],"wp:featuredmedia":[{"embeddable":true,"href":"https:\/\/fsportsnet.com\/fr\/wp-json\/wp\/v2\/media\/1440"}],"wp:attachment":[{"href":"https:\/\/fsportsnet.com\/fr\/wp-json\/wp\/v2\/media?parent=1448"}],"wp:term":[{"taxonomy":"product_brand","embeddable":true,"href":"https:\/\/fsportsnet.com\/fr\/wp-json\/wp\/v2\/product_brand?post=1448"},{"taxonomy":"product_cat","embeddable":true,"href":"https:\/\/fsportsnet.com\/fr\/wp-json\/wp\/v2\/product_cat?post=1448"},{"taxonomy":"product_tag","embeddable":true,"href":"https:\/\/fsportsnet.com\/fr\/wp-json\/wp\/v2\/product_tag?post=1448"}],"curies":[{"name":"wp","href":"https:\/\/api.w.org\/{rel}","templated":true}]}}