{"id":1449,"date":"2023-04-25T14:25:56","date_gmt":"2023-04-25T06:25:56","guid":{"rendered":"https:\/\/fsportsnet.com\/?post_type=product&#038;p=1449"},"modified":"2023-04-25T14:34:28","modified_gmt":"2023-04-25T06:34:28","slug":"tennis-net-mini-size-customized-soccer-tennis-training-net","status":"publish","type":"product","link":"https:\/\/fsportsnet.com\/fr\/product\/tennis-net-mini-size-customized-soccer-tennis-training-net\/","title":{"rendered":"42\u2032 Filet de remplacement pour terrain de tennis professionnel"},"content":{"rendered":"<ul class=\"a-unordered-list a-vertical a-spacing-mini\">\n<li><span class=\"a-list-item\">Filet de tennis standard 42\u2032 Longueur, 3.5\u2032 Hauteur<\/span><\/li>\n<li><span class=\"a-list-item\">Filet en polyester tress\u00e9 de haute qualit\u00e9 (4 mm)<\/span><\/li>\n<li><span class=\"a-list-item\">C\u00e2ble en acier rev\u00eatu de vinyle de 6 mm<\/span><\/li>\n<li><span class=\"a-list-item\">Id\u00e9al pour les clubs, les \u00e9coles, les gymnases et autres lieux dot\u00e9s d'un court de tennis communautaire.<\/span><\/li>\n<li><span class=\"a-list-item\">Sac de transport portable inclus<\/span><\/li>\n<\/ul>","protected":false},"excerpt":{"rendered":"<p>Description :<br \/>\nJouez au tennis sur la plage, dans l'all\u00e9e, dans l'arri\u00e8re-cour et sur toute surface plane !<br \/>\nTr\u00e8s rapide \u00e0 installer et \u00e0 ranger, il est pliable, l\u00e9ger et facile \u00e0 transporter.<br \/>\nId\u00e9al pour les f\u00eates, le camping et les vacances en famille. Ne prend pratiquement pas de place dans le coffre de votre voiture.<br \/>\nFabriqu\u00e9 en filet solide pour \u00e9viter les d\u00e9chirures et garantir la durabilit\u00e9. Gr\u00e2ce \u00e0 sa construction robuste, il peut \u00eatre utilis\u00e9 \u00e0 l'int\u00e9rieur et \u00e0 l'ext\u00e9rieur sans souci.<br \/>\nFaites bouger vos enfants \u00e0 l'ext\u00e9rieur ! Ce filet portable est parfait pour les adultes et les enfants, pour les jeux occasionnels et l'entra\u00eenement sportif.<\/p>","protected":false},"featured_media":1437,"template":"","meta":{"_gspb_post_css":""},"product_brand":[],"product_cat":[33],"product_tag":[],"class_list":{"0":"post-1449","1":"product","2":"type-product","3":"status-publish","4":"has-post-thumbnail","6":"product_cat-tennis-net","8":"first","9":"instock","10":"shipping-taxable","11":"product-type-simple"},"_links":{"self":[{"href":"https:\/\/fsportsnet.com\/fr\/wp-json\/wp\/v2\/product\/1449","targetHints":{"allow":["GET"]}}],"collection":[{"href":"https:\/\/fsportsnet.com\/fr\/wp-json\/wp\/v2\/product"}],"about":[{"href":"https:\/\/fsportsnet.com\/fr\/wp-json\/wp\/v2\/types\/product"}],"wp:featuredmedia":[{"embeddable":true,"href":"https:\/\/fsportsnet.com\/fr\/wp-json\/wp\/v2\/media\/1437"}],"wp:attachment":[{"href":"https:\/\/fsportsnet.com\/fr\/wp-json\/wp\/v2\/media?parent=1449"}],"wp:term":[{"taxonomy":"product_brand","embeddable":true,"href":"https:\/\/fsportsnet.com\/fr\/wp-json\/wp\/v2\/product_brand?post=1449"},{"taxonomy":"product_cat","embeddable":true,"href":"https:\/\/fsportsnet.com\/fr\/wp-json\/wp\/v2\/product_cat?post=1449"},{"taxonomy":"product_tag","embeddable":true,"href":"https:\/\/fsportsnet.com\/fr\/wp-json\/wp\/v2\/product_tag?post=1449"}],"curies":[{"name":"wp","href":"https:\/\/api.w.org\/{rel}","templated":true}]}}