{"id":1452,"date":"2023-04-25T14:37:47","date_gmt":"2023-04-25T06:37:47","guid":{"rendered":"https:\/\/fsportsnet.com\/?post_type=product&#038;p=1452"},"modified":"2023-04-25T14:41:54","modified_gmt":"2023-04-25T06:41:54","slug":"4-way-tennis-net-training-multi-sports-net-soccer-tennis-net","status":"publish","type":"product","link":"https:\/\/fsportsnet.com\/fr\/product\/4-way-tennis-net-training-multi-sports-net-soccer-tennis-net\/","title":{"rendered":"Filet de tennis \u00e0 4 voies Filet d'entra\u00eenement multi-sports Filet de soccer et de tennis"},"content":{"rendered":"<ul class=\"a-unordered-list a-vertical a-spacing-mini\">\n<li>1. Taille : 20x20ft<br \/>\n2. Tube en acier : \u03a622\u00d71.0mm<br \/>\n3. Poteau : \u03a612.7mm fibre de verre<br \/>\n4. Filet : Filet sans n\u0153uds en polyester 3ply 1,5\u201d.<br \/>\n5. Manche : tissu oxford 420D<br \/>\n6 Sac : tissu oxford 600D<br \/>\n7. Emballage : Chacun dans un carton K=K, 89x22x14cm<br \/>\n8. NW 10,5kg, GW 11,5kg<\/li>\n<\/ul>","protected":false},"excerpt":{"rendered":"<p>Description :<br \/>\nJouez au tennis sur la plage, dans l'all\u00e9e, dans l'arri\u00e8re-cour et sur toute surface plane !<br \/>\nTr\u00e8s rapide \u00e0 installer et \u00e0 ranger, il est pliable, l\u00e9ger et facile \u00e0 transporter.<br \/>\nId\u00e9al pour les f\u00eates, le camping et les vacances en famille. Ne prend pratiquement pas de place dans le coffre de votre voiture.<br \/>\nFabriqu\u00e9 en filet solide pour \u00e9viter les d\u00e9chirures et garantir la durabilit\u00e9. Gr\u00e2ce \u00e0 sa construction robuste, il peut \u00eatre utilis\u00e9 \u00e0 l'int\u00e9rieur et \u00e0 l'ext\u00e9rieur sans souci.<br \/>\nFaites bouger vos enfants \u00e0 l'ext\u00e9rieur ! Ce filet portable est parfait pour les adultes et les enfants, pour les jeux occasionnels et l'entra\u00eenement sportif.<\/p>","protected":false},"featured_media":1438,"template":"","meta":{"_gspb_post_css":""},"product_brand":[],"product_cat":[33],"product_tag":[],"class_list":{"0":"post-1452","1":"product","2":"type-product","3":"status-publish","4":"has-post-thumbnail","6":"product_cat-tennis-net","8":"first","9":"instock","10":"shipping-taxable","11":"product-type-simple"},"_links":{"self":[{"href":"https:\/\/fsportsnet.com\/fr\/wp-json\/wp\/v2\/product\/1452","targetHints":{"allow":["GET"]}}],"collection":[{"href":"https:\/\/fsportsnet.com\/fr\/wp-json\/wp\/v2\/product"}],"about":[{"href":"https:\/\/fsportsnet.com\/fr\/wp-json\/wp\/v2\/types\/product"}],"wp:featuredmedia":[{"embeddable":true,"href":"https:\/\/fsportsnet.com\/fr\/wp-json\/wp\/v2\/media\/1438"}],"wp:attachment":[{"href":"https:\/\/fsportsnet.com\/fr\/wp-json\/wp\/v2\/media?parent=1452"}],"wp:term":[{"taxonomy":"product_brand","embeddable":true,"href":"https:\/\/fsportsnet.com\/fr\/wp-json\/wp\/v2\/product_brand?post=1452"},{"taxonomy":"product_cat","embeddable":true,"href":"https:\/\/fsportsnet.com\/fr\/wp-json\/wp\/v2\/product_cat?post=1452"},{"taxonomy":"product_tag","embeddable":true,"href":"https:\/\/fsportsnet.com\/fr\/wp-json\/wp\/v2\/product_tag?post=1452"}],"curies":[{"name":"wp","href":"https:\/\/api.w.org\/{rel}","templated":true}]}}