{"id":1453,"date":"2023-04-25T15:53:44","date_gmt":"2023-04-25T07:53:44","guid":{"rendered":"https:\/\/fsportsnet.com\/?post_type=product&#038;p=1453"},"modified":"2023-04-25T15:53:44","modified_gmt":"2023-04-25T07:53:44","slug":"portable-badminton-net-set-easy-and-fast-assembly","status":"publish","type":"product","link":"https:\/\/fsportsnet.com\/fr\/product\/portable-badminton-net-set-easy-and-fast-assembly\/","title":{"rendered":"Filet de badminton portable Montage facile et rapide"},"content":{"rendered":"<ul class=\"a-unordered-list a-vertical a-spacing-mini\">\n<li><span class=\"a-list-item\">Filet multisports de haute qualit\u00e9 : Le filet de badminton durable de Fsport est fabriqu\u00e9 \u00e0 partir de mat\u00e9riaux de qualit\u00e9 sup\u00e9rieure, notamment un filet en PE et des poteaux en acier robustes, ce qui le rend id\u00e9al pour une utilisation en int\u00e9rieur et en ext\u00e9rieur. D'une longueur de 10 pieds, ce filet de sport est parfait pour le badminton et le volley-ball.<\/span><\/li>\n<li><span class=\"a-list-item\">Filet de tennis stable et fiable : Notre filet de sport a \u00e9t\u00e9 con\u00e7u pour \u00eatre stable et fiable, avec un cadre en acier robuste qui fournit un soutien suppl\u00e9mentaire et une durabilit\u00e9. Que vous jouiez \u00e0 la maison ou en d\u00e9placement, ce filet restera en place, vous permettant de vous concentrer sur votre jeu et de profiter de la comp\u00e9tition.<\/span><\/li>\n<li><span class=\"a-list-item\">Facile \u00e0 ranger et \u00e0 transporter : Avec un sac de transport pratique inclus, ce filet de sport peut \u00eatre facilement rang\u00e9 et transport\u00e9. Que vous alliez \u00e0 la plage ou dans le jardin d'un ami, il vous suffit de ranger le filet dans le sac et de l'emporter avec vous. C'est aussi simple que cela !<\/span><\/li>\n<li><span class=\"a-list-item\">Parfait pour tous les \u00e2ges : Que vous soyez un pro chevronn\u00e9 ou un d\u00e9butant, le filet de badminton Fsports convient aux joueurs de tous \u00e2ges. Avec ses mat\u00e9riaux de haute qualit\u00e9 et sa construction robuste, ce filet peut r\u00e9sister aux jeux les plus intenses et offrira des heures de plaisir \u00e0 toute la famille.<\/span><\/li>\n<li><span class=\"a-list-item\">Cadeau id\u00e9al : Ce filet de sport est un cadeau id\u00e9al pour les anniversaires, No\u00ebl ou toute autre f\u00eate. Avec sa construction de haute qualit\u00e9 et son utilisation polyvalente, il est s\u00fbr d'apporter de la joie \u00e0 tous ceux qui aiment le sport et le plein air. De plus, avec une livraison rapide aux Etats-Unis et une soci\u00e9t\u00e9 bas\u00e9e aux Etats-Unis, vous pouvez nous faire confiance pour livrer votre filet de sport rapidement et de mani\u00e8re fiable.<\/span><\/li>\n<\/ul>","protected":false},"excerpt":{"rendered":"<p>Il convient aux joueurs occasionnels et comp\u00e9titifs de tous niveaux et de tous \u00e2ges, enfants et adultes confondus. Cr\u00e9ez une nouvelle tradition - ou une nouvelle rivalit\u00e9 - et faites de l'exercice en famille dans votre propre jardin.<br \/>\nLes raquettes de taille officielle aux couleurs assorties sont dot\u00e9es d'un tissage en polym\u00e8re renforc\u00e9 et d'un cadre m\u00e9tallique solide. Elles sont l\u00e9g\u00e8res et maniables - l'\u00e9quipement parfait pour le joueur d\u00e9butant ou le futur professionnel ambitieux.<\/p>","protected":false},"featured_media":1471,"template":"","meta":{"_gspb_post_css":""},"product_brand":[],"product_cat":[34],"product_tag":[],"class_list":{"0":"post-1453","1":"product","2":"type-product","3":"status-publish","4":"has-post-thumbnail","6":"product_cat-badminton-net","8":"first","9":"instock","10":"shipping-taxable","11":"product-type-simple"},"_links":{"self":[{"href":"https:\/\/fsportsnet.com\/fr\/wp-json\/wp\/v2\/product\/1453","targetHints":{"allow":["GET"]}}],"collection":[{"href":"https:\/\/fsportsnet.com\/fr\/wp-json\/wp\/v2\/product"}],"about":[{"href":"https:\/\/fsportsnet.com\/fr\/wp-json\/wp\/v2\/types\/product"}],"wp:featuredmedia":[{"embeddable":true,"href":"https:\/\/fsportsnet.com\/fr\/wp-json\/wp\/v2\/media\/1471"}],"wp:attachment":[{"href":"https:\/\/fsportsnet.com\/fr\/wp-json\/wp\/v2\/media?parent=1453"}],"wp:term":[{"taxonomy":"product_brand","embeddable":true,"href":"https:\/\/fsportsnet.com\/fr\/wp-json\/wp\/v2\/product_brand?post=1453"},{"taxonomy":"product_cat","embeddable":true,"href":"https:\/\/fsportsnet.com\/fr\/wp-json\/wp\/v2\/product_cat?post=1453"},{"taxonomy":"product_tag","embeddable":true,"href":"https:\/\/fsportsnet.com\/fr\/wp-json\/wp\/v2\/product_tag?post=1453"}],"curies":[{"name":"wp","href":"https:\/\/api.w.org\/{rel}","templated":true}]}}