{"id":1476,"date":"2023-04-25T16:01:34","date_gmt":"2023-04-25T08:01:34","guid":{"rendered":"https:\/\/fsportsnet.com\/?post_type=product&#038;p=1476"},"modified":"2023-04-25T16:09:05","modified_gmt":"2023-04-25T08:09:05","slug":"multi-sports-net-volleyball-net-tennis-net-set-badminton-net-set-for-pickleball-volleyball-soccer-tennis","status":"publish","type":"product","link":"https:\/\/fsportsnet.com\/fr\/product\/multi-sports-net-volleyball-net-tennis-net-set-badminton-net-set-for-pickleball-volleyball-soccer-tennis\/","title":{"rendered":"Filet de volleyball Filet de tennis Filet de badminton Filet de pickleball Volleyball Football Tennis"},"content":{"rendered":"<ul class=\"a-unordered-list a-vertical a-spacing-mini\">\n<li>FILET R\u00c9GLABLE POUR UNE UTILISATION MULTI-SPORTS : Choisissez entre TROIS hauteurs pour diff\u00e9rentes options de jeu ou d'entra\u00eenement. Utilisez le filet dans sa position la plus basse comme barri\u00e8re de s\u00e9curit\u00e9 ou barricade pour emp\u00eacher les ballons de rouler dans la rue ; un excellent choix pour les parents.<br \/>\nFILET CON\u00c7U POUR LES COURTS INT\u00c9RIEURS OU EXT\u00c9RIEURS (AUCUN PIQUET N'EST N\u00c9CESSAIRE) : Que ce soit pour le badminton, le football, le tennis, le tennis sur gazon ou le pickleball, ce filet est un excellent choix pour votre famille et vos amis. Jouez n'importe o\u00f9 - sur le gazon, \u00e0 la plage, dans l'arri\u00e8re-cour ou dans le gymnase de l'\u00e9cole.<br \/>\nFACILE \u00c0 METTRE EN PLACE ET \u00c0 D\u00c9MONTER : l'installation prend moins de 5 minutes ! Le d\u00e9montage du support de filet r\u00e9sistant \u00e0 la rouille est \u00e9galement rapide et facile. Un fil de nylon de haute qualit\u00e9 est utilis\u00e9 pour le filet afin de garantir des ann\u00e9es de plaisir et d'amusement sans craindre que le filet ne se d\u00e9chire.<br \/>\nTRANSPORT FACILE ET STOCKAGE PRATIQUE : L'ensemble de filet de sport durable est l\u00e9ger, pliable, portable et pratique. INCLUT un sac de transport pour ranger les poteaux et le filet et les emmener avec vous \u00e0 la salle de sport, au parc, au camping, lors de rassemblements ou de f\u00eates d'anniversaire.<br \/>\n\u00c9L\u00c9MENTS DE BONUS : Quel terrain de jeu serait officiel sans les lignes ? Quatre piquets de sol et des lignes de bordure hors-limites sont inclus pour cr\u00e9er votre propre terrain de jeu comp\u00e9titif.<\/li>\n<\/ul>","protected":false},"excerpt":{"rendered":"<p>Notre filet de sport a \u00e9t\u00e9 con\u00e7u pour \u00eatre stable et fiable, avec un cadre en acier robuste qui offre un soutien et une durabilit\u00e9 suppl\u00e9mentaires. Que vous jouiez \u00e0 la maison ou en d\u00e9placement, ce filet restera en place, vous permettant de vous concentrer sur votre jeu et de profiter de la comp\u00e9tition.<\/p>","protected":false},"featured_media":1463,"template":"","meta":{"_gspb_post_css":""},"product_brand":[],"product_cat":[35],"product_tag":[],"class_list":{"0":"post-1476","1":"product","2":"type-product","3":"status-publish","4":"has-post-thumbnail","6":"product_cat-multi-sports-net","8":"first","9":"instock","10":"shipping-taxable","11":"product-type-simple"},"_links":{"self":[{"href":"https:\/\/fsportsnet.com\/fr\/wp-json\/wp\/v2\/product\/1476","targetHints":{"allow":["GET"]}}],"collection":[{"href":"https:\/\/fsportsnet.com\/fr\/wp-json\/wp\/v2\/product"}],"about":[{"href":"https:\/\/fsportsnet.com\/fr\/wp-json\/wp\/v2\/types\/product"}],"wp:featuredmedia":[{"embeddable":true,"href":"https:\/\/fsportsnet.com\/fr\/wp-json\/wp\/v2\/media\/1463"}],"wp:attachment":[{"href":"https:\/\/fsportsnet.com\/fr\/wp-json\/wp\/v2\/media?parent=1476"}],"wp:term":[{"taxonomy":"product_brand","embeddable":true,"href":"https:\/\/fsportsnet.com\/fr\/wp-json\/wp\/v2\/product_brand?post=1476"},{"taxonomy":"product_cat","embeddable":true,"href":"https:\/\/fsportsnet.com\/fr\/wp-json\/wp\/v2\/product_cat?post=1476"},{"taxonomy":"product_tag","embeddable":true,"href":"https:\/\/fsportsnet.com\/fr\/wp-json\/wp\/v2\/product_tag?post=1476"}],"curies":[{"name":"wp","href":"https:\/\/api.w.org\/{rel}","templated":true}]}}