{"id":1488,"date":"2023-04-25T16:26:08","date_gmt":"2023-04-25T08:26:08","guid":{"rendered":"https:\/\/fsportsnet.com\/?post_type=product&#038;p=1488"},"modified":"2023-04-25T16:34:18","modified_gmt":"2023-04-25T08:34:18","slug":"adjustable-height-portable-multi-sports-net-volleyball-tennis-badminton-pickleball-net","status":"publish","type":"product","link":"https:\/\/fsportsnet.com\/fr\/product\/adjustable-height-portable-multi-sports-net-volleyball-tennis-badminton-pickleball-net\/","title":{"rendered":"Filet multi-sports portable \u00e0 hauteur r\u00e9glable Filet de volleyball Tennis Badminton Pickleball"},"content":{"rendered":"<ul class=\"a-unordered-list a-vertical a-spacing-mini\">\n<li>Filet multisports de haute qualit\u00e9 : Le filet de tennis durable de Fsports est fabriqu\u00e9 \u00e0 partir de mat\u00e9riaux de haute qualit\u00e9, y compris le filet PE et les poteaux en acier robustes, ce qui le rend id\u00e9al pour une utilisation en int\u00e9rieur et en ext\u00e9rieur. Avec une taille de 10FT de long et une hauteur de 3FT \u00e0 5.2FT, ce filet de sport est parfait pour le tennis, le badminton, le volleyball, le pickle ball et le football.<br \/>\nFilet de tennis stable et fiable : Notre filet de sport a \u00e9t\u00e9 con\u00e7u pour \u00eatre stable et fiable, avec un cadre en acier robuste qui fournit un soutien suppl\u00e9mentaire et une durabilit\u00e9. Que vous jouiez \u00e0 la maison ou en d\u00e9placement, ce filet restera en place, vous permettant de vous concentrer sur votre jeu et de profiter de la comp\u00e9tition.<br \/>\nFacile \u00e0 ranger et \u00e0 transporter : Avec un sac de transport pratique inclus, ce filet de sport peut \u00eatre facilement rang\u00e9 et transport\u00e9. Que vous alliez \u00e0 la plage ou dans le jardin d'un ami, il vous suffit de ranger le filet dans le sac et de l'emporter avec vous. C'est aussi simple que cela !<br \/>\nParfait pour tous les \u00e2ges : Que vous soyez un professionnel chevronn\u00e9 ou un d\u00e9butant, le filet de tennis Fsports convient aux joueurs de tous \u00e2ges. Avec ses mat\u00e9riaux de haute qualit\u00e9 et sa construction robuste, ce filet peut r\u00e9sister aux jeux les plus intenses et offrira des heures de plaisir \u00e0 toute la famille.<br \/>\nCadeau id\u00e9al : Ce filet de sport est un cadeau id\u00e9al pour les anniversaires, No\u00ebl ou toute autre f\u00eate. Avec sa construction de haute qualit\u00e9 et son utilisation polyvalente, il est s\u00fbr d'apporter de la joie \u00e0 tous ceux qui aiment le sport et le plein air. De plus, avec une livraison rapide aux Etats-Unis et une soci\u00e9t\u00e9 bas\u00e9e aux Etats-Unis, vous pouvez nous faire confiance pour livrer votre filet de sport rapidement et de mani\u00e8re fiable.<\/li>\n<\/ul>","protected":false},"excerpt":{"rendered":"<p>Notre filet de sport a \u00e9t\u00e9 con\u00e7u pour \u00eatre stable et fiable, avec un cadre en acier robuste qui offre un soutien et une durabilit\u00e9 suppl\u00e9mentaires. Que vous jouiez \u00e0 la maison ou en d\u00e9placement, ce filet restera en place, vous permettant de vous concentrer sur votre jeu et de profiter de la comp\u00e9tition.<\/p>","protected":false},"featured_media":1481,"template":"","meta":{"_gspb_post_css":""},"product_brand":[],"product_cat":[35],"product_tag":[],"class_list":{"0":"post-1488","1":"product","2":"type-product","3":"status-publish","4":"has-post-thumbnail","6":"product_cat-multi-sports-net","8":"first","9":"instock","10":"shipping-taxable","11":"product-type-simple"},"_links":{"self":[{"href":"https:\/\/fsportsnet.com\/fr\/wp-json\/wp\/v2\/product\/1488","targetHints":{"allow":["GET"]}}],"collection":[{"href":"https:\/\/fsportsnet.com\/fr\/wp-json\/wp\/v2\/product"}],"about":[{"href":"https:\/\/fsportsnet.com\/fr\/wp-json\/wp\/v2\/types\/product"}],"wp:featuredmedia":[{"embeddable":true,"href":"https:\/\/fsportsnet.com\/fr\/wp-json\/wp\/v2\/media\/1481"}],"wp:attachment":[{"href":"https:\/\/fsportsnet.com\/fr\/wp-json\/wp\/v2\/media?parent=1488"}],"wp:term":[{"taxonomy":"product_brand","embeddable":true,"href":"https:\/\/fsportsnet.com\/fr\/wp-json\/wp\/v2\/product_brand?post=1488"},{"taxonomy":"product_cat","embeddable":true,"href":"https:\/\/fsportsnet.com\/fr\/wp-json\/wp\/v2\/product_cat?post=1488"},{"taxonomy":"product_tag","embeddable":true,"href":"https:\/\/fsportsnet.com\/fr\/wp-json\/wp\/v2\/product_tag?post=1488"}],"curies":[{"name":"wp","href":"https:\/\/api.w.org\/{rel}","templated":true}]}}