{"id":1489,"date":"2023-04-25T17:01:12","date_gmt":"2023-04-25T09:01:12","guid":{"rendered":"https:\/\/fsportsnet.com\/?post_type=product&#038;p=1489"},"modified":"2023-04-25T17:02:19","modified_gmt":"2023-04-25T09:02:19","slug":"youth-street-hockey-net-steel-hockey-goal-for-kids-roller-junior-goal-54","status":"publish","type":"product","link":"https:\/\/fsportsnet.com\/fr\/product\/youth-street-hockey-net-steel-hockey-goal-for-kids-roller-junior-goal-54\/","title":{"rendered":"Filet de hockey de rue pour jeunes But de hockey en acier pour enfants But de hockey junior \u00e0 roulettes 54\u2033."},"content":{"rendered":"<ul class=\"a-unordered-list a-vertical a-spacing-mini\">\n<li><span class=\"a-list-item\">Robuste : Ce but de hockey de rue est construit avec des tubes d'acier de 1\u2033 de diam\u00e8tre con\u00e7us pour durer saison apr\u00e8s saison.<\/span><\/li>\n<li><span class=\"a-list-item\">PRO STYLE : Le but est con\u00e7u avec une tablette sup\u00e9rieure et un support dorsal de style professionnel pour que vous puissiez vous d\u00e9fouler comme les pros.<\/span><\/li>\n<li><span class=\"a-list-item\">FILET DURABLE : Ce but est \u00e9quip\u00e9 d'un filet ultra lourd qui r\u00e9siste aux tirs les plus violents.<\/span><\/li>\n<li><span class=\"a-list-item\">TOUT TEMPS : Ce but est construit avec des mat\u00e9riaux tout temps pour que vous puissiez continuer \u00e0 jouer, qu'il pleuve ou qu'il fasse beau.<\/span><\/li>\n<li><span class=\"a-list-item\">TAILLE POUR LES JEUNES : Avec ses dimensions de 54\u2033 x 44\u2033, ce but est la taille parfaite pour les jeunes joueurs de hockey pour jouer et perfectionner leurs comp\u00e9tences.<\/span><\/li>\n<\/ul>","protected":false},"excerpt":{"rendered":"<p>Fsports est l'un des principaux fabricants de filets de hockey de tr\u00e8s haute qualit\u00e9 pour les installations de hockey en ligne et de hockey sur glace. Nous fabriquons des filets de but (but avec filet) et des filets de protection (ensemble complet) sur mesure pour les ar\u00e9nas, les patinoires et les centres d'entra\u00eenement, y compris les installations de la LNH.<\/p>","protected":false},"featured_media":1492,"template":"","meta":{"_gspb_post_css":""},"product_brand":[],"product_cat":[37],"product_tag":[],"class_list":{"0":"post-1489","1":"product","2":"type-product","3":"status-publish","4":"has-post-thumbnail","6":"product_cat-hockey-goal","8":"first","9":"instock","10":"shipping-taxable","11":"product-type-simple"},"_links":{"self":[{"href":"https:\/\/fsportsnet.com\/fr\/wp-json\/wp\/v2\/product\/1489","targetHints":{"allow":["GET"]}}],"collection":[{"href":"https:\/\/fsportsnet.com\/fr\/wp-json\/wp\/v2\/product"}],"about":[{"href":"https:\/\/fsportsnet.com\/fr\/wp-json\/wp\/v2\/types\/product"}],"wp:featuredmedia":[{"embeddable":true,"href":"https:\/\/fsportsnet.com\/fr\/wp-json\/wp\/v2\/media\/1492"}],"wp:attachment":[{"href":"https:\/\/fsportsnet.com\/fr\/wp-json\/wp\/v2\/media?parent=1489"}],"wp:term":[{"taxonomy":"product_brand","embeddable":true,"href":"https:\/\/fsportsnet.com\/fr\/wp-json\/wp\/v2\/product_brand?post=1489"},{"taxonomy":"product_cat","embeddable":true,"href":"https:\/\/fsportsnet.com\/fr\/wp-json\/wp\/v2\/product_cat?post=1489"},{"taxonomy":"product_tag","embeddable":true,"href":"https:\/\/fsportsnet.com\/fr\/wp-json\/wp\/v2\/product_tag?post=1489"}],"curies":[{"name":"wp","href":"https:\/\/api.w.org\/{rel}","templated":true}]}}