{"id":1497,"date":"2023-04-25T17:02:32","date_gmt":"2023-04-25T09:02:32","guid":{"rendered":"https:\/\/fsportsnet.com\/?post_type=product&#038;p=1497"},"modified":"2023-04-26T08:32:29","modified_gmt":"2023-04-26T00:32:29","slug":"ezgoal-hockey-folding-pro-goal","status":"publish","type":"product","link":"https:\/\/fsportsnet.com\/fr\/product\/ezgoal-hockey-folding-pro-goal\/","title":{"rendered":"NHL Kids Street Hockey Goal Portable Lightweight PVC Youth Street Roller Hockey Goal with Net 46\u2033 (But de hockey de rue pour enfants)"},"content":{"rendered":"<ul class=\"a-unordered-list a-vertical a-spacing-mini\">\n<li><span class=\"a-list-item\">PVC<\/span><\/li>\n<li><span class=\"a-list-item\">Import\u00e9<\/span><\/li>\n<li><span class=\"a-list-item\">JOUER N'IMPORTE O\u00d9 : Nos buts de hockey l\u00e9gers sont con\u00e7us pour jouer l\u00e0 o\u00f9 vous voulez jouer, que ce soit dans l'all\u00e9e, sur la terrasse ou dans le gymnase.<\/span><\/li>\n<li><span class=\"a-list-item\">ASSEMBLAGE RAPIDE : Le filet en polyester et le manchon en nylon permettent une durabilit\u00e9 \u00e0 long terme et un assemblage sans effort.<\/span><\/li>\n<li><span class=\"a-list-item\">L\u00c9G\u00c8RET\u00c9 ET PORTABILIT\u00c9 : Cet ensemble est fabriqu\u00e9 en PVC l\u00e9ger et peut \u00eatre assembl\u00e9 ou d\u00e9mont\u00e9 en quelques secondes pour un rangement facile.<\/span><\/li>\n<li><span class=\"a-list-item\">ID\u00c9AL POUR LES ENFANTS : Con\u00e7u pour les d\u00e9butants et les jeunes joueurs de hockey, avec ce but de 46\u2033 x 40\u2033, le plaisir ne s'arr\u00eate jamais.<\/span><\/li>\n<li><span class=\"a-list-item\">NHL STREET HOCKEY OFFICAL : Ce but de hockey est sous licence officielle de la Ligue Nationale de Hockey, \u00e0 utiliser uniquement avec la balle officielle de hockey de rue de 2 5\/8\u2033.<\/span><\/li>\n<li><\/li>\n<\/ul>","protected":false},"excerpt":{"rendered":"<p>Le but de hockey Fsports 46\u2033 Sleeve Net est parfait pour tous les d\u00e9butants qui veulent jouer dans la rue ! Le but est compos\u00e9 d'un tube en PVC de 1,5\u2033 \u00e0 fort impact et d'un filet pr\u00e9-mont\u00e9 en polyester 2,400D r\u00e9sistant \u00e0 tous les temps. Il s'assemble rapidement gr\u00e2ce \u00e0 la fixation du filet par manchon et aux raccords de pr\u00e9cision. Cette conception assure une construction rigide. Que les jeux commencent ! Dimensions du but : 46\u2033 (L) X 40\u2033 (H) X 22\u2033 (P).<\/p>","protected":false},"featured_media":1500,"template":"","meta":{"_gspb_post_css":""},"product_brand":[],"product_cat":[37],"product_tag":[],"class_list":{"0":"post-1497","1":"product","2":"type-product","3":"status-publish","4":"has-post-thumbnail","6":"product_cat-hockey-goal","8":"first","9":"instock","10":"shipping-taxable","11":"product-type-simple"},"_links":{"self":[{"href":"https:\/\/fsportsnet.com\/fr\/wp-json\/wp\/v2\/product\/1497","targetHints":{"allow":["GET"]}}],"collection":[{"href":"https:\/\/fsportsnet.com\/fr\/wp-json\/wp\/v2\/product"}],"about":[{"href":"https:\/\/fsportsnet.com\/fr\/wp-json\/wp\/v2\/types\/product"}],"wp:featuredmedia":[{"embeddable":true,"href":"https:\/\/fsportsnet.com\/fr\/wp-json\/wp\/v2\/media\/1500"}],"wp:attachment":[{"href":"https:\/\/fsportsnet.com\/fr\/wp-json\/wp\/v2\/media?parent=1497"}],"wp:term":[{"taxonomy":"product_brand","embeddable":true,"href":"https:\/\/fsportsnet.com\/fr\/wp-json\/wp\/v2\/product_brand?post=1497"},{"taxonomy":"product_cat","embeddable":true,"href":"https:\/\/fsportsnet.com\/fr\/wp-json\/wp\/v2\/product_cat?post=1497"},{"taxonomy":"product_tag","embeddable":true,"href":"https:\/\/fsportsnet.com\/fr\/wp-json\/wp\/v2\/product_tag?post=1497"}],"curies":[{"name":"wp","href":"https:\/\/api.w.org\/{rel}","templated":true}]}}