{"id":1502,"date":"2023-04-26T08:32:46","date_gmt":"2023-04-26T00:32:46","guid":{"rendered":"https:\/\/fsportsnet.com\/?post_type=product&#038;p=1502"},"modified":"2023-04-26T08:41:47","modified_gmt":"2023-04-26T00:41:47","slug":"better-hockey-extreme-goal-targets-sharp-shooting-training-aid","status":"publish","type":"product","link":"https:\/\/fsportsnet.com\/fr\/product\/better-hockey-extreme-goal-targets-sharp-shooting-training-aid\/","title":{"rendered":"Better Hockey Extreme Goal Targets Aide \u00e0 l'entra\u00eenement au tir de pr\u00e9cision"},"content":{"rendered":"<ul class=\"a-unordered-list a-vertical a-spacing-mini\">\n<li><span class=\"a-list-item\">AIDEZ-VOUS \u00c0 MARQUER PLUS DE BUTS - ces aides \u00e0 l'entra\u00eenement au hockey vous aideront \u00e0 am\u00e9liorer la pr\u00e9cision de vos tirs.<\/span><\/li>\n<li><span class=\"a-list-item\">ENTRA\u00ceNEZ-VOUS COMME LES PROS - ces cibles de but de hockey innovantes et de qualit\u00e9 sup\u00e9rieure sont utilis\u00e9es par plus de 100 joueurs de la LNH.<\/span><\/li>\n<li><span class=\"a-list-item\">VOUS PERMETTRE D'ESSAYER PLUSIEURS ANGLES - le jeu de trois cibles vous permet de cr\u00e9er des exercices qui am\u00e9lioreront votre pr\u00e9cision.<\/span><\/li>\n<li><span class=\"a-list-item\">FAIT DE LA PLUS HAUTE QUALIT\u00c9 - mat\u00e9riau l\u00e9ger et extr\u00eamement durable. Apr\u00e8s avoir touch\u00e9 les cibles, elles reviennent \u00e0 leur position initiale.<\/span><\/li>\n<li><span class=\"a-list-item\">S'adapte \u00e0 tous les filets de HOCKEY de taille r\u00e9glementaire - facile \u00e0 installer en quelques secondes. Le but sur les photos n'est pas inclus<\/span><\/li>\n<\/ul>","protected":false},"excerpt":{"rendered":"<p>Le but de hockey Fsports est parfait pour tous les d\u00e9butants qui veulent jouer dans la rue ! Le but est compos\u00e9 d'un tube en PVC de 1,5\u2033 \u00e0 fort impact et d'un filet pr\u00e9-mont\u00e9 en polyester 2,400D r\u00e9sistant \u00e0 tous les temps. Il s'assemble rapidement gr\u00e2ce \u00e0 la fixation du filet par manchon et aux raccords de pr\u00e9cision. Cette conception assure une construction rigide. Que les jeux commencent ! Dimensions du but : 46\u2033 (L) X 40\u2033 (H) X 22\u2033 (P).<\/p>","protected":false},"featured_media":1494,"template":"","meta":{"_gspb_post_css":""},"product_brand":[],"product_cat":[37],"product_tag":[],"class_list":{"0":"post-1502","1":"product","2":"type-product","3":"status-publish","4":"has-post-thumbnail","6":"product_cat-hockey-goal","8":"first","9":"instock","10":"shipping-taxable","11":"product-type-simple"},"_links":{"self":[{"href":"https:\/\/fsportsnet.com\/fr\/wp-json\/wp\/v2\/product\/1502","targetHints":{"allow":["GET"]}}],"collection":[{"href":"https:\/\/fsportsnet.com\/fr\/wp-json\/wp\/v2\/product"}],"about":[{"href":"https:\/\/fsportsnet.com\/fr\/wp-json\/wp\/v2\/types\/product"}],"wp:featuredmedia":[{"embeddable":true,"href":"https:\/\/fsportsnet.com\/fr\/wp-json\/wp\/v2\/media\/1494"}],"wp:attachment":[{"href":"https:\/\/fsportsnet.com\/fr\/wp-json\/wp\/v2\/media?parent=1502"}],"wp:term":[{"taxonomy":"product_brand","embeddable":true,"href":"https:\/\/fsportsnet.com\/fr\/wp-json\/wp\/v2\/product_brand?post=1502"},{"taxonomy":"product_cat","embeddable":true,"href":"https:\/\/fsportsnet.com\/fr\/wp-json\/wp\/v2\/product_cat?post=1502"},{"taxonomy":"product_tag","embeddable":true,"href":"https:\/\/fsportsnet.com\/fr\/wp-json\/wp\/v2\/product_tag?post=1502"}],"curies":[{"name":"wp","href":"https:\/\/api.w.org\/{rel}","templated":true}]}}