{"id":1503,"date":"2023-04-26T08:33:01","date_gmt":"2023-04-26T00:33:01","guid":{"rendered":"https:\/\/fsportsnet.com\/?post_type=product&#038;p=1503"},"modified":"2023-04-26T08:36:11","modified_gmt":"2023-04-26T00:36:11","slug":"ezgoal-hockey-folding-pro-goal-2","status":"publish","type":"product","link":"https:\/\/fsportsnet.com\/fr\/product\/ezgoal-hockey-folding-pro-goal-2\/","title":{"rendered":"But de hockey pliable EZGoal Pro"},"content":{"rendered":"<ul class=\"a-unordered-list a-vertical a-spacing-mini\">\n<li><span class=\"a-list-item\">Cadre et \u00e9tag\u00e8re sup\u00e9rieure incurv\u00e9s de style professionnel de calibre 18<\/span><\/li>\n<li><span class=\"a-list-item\">2\u2033 Cadre en acier peint par poudrage avec construction rigide<\/span><\/li>\n<li><span class=\"a-list-item\">M\u00e9canisme de pliage Rock Solid en instance de brevet pour un rangement \u00e0 plat<\/span><\/li>\n<li><span class=\"a-list-item\">Filet en polypropyl\u00e8ne robuste trait\u00e9 contre les UV avec jupe inf\u00e9rieure renforc\u00e9e en nylon Garantie \u00e0 vie sur le filet de but<\/span><\/li>\n<li><span class=\"a-list-item\">Taille du r\u00e8glement : 72\u2033 de large x 48\u2033 de haut<\/span><\/li>\n<li><span class=\"a-list-item\">Type de sport : Football, Hockey<\/span><\/li>\n<\/ul>","protected":false},"excerpt":{"rendered":"<p>Le but de hockey Fsports 72\u2033 Sleeve Net est parfait pour tous les d\u00e9butants qui veulent jouer dans la rue ! Il s'assemble rapidement gr\u00e2ce \u00e0 la fixation facile du filet \u00e0 manches et aux raccords ajust\u00e9s avec pr\u00e9cision. Cette conception assure une construction rigide. Que le jeu commence ! Taille du but : <span class=\"a-list-item\">72\u2033 de large x 48\u2033 de haut.<\/span><\/p>","protected":false},"featured_media":1495,"template":"","meta":{"_gspb_post_css":""},"product_brand":[],"product_cat":[37],"product_tag":[],"class_list":{"0":"post-1503","1":"product","2":"type-product","3":"status-publish","4":"has-post-thumbnail","6":"product_cat-hockey-goal","8":"first","9":"instock","10":"shipping-taxable","11":"product-type-simple"},"_links":{"self":[{"href":"https:\/\/fsportsnet.com\/fr\/wp-json\/wp\/v2\/product\/1503","targetHints":{"allow":["GET"]}}],"collection":[{"href":"https:\/\/fsportsnet.com\/fr\/wp-json\/wp\/v2\/product"}],"about":[{"href":"https:\/\/fsportsnet.com\/fr\/wp-json\/wp\/v2\/types\/product"}],"wp:featuredmedia":[{"embeddable":true,"href":"https:\/\/fsportsnet.com\/fr\/wp-json\/wp\/v2\/media\/1495"}],"wp:attachment":[{"href":"https:\/\/fsportsnet.com\/fr\/wp-json\/wp\/v2\/media?parent=1503"}],"wp:term":[{"taxonomy":"product_brand","embeddable":true,"href":"https:\/\/fsportsnet.com\/fr\/wp-json\/wp\/v2\/product_brand?post=1503"},{"taxonomy":"product_cat","embeddable":true,"href":"https:\/\/fsportsnet.com\/fr\/wp-json\/wp\/v2\/product_cat?post=1503"},{"taxonomy":"product_tag","embeddable":true,"href":"https:\/\/fsportsnet.com\/fr\/wp-json\/wp\/v2\/product_tag?post=1503"}],"curies":[{"name":"wp","href":"https:\/\/api.w.org\/{rel}","templated":true}]}}