{"id":1507,"date":"2023-04-26T09:23:28","date_gmt":"2023-04-26T01:23:28","guid":{"rendered":"https:\/\/fsportsnet.com\/?post_type=product&#038;p=1507"},"modified":"2023-04-26T09:40:44","modified_gmt":"2023-04-26T01:40:44","slug":"regulation-6-x-6-lacrosse-net-with-steel-frame","status":"publish","type":"product","link":"https:\/\/fsportsnet.com\/fr\/product\/regulation-6-x-6-lacrosse-net-with-steel-frame\/","title":{"rendered":"Filet de crosse r\u00e9glementaire 6\u2032 x 6\u2032 avec cadre en acier"},"content":{"rendered":"<p>MONTAGE ET D\u00c9MONTAGE INSTANTAN\u00c9S : facile \u00e0 monter et \u00e0 d\u00e9monter en moins de 3 minutes pour pouvoir jouer ou s'entra\u00eener n'importe o\u00f9.<br \/>\nL'OUTIL D'ENTRA\u00ceNEMENT PAR EXCELLENCE : Filet d'entra\u00eenement parfait pour les joueurs de crosse de tous niveaux pour les matchs, les m\u00eal\u00e9es ou les s\u00e9ances d'entra\u00eenement.<br \/>\nTAILLE R\u00c9GLEMENTAIRE : L'ouverture du but mesure 6 pieds de large x 6 pieds de haut x 6,5 pieds de profondeur. L'ensemble complet comprend le filet de crosse, le cadre et la mallette de transport portable.<br \/>\nINDISPENSABLE POUR LES ENTRA\u00ceNEURS ET LES JOUEURS : Convient parfaitement aux programmes LAX et aux organisations qui exigent performance et qualit\u00e9 sans se ruiner.<br \/>\nCONSTRUCTION DURABLE : Cadre pliable renforc\u00e9 avec filet en polyester haute densit\u00e9 et mallette de transport portable. Id\u00e9al pour les joueurs de crosse, les entra\u00eeneurs et les camps.<\/p>\n<p>1. taille : 4 X 4\u2032, 6 x 6\u2032<br \/>\n2.Cadre : \u03a625 x 1.0mm tube d'acier &amp; \u03a612.7mm poteaux en fibre de verre<br \/>\n3.Net : polyester 5 plis 1,5\u201d sans n\u0153uds et tissu oxford 420\/600D<br \/>\nTaille de l'emballage unique : 64X10X18 cm<\/p>","protected":false},"excerpt":{"rendered":"<p>Filet de crosse r\u00e9glementaire 6\u2032 x 6\u2032 avec cadre en acier But de crosse portable But de crosse coll\u00e9gial<br \/>\nBut de crosse portable<\/p>","protected":false},"featured_media":1546,"template":"","meta":{"_gspb_post_css":""},"product_brand":[],"product_cat":[38],"product_tag":[],"class_list":{"0":"post-1507","1":"product","2":"type-product","3":"status-publish","4":"has-post-thumbnail","6":"product_cat-lacrosse-goal","8":"first","9":"instock","10":"shipping-taxable","11":"product-type-simple"},"_links":{"self":[{"href":"https:\/\/fsportsnet.com\/fr\/wp-json\/wp\/v2\/product\/1507","targetHints":{"allow":["GET"]}}],"collection":[{"href":"https:\/\/fsportsnet.com\/fr\/wp-json\/wp\/v2\/product"}],"about":[{"href":"https:\/\/fsportsnet.com\/fr\/wp-json\/wp\/v2\/types\/product"}],"wp:featuredmedia":[{"embeddable":true,"href":"https:\/\/fsportsnet.com\/fr\/wp-json\/wp\/v2\/media\/1546"}],"wp:attachment":[{"href":"https:\/\/fsportsnet.com\/fr\/wp-json\/wp\/v2\/media?parent=1507"}],"wp:term":[{"taxonomy":"product_brand","embeddable":true,"href":"https:\/\/fsportsnet.com\/fr\/wp-json\/wp\/v2\/product_brand?post=1507"},{"taxonomy":"product_cat","embeddable":true,"href":"https:\/\/fsportsnet.com\/fr\/wp-json\/wp\/v2\/product_cat?post=1507"},{"taxonomy":"product_tag","embeddable":true,"href":"https:\/\/fsportsnet.com\/fr\/wp-json\/wp\/v2\/product_tag?post=1507"}],"curies":[{"name":"wp","href":"https:\/\/api.w.org\/{rel}","templated":true}]}}