{"id":1547,"date":"2023-04-26T09:23:42","date_gmt":"2023-04-26T01:23:42","guid":{"rendered":"https:\/\/fsportsnet.com\/?post_type=product&#038;p=1547"},"modified":"2023-04-26T09:36:52","modified_gmt":"2023-04-26T01:36:52","slug":"mini-kids-lacrosse-net-with-steel-frame-4-x-4","status":"publish","type":"product","link":"https:\/\/fsportsnet.com\/fr\/product\/mini-kids-lacrosse-net-with-steel-frame-4-x-4\/","title":{"rendered":"Filet de crosse pour enfants avec cadre en acier 4\u2032 x 4\u2032"},"content":{"rendered":"<p>MONTAGE ET D\u00c9MONTAGE INSTANTAN\u00c9S : facile \u00e0 monter et \u00e0 d\u00e9monter en moins de 3 minutes pour pouvoir jouer ou s'entra\u00eener n'importe o\u00f9.<br \/>\nL'ULTIME AIDE \u00c0 L'ENTRA\u00ceNEMENT : Filet d'entra\u00eenement parfait pour les joueurs de crosse Small Kids de tous niveaux pour les matchs, les m\u00eal\u00e9es ou les s\u00e9ances d'entra\u00eenement.<br \/>\nTAILLE R\u00c9GLEMENTAIRE : L'ouverture du but mesure 4 pieds de large x 4 pieds de haut. L'ensemble complet comprend le filet de crosse, le cadre et la mallette de transport portable.<br \/>\nINDISPENSABLE POUR LES ENTRA\u00ceNEURS ET LES JOUEURS : Convient parfaitement aux programmes LAX et aux organisations qui exigent performance et qualit\u00e9 sans se ruiner.<br \/>\nCONSTRUCTION DURABLE : Cadre pliable renforc\u00e9 avec filet en polyester haute densit\u00e9 et mallette de transport portable. Id\u00e9al pour les joueurs de crosse, les entra\u00eeneurs et les camps.<\/p>\n<p>1. taille : 4 X 4\u2032<br \/>\n2.Cadre : \u03a625 x 1.0mm tube d'acier &amp; \u03a612.7mm poteaux en fibre de verre<br \/>\n3.Net : polyester 5 plis 1,5\u201d sans n\u0153uds et tissu oxford 420\/600D<br \/>\nTaille de l'emballage unique : 64X10X18 cm<\/p>","protected":false},"excerpt":{"rendered":"<ul class=\"a-unordered-list a-vertical a-spacing-mini\">\n<li><span class=\"a-list-item\">APPRENDRE \u00c0 JOUER : Ce but est parfait pour les jeunes enfants qui veulent pratiquer leurs habilet\u00e9s de crosse et d\u00e9velopper leur amour du jeu !<\/span><\/li>\n<li><span class=\"a-list-item\">INSTALLATION RAPIDE ET FACILE : Ce but est extr\u00eamement facile \u00e0 installer. Il suffit de faire glisser le tube \u00e0 travers le filet et de connecter chaque coin ! Feuille d'instructions incluse<\/span><\/li>\n<li><span class=\"a-list-item\">AM\u00c9LIORER LA COORDINATION : Ce but orange vif aidera les enfants \u00e0 se concentrer sur leur cible et \u00e0 am\u00e9liorer leur lancer et leur vis\u00e9e !<\/span><\/li>\n<li><span class=\"a-list-item\">TAILLE POUR LES JEUNES : Le filet de 4 m\u00e8tres de long est parfaitement adapt\u00e9 aux jeunes joueurs pour qu'ils s'entra\u00eenent \u00e0 tirer et \u00e0 jouer au gardien de but.<\/span><\/li>\n<li><span class=\"a-list-item\">PORTABLE : Nous avons con\u00e7u ce but pour qu'il soit l\u00e9ger et portable, afin que vous puissiez facilement l'emmener dans le jardin, \u00e0 la plage, dans le parc ou partout o\u00f9 le jeu vous emm\u00e8ne !<\/span><\/li>\n<\/ul>","protected":false},"featured_media":1515,"template":"","meta":{"_gspb_post_css":""},"product_brand":[],"product_cat":[38],"product_tag":[],"class_list":{"0":"post-1547","1":"product","2":"type-product","3":"status-publish","4":"has-post-thumbnail","6":"product_cat-lacrosse-goal","8":"first","9":"instock","10":"shipping-taxable","11":"product-type-simple"},"_links":{"self":[{"href":"https:\/\/fsportsnet.com\/fr\/wp-json\/wp\/v2\/product\/1547","targetHints":{"allow":["GET"]}}],"collection":[{"href":"https:\/\/fsportsnet.com\/fr\/wp-json\/wp\/v2\/product"}],"about":[{"href":"https:\/\/fsportsnet.com\/fr\/wp-json\/wp\/v2\/types\/product"}],"wp:featuredmedia":[{"embeddable":true,"href":"https:\/\/fsportsnet.com\/fr\/wp-json\/wp\/v2\/media\/1515"}],"wp:attachment":[{"href":"https:\/\/fsportsnet.com\/fr\/wp-json\/wp\/v2\/media?parent=1547"}],"wp:term":[{"taxonomy":"product_brand","embeddable":true,"href":"https:\/\/fsportsnet.com\/fr\/wp-json\/wp\/v2\/product_brand?post=1547"},{"taxonomy":"product_cat","embeddable":true,"href":"https:\/\/fsportsnet.com\/fr\/wp-json\/wp\/v2\/product_cat?post=1547"},{"taxonomy":"product_tag","embeddable":true,"href":"https:\/\/fsportsnet.com\/fr\/wp-json\/wp\/v2\/product_tag?post=1547"}],"curies":[{"name":"wp","href":"https:\/\/api.w.org\/{rel}","templated":true}]}}