{"id":1552,"date":"2023-04-26T09:47:50","date_gmt":"2023-04-26T01:47:50","guid":{"rendered":"https:\/\/fsportsnet.com\/?post_type=product&#038;p=1552"},"modified":"2023-04-26T09:57:56","modified_gmt":"2023-04-26T01:57:56","slug":"kids-lacrosse-goal-backyard-training-exercise-lacrosse-net","status":"publish","type":"product","link":"https:\/\/fsportsnet.com\/fr\/product\/kids-lacrosse-goal-backyard-training-exercise-lacrosse-net\/","title":{"rendered":"Kids Lacrosse Goal Backyard Training Exercise Lacrosse Net (filet de crosse pour enfants)"},"content":{"rendered":"<ul class=\"a-unordered-list a-vertical a-spacing-mini\">\n<li><span class=\"a-list-item\">Meilleur \u00e9quipement d'entra\u00eenement pour la crosse - Il est beaucoup plus portable que les filets en acier normaux et peut m\u00eame \u00eatre transport\u00e9 \u00e0 l'arri\u00e8re d'un v\u00e9hicule utilitaire sport ou simplement port\u00e9 \u00e0 l'\u00e9paule, pour s'entra\u00eener n'importe o\u00f9 !<\/span><\/li>\n<li><span class=\"a-list-item\">Facile \u00e0 ouvrir et \u00e0 plier - Il est tr\u00e8s facile \u00e0 ouvrir et \u00e0 plier en quelques minutes. Il suffit de plier le but pour le r\u00e9duire et de le glisser dans le sac de transport fourni. M\u00eame un enfant peut l'ouvrir et le d\u00e9monter tout seul !<\/span><\/li>\n<li><span class=\"a-list-item\">Cadre en fibre de verre durable - Notre objectif est con\u00e7u pour r\u00e9sister \u00e0 tous les temps gr\u00e2ce \u00e0 la technologie de l'enroulement filamentaire. Il est suffisamment r\u00e9sistant et flexible pour r\u00e9sister \u00e0 un vent fort et soudain ! Ne laissez pas le temps g\u00e2cher votre journ\u00e9e.<\/span><\/li>\n<li><span class=\"a-list-item\">Les meilleurs cadeaux de crosse pour les gar\u00e7ons - Il est portable, facile \u00e0 ouvrir et \u00e0 plier, et m\u00eame un enfant peut l'installer tout seul. Absolument le cadeau le plus unique pour les enfants et les adolescents qui aiment la crosse !<\/span><\/li>\n<li><span class=\"a-list-item\">Pour tous les amateurs de crosse - Trouver le bon \u00e9quipement d'entra\u00eenement est une partie importante de votre \u00e9quipement de crosse. Notre but de crosse est le premier choix des amateurs de crosse.<\/span><\/li>\n<\/ul>","protected":false},"excerpt":{"rendered":"<p>The Net propose des produits et des \u00e9quipements de formation de base permettant aux personnes de s'exercer \u00e0 la maison ou dans divers environnements de formation. Notre objectif est de vous aider \u00e0 obtenir un avantage comp\u00e9titif dans votre entra\u00eenement. Choisissez Fsports, ne vous contentez pas de moins : un syst\u00e8me de filet facile \u00e0 utiliser, rapide \u00e0 installer et multisports. Nous nous effor\u00e7ons toujours de vous apporter les meilleurs produits en anticipant vos moindres d\u00e9sirs. Quoi d'autre ?<\/p>","protected":false},"featured_media":1511,"template":"","meta":{"_gspb_post_css":""},"product_brand":[],"product_cat":[38],"product_tag":[],"class_list":{"0":"post-1552","1":"product","2":"type-product","3":"status-publish","4":"has-post-thumbnail","6":"product_cat-lacrosse-goal","8":"first","9":"instock","10":"shipping-taxable","11":"product-type-simple"},"_links":{"self":[{"href":"https:\/\/fsportsnet.com\/fr\/wp-json\/wp\/v2\/product\/1552","targetHints":{"allow":["GET"]}}],"collection":[{"href":"https:\/\/fsportsnet.com\/fr\/wp-json\/wp\/v2\/product"}],"about":[{"href":"https:\/\/fsportsnet.com\/fr\/wp-json\/wp\/v2\/types\/product"}],"wp:featuredmedia":[{"embeddable":true,"href":"https:\/\/fsportsnet.com\/fr\/wp-json\/wp\/v2\/media\/1511"}],"wp:attachment":[{"href":"https:\/\/fsportsnet.com\/fr\/wp-json\/wp\/v2\/media?parent=1552"}],"wp:term":[{"taxonomy":"product_brand","embeddable":true,"href":"https:\/\/fsportsnet.com\/fr\/wp-json\/wp\/v2\/product_brand?post=1552"},{"taxonomy":"product_cat","embeddable":true,"href":"https:\/\/fsportsnet.com\/fr\/wp-json\/wp\/v2\/product_cat?post=1552"},{"taxonomy":"product_tag","embeddable":true,"href":"https:\/\/fsportsnet.com\/fr\/wp-json\/wp\/v2\/product_tag?post=1552"}],"curies":[{"name":"wp","href":"https:\/\/api.w.org\/{rel}","templated":true}]}}