{"id":1554,"date":"2023-04-26T10:04:07","date_gmt":"2023-04-26T02:04:07","guid":{"rendered":"https:\/\/fsportsnet.com\/?post_type=product&#038;p=1554"},"modified":"2023-04-26T10:27:10","modified_gmt":"2023-04-26T02:27:10","slug":"ezgoal-lacrosse-folding-goal-with-steel-frame","status":"publish","type":"product","link":"https:\/\/fsportsnet.com\/fr\/product\/ezgoal-lacrosse-folding-goal-with-steel-frame\/","title":{"rendered":"Cible de tir pour but de crosse Cibles d'angle pour l'entra\u00eenement au tir"},"content":{"rendered":"<ul class=\"a-unordered-list a-vertical a-spacing-mini\">\n<li><span class=\"a-list-item\">Cible de tir de qualit\u00e9 sup\u00e9rieure:Cette cible de tir imperm\u00e9able de poids \u00e9lev\u00e9 est fabriqu\u00e9e en tissu de nylon de qualit\u00e9, le tissu de la cible de crosse est portable et facile \u00e0 plier. Il ne se cassera pas et ne se d\u00e9colorera pas facilement et peut r\u00e9sister \u00e0 la plupart des conditions m\u00e9t\u00e9orologiques.<\/span><\/li>\n<li><span class=\"a-list-item\">Buts de crosse de taille officielle : 6\u2032 x 6\u2032 Con\u00e7u pour \u00eatre utilis\u00e9 sur les buts de crosse de taille officielle pour les joueurs adultes et jeunes.<\/span><\/li>\n<li><span class=\"a-list-item\">9 zones de tir : Cette cible de tir de qualit\u00e9 sup\u00e9rieure comporte 9 zones de tir r\u00e9alistes pour aider les joueurs \u00e0 s'entra\u00eener \u00e0 la pr\u00e9cision de leurs tirs sans avoir besoin d'un gardien de but. Des enfants aux joueurs exp\u00e9riment\u00e9s, nos buts de crosse sont destin\u00e9s aux d\u00e9butants, aux interm\u00e9diaires et aux joueurs avanc\u00e9s.<\/span><\/li>\n<li><span class=\"a-list-item\">Facile \u00e0 installer et \u00e0 transporter : \u00e9quip\u00e9 de 16 boucles \u00e9lastiques qui peuvent \u00eatre facilement install\u00e9es et ajust\u00e9es selon vos besoins, et vous pouvez facilement plier les accessoires de crosse et les ranger dans un sac, l\u00e9ger pour que vous puissiez les emmener avec vous o\u00f9 que vous alliez, sans occuper trop d'espace ou d'\u00e9nergie.<\/span><\/li>\n<\/ul>\n<ul class=\"a-unordered-list a-vertical a-spacing-mini\">\n<li>\u00a01. Dimensions : 6x6x7ft<br \/>\n2. Cadre : 31.8\u00d70.8mm avec 50pcs bungees<br \/>\n3. Filet : Filet sans n\u0153uds en polyester 7ply 1.5\u201d.<br \/>\n4. Poids : 11,35 kg<br \/>\n5. Dimensions de l'emballage : 39,4 x 16,4 x 4,8 pouces<\/li>\n<\/ul>","protected":false},"excerpt":{"rendered":"<h4 class=\"a-spacing-mini\">Construire pour jouer dans la cour et \u00e0 l'ext\u00e9rieur<\/h4>\n<p>Notre but de crosse est con\u00e7u pour les jeux d'arri\u00e8re-cour et les entra\u00eenements en plein air. Avec le cadre en acier durable et les piquets de sol pour fixer le but au sol, il vous aide \u00e0 lutter contre les conditions m\u00e9t\u00e9orologiques impr\u00e9visibles. Le but robuste et stable vous offre une exp\u00e9rience d'entra\u00eenement non-stop comme vous n'en avez jamais eue.<\/p>","protected":false},"featured_media":1529,"template":"","meta":{"_gspb_post_css":""},"product_brand":[],"product_cat":[38],"product_tag":[],"class_list":{"0":"post-1554","1":"product","2":"type-product","3":"status-publish","4":"has-post-thumbnail","6":"product_cat-lacrosse-goal","8":"first","9":"instock","10":"shipping-taxable","11":"product-type-simple"},"_links":{"self":[{"href":"https:\/\/fsportsnet.com\/fr\/wp-json\/wp\/v2\/product\/1554","targetHints":{"allow":["GET"]}}],"collection":[{"href":"https:\/\/fsportsnet.com\/fr\/wp-json\/wp\/v2\/product"}],"about":[{"href":"https:\/\/fsportsnet.com\/fr\/wp-json\/wp\/v2\/types\/product"}],"wp:featuredmedia":[{"embeddable":true,"href":"https:\/\/fsportsnet.com\/fr\/wp-json\/wp\/v2\/media\/1529"}],"wp:attachment":[{"href":"https:\/\/fsportsnet.com\/fr\/wp-json\/wp\/v2\/media?parent=1554"}],"wp:term":[{"taxonomy":"product_brand","embeddable":true,"href":"https:\/\/fsportsnet.com\/fr\/wp-json\/wp\/v2\/product_brand?post=1554"},{"taxonomy":"product_cat","embeddable":true,"href":"https:\/\/fsportsnet.com\/fr\/wp-json\/wp\/v2\/product_cat?post=1554"},{"taxonomy":"product_tag","embeddable":true,"href":"https:\/\/fsportsnet.com\/fr\/wp-json\/wp\/v2\/product_tag?post=1554"}],"curies":[{"name":"wp","href":"https:\/\/api.w.org\/{rel}","templated":true}]}}