{"id":1574,"date":"2023-04-26T14:13:56","date_gmt":"2023-04-26T06:13:56","guid":{"rendered":"https:\/\/fsportsnet.com\/?post_type=product&#038;p=1574"},"modified":"2023-04-26T14:25:00","modified_gmt":"2023-04-26T06:25:00","slug":"soccer-trainer-portable-soccer-rebounder-net","status":"publish","type":"product","link":"https:\/\/fsportsnet.com\/fr\/product\/soccer-trainer-portable-soccer-rebounder-net\/","title":{"rendered":"Soccer Trainer Portable Soccer Rebounder Net"},"content":{"rendered":"<div id=\"featurebullets_feature_div\" class=\"celwidget\" data-feature-name=\"featurebullets\" data-csa-c-type=\"widget\" data-csa-c-content-id=\"featurebullets\" data-csa-c-slot-id=\"featurebullets_feature_div\" data-csa-c-asin=\"B00VUMGYLQ\" data-csa-c-is-in-initial-active-row=\"false\" data-csa-c-id=\"r02nsd-ek31ro-15bazj-k71de6\" data-cel-widget=\"featurebullets_feature_div\">\n<div id=\"feature-bullets\" class=\"a-section a-spacing-medium a-spacing-top-small\">\n<ul class=\"a-unordered-list a-vertical a-spacing-mini\">\n<li><span class=\"a-list-item\">Fournit un v\u00e9ritable roulement qui aide \u00e0 ma\u00eetriser les passes et les r\u00e9ceptions sur le terrain<\/span><\/li>\n<li><span class=\"a-list-item\">Maximisez les r\u00e9p\u00e9titions en bloquant le ballon dans l'air avec vos pieds, vos cuisses et votre poitrine.<\/span><\/li>\n<li><span class=\"a-list-item\">Travail sur les vol\u00e9es et demi-vol\u00e9es avec le cou-de-pied et les lacets<\/span><\/li>\n<li><span class=\"a-list-item\">Lance le ballon en l'air pour des coups de t\u00eate offensifs vers le bas et des coups de t\u00eate d\u00e9fensifs vers le haut et au loin<\/span><\/li>\n<li><span class=\"a-list-item\">Portable, l\u00e9ger et facile \u00e0 ranger<\/span><\/li>\n<\/ul>\n<\/div>\n<\/div>\n<div id=\"serviceCapabilities_feature_div\" class=\"celwidget\" data-feature-name=\"serviceCapabilities\" data-csa-c-type=\"widget\" data-csa-c-content-id=\"serviceCapabilities\" data-csa-c-slot-id=\"serviceCapabilities_feature_div\" data-csa-c-asin=\"B00VUMGYLQ\" data-csa-c-is-in-initial-active-row=\"false\" data-csa-c-id=\"cdqbcs-cqt9yd-frehzg-ddrb62\" data-cel-widget=\"serviceCapabilities_feature_div\">1. Taille : 300x200x120cm<br \/>\n2. Tube en acier : \u03a625.4 x 1.0mm<br \/>\n3. Fibre de verre : Poteaux solides de 12,7 mm<br \/>\n4. Filet : polyester 3ply 1\u201d sans noeud<br \/>\npolyester 5ply 1.75\u201d sans noeud<br \/>\n5. Sac : tissu oxford 420D<br \/>\n6. G.W 7.5kg, N.W 8.5kg<br \/>\n7. Taille du carton : 20*15x102CM<\/div>","protected":false},"excerpt":{"rendered":"<p>Le Quickster Soccer Trainer s'installe rapidement, r\u00e9siste aux passes les plus difficiles et se range facilement. L\u00e9ger mais durable, ce rebondisseur multi-touch aide les joueurs \u00e0 d\u00e9velopper leurs comp\u00e9tences d'une mani\u00e8re qui laisse tous les autres rebondisseurs \u00e0 plat.<\/p>","protected":false},"featured_media":1570,"template":"","meta":{"_gspb_post_css":""},"product_brand":[],"product_cat":[32],"product_tag":[],"class_list":{"0":"post-1574","1":"product","2":"type-product","3":"status-publish","4":"has-post-thumbnail","6":"product_cat-rebounder","8":"first","9":"instock","10":"shipping-taxable","11":"product-type-simple"},"_links":{"self":[{"href":"https:\/\/fsportsnet.com\/fr\/wp-json\/wp\/v2\/product\/1574","targetHints":{"allow":["GET"]}}],"collection":[{"href":"https:\/\/fsportsnet.com\/fr\/wp-json\/wp\/v2\/product"}],"about":[{"href":"https:\/\/fsportsnet.com\/fr\/wp-json\/wp\/v2\/types\/product"}],"wp:featuredmedia":[{"embeddable":true,"href":"https:\/\/fsportsnet.com\/fr\/wp-json\/wp\/v2\/media\/1570"}],"wp:attachment":[{"href":"https:\/\/fsportsnet.com\/fr\/wp-json\/wp\/v2\/media?parent=1574"}],"wp:term":[{"taxonomy":"product_brand","embeddable":true,"href":"https:\/\/fsportsnet.com\/fr\/wp-json\/wp\/v2\/product_brand?post=1574"},{"taxonomy":"product_cat","embeddable":true,"href":"https:\/\/fsportsnet.com\/fr\/wp-json\/wp\/v2\/product_cat?post=1574"},{"taxonomy":"product_tag","embeddable":true,"href":"https:\/\/fsportsnet.com\/fr\/wp-json\/wp\/v2\/product_tag?post=1574"}],"curies":[{"name":"wp","href":"https:\/\/api.w.org\/{rel}","templated":true}]}}