{"id":1575,"date":"2023-04-26T14:25:12","date_gmt":"2023-04-26T06:25:12","guid":{"rendered":"https:\/\/fsportsnet.com\/?post_type=product&#038;p=1575"},"modified":"2023-04-27T10:10:00","modified_gmt":"2023-04-27T02:10:00","slug":"professional-soccer-rebound-net-7x7ft-angle-adjustable","status":"publish","type":"product","link":"https:\/\/fsportsnet.com\/fr\/product\/professional-soccer-rebound-net-7x7ft-angle-adjustable\/","title":{"rendered":"Filet de rebond professionnel pour le football 7x7ft Angle ajustable"},"content":{"rendered":"<div id=\"featurebullets_feature_div\" class=\"celwidget\" data-feature-name=\"featurebullets\" data-csa-c-type=\"widget\" data-csa-c-content-id=\"featurebullets\" data-csa-c-slot-id=\"featurebullets_feature_div\" data-csa-c-asin=\"B00VUMGYLQ\" data-csa-c-is-in-initial-active-row=\"false\" data-csa-c-id=\"r02nsd-ek31ro-15bazj-k71de6\" data-cel-widget=\"featurebullets_feature_div\">\n<div id=\"feature-bullets\" class=\"a-section a-spacing-medium a-spacing-top-small\">\n<ul class=\"a-unordered-list a-vertical a-spacing-mini\">\n<li>1. Taille : 7x7ft<br \/>\n2. Tube en acier : \u03a625 x 1.0mm<br \/>\n3. Fibre de verre : Poteaux solides de 12,7 mm<br \/>\n4. Filet : 3ply x 2.5cm<\/li>\n<li>\n<h1 class=\"a-size-base-plus a-text-bold\">A propos de cet article<\/h1>\n<ul class=\"a-unordered-list a-vertical a-spacing-mini\">\n<li><span class=\"a-list-item\">ANGLE ADJUSTABLE DESIGN- Avec le design unique d'ajustement de l'angle, vous pouvez soulever le filet de rebond \u00e0 2 angles pour avoir diff\u00e9rentes m\u00e9thodes de rebond et cr\u00e9er un environnement d'entra\u00eenement plus r\u00e9aliste que n'importe quel autre rebondisseur sur le march\u00e9. Faites passer votre jeu de football au niveau sup\u00e9rieur en recevant n'importe quel type de passe. Ajuste les angles pour pratiquer le sol, les genoux, la poitrine et la chaleur.<\/span><\/li>\n<li><span class=\"a-list-item\">OUTIL D'ENTRA\u00ceNEMENT PROFESSIONNEL - Le rebondisseur est dot\u00e9 d'un filet de rebond \u00e0 haute tension. Con\u00e7u pour les joueurs qui s'entra\u00eenent ensemble ou en solo, pour am\u00e9liorer la pr\u00e9cision et l'habilet\u00e9 dans tous les aspects du jeu. Profitez de chaque minute de frappe de balle \u00e0 n'importe quel angle gr\u00e2ce \u00e0 la grande surface de 7 pieds par 7 pieds, sans zones \u201cmortes\u201d qui ne rebondissent pas. Avec des \u00e9lastiques haut de gamme, une zone de retour de pr\u00e8s de 72 pieds carr\u00e9s et une cible peinte pour que vous puissiez viser juste, votre jeu de football deviendra l\u00e9gendaire.<\/span><\/li>\n<li><span class=\"a-list-item\">CONSTRUCTION ROBUSTE - Fabriqu\u00e9 \u00e0 partir d'acier rev\u00eatu de poudre et d'un filet de premi\u00e8re qualit\u00e9, le filet r\u00e9siste \u00e0 d'innombrables coups et ne se renverse pas. Gr\u00e2ce au rev\u00eatement PU 420D du filet en polyester sans n\u0153uds, notre filet de golf survit \u00e0 l'abus des coups les plus durs, saison apr\u00e8s saison.<\/span><\/li>\n<li><span class=\"a-list-item\">MULTI-FONCTION - Notre filet peut \u00eatre utilis\u00e9 \u00e0 l'int\u00e9rieur ou \u00e0 l'ext\u00e9rieur sans souci. Le cadre est dot\u00e9 de pieds de soutien extra-longs pour une stabilit\u00e9 accrue sur le sol et de 4 autres piquets de sol pour une stabilit\u00e9 optimale. Parfait pour la crosse, le baseball, le softball, le football, le basket-ball, le volley-ball, le tennis et les sports de raquette. Peut \u00eatre utilis\u00e9 comme backstop portable pour n'importe quel sport et parfait pour les s\u00e9ances d'entra\u00eenement ou les m\u00eal\u00e9es dans n'importe quelle arri\u00e8re-cour, garage ou sur le terrain.<\/span><\/li>\n<li><span class=\"a-list-item\">INSTALLATION FACILE - Gr\u00e2ce \u00e0 sa conception, notre filet rebondisseur n'a pas besoin d'\u00eatre assembl\u00e9 de mani\u00e8re compliqu\u00e9e, il s'assemble en quelques minutes et ne n\u00e9cessite aucune corde de soutien. Peut \u00eatre utilis\u00e9 sur l'herbe, le sable, les sols de gymnase, le b\u00e9ton et plus encore.<\/span><\/li>\n<\/ul>\n<\/li>\n<\/ul>\n<\/div>\n<\/div>\n<div id=\"serviceCapabilities_feature_div\" class=\"celwidget\" data-feature-name=\"serviceCapabilities\" data-csa-c-type=\"widget\" data-csa-c-content-id=\"serviceCapabilities\" data-csa-c-slot-id=\"serviceCapabilities_feature_div\" data-csa-c-asin=\"B00VUMGYLQ\" data-csa-c-is-in-initial-active-row=\"false\" data-csa-c-id=\"cdqbcs-cqt9yd-frehzg-ddrb62\" data-cel-widget=\"serviceCapabilities_feature_div\"><\/div>","protected":false},"excerpt":{"rendered":"<p>Le filet rebondisseur Fsports Soccer Trainer n'a pas besoin d'\u00eatre assembl\u00e9 de mani\u00e8re compliqu\u00e9e, il s'assemble en quelques minutes et ne n\u00e9cessite aucune corde de soutien. Peut \u00eatre utilis\u00e9 sur l'herbe, le sable, les sols de gymnase, le b\u00e9ton et plus encore.<\/p>","protected":false},"featured_media":1582,"template":"","meta":{"_gspb_post_css":""},"product_brand":[],"product_cat":[32],"product_tag":[],"class_list":{"0":"post-1575","1":"product","2":"type-product","3":"status-publish","4":"has-post-thumbnail","6":"product_cat-rebounder","8":"first","9":"instock","10":"shipping-taxable","11":"product-type-simple"},"_links":{"self":[{"href":"https:\/\/fsportsnet.com\/fr\/wp-json\/wp\/v2\/product\/1575","targetHints":{"allow":["GET"]}}],"collection":[{"href":"https:\/\/fsportsnet.com\/fr\/wp-json\/wp\/v2\/product"}],"about":[{"href":"https:\/\/fsportsnet.com\/fr\/wp-json\/wp\/v2\/types\/product"}],"wp:featuredmedia":[{"embeddable":true,"href":"https:\/\/fsportsnet.com\/fr\/wp-json\/wp\/v2\/media\/1582"}],"wp:attachment":[{"href":"https:\/\/fsportsnet.com\/fr\/wp-json\/wp\/v2\/media?parent=1575"}],"wp:term":[{"taxonomy":"product_brand","embeddable":true,"href":"https:\/\/fsportsnet.com\/fr\/wp-json\/wp\/v2\/product_brand?post=1575"},{"taxonomy":"product_cat","embeddable":true,"href":"https:\/\/fsportsnet.com\/fr\/wp-json\/wp\/v2\/product_cat?post=1575"},{"taxonomy":"product_tag","embeddable":true,"href":"https:\/\/fsportsnet.com\/fr\/wp-json\/wp\/v2\/product_tag?post=1575"}],"curies":[{"name":"wp","href":"https:\/\/api.w.org\/{rel}","templated":true}]}}