{"id":1600,"date":"2023-04-27T10:10:37","date_gmt":"2023-04-27T02:10:37","guid":{"rendered":"https:\/\/fsportsnet.com\/?post_type=product&#038;p=1600"},"modified":"2023-04-27T10:18:52","modified_gmt":"2023-04-27T02:18:52","slug":"solo-soccer-net-trainer-and-rebounder-with-carry-bag","status":"publish","type":"product","link":"https:\/\/fsportsnet.com\/fr\/product\/solo-soccer-net-trainer-and-rebounder-with-carry-bag\/","title":{"rendered":"Solo Soccer Net Trainer and Rebounder avec sac de transport"},"content":{"rendered":"<div id=\"featurebullets_feature_div\" class=\"celwidget\" data-feature-name=\"featurebullets\" data-csa-c-type=\"widget\" data-csa-c-content-id=\"featurebullets\" data-csa-c-slot-id=\"featurebullets_feature_div\" data-csa-c-asin=\"B00VUMGYLQ\" data-csa-c-is-in-initial-active-row=\"false\" data-csa-c-id=\"r02nsd-ek31ro-15bazj-k71de6\" data-cel-widget=\"featurebullets_feature_div\">\n<div id=\"feature-bullets\" class=\"a-section a-spacing-medium a-spacing-top-small\">\n<ul class=\"a-unordered-list a-vertical a-spacing-mini\">\n<li>1. Taille : 1X1,5m<br \/>\n2. Filet :Polyester<br \/>\n3. Cadre : Dia \u03a625*1.0mm<br \/>\n4. Poteau : Fibre de verre solide de 12,7 mm<br \/>\n5. Sac :600D oxford<\/li>\n<li>\n<h1 class=\"a-size-base-plus a-text-bold\">A propos de cet article<\/h1>\n<ul class=\"a-unordered-list a-vertical a-spacing-mini\">\n<li><span class=\"a-list-item\">Travail sur les vol\u00e9es et demi-vol\u00e9es avec le cou-de-pied et les lacets<\/span><\/li>\n<li><span class=\"a-list-item\">D\u00e9crocher le ballon avec les pieds, les cuisses et la poitrine tout en maximisant les r\u00e9p\u00e9titions.<\/span><\/li>\n<li><span class=\"a-list-item\">Portable, l\u00e9ger et facile \u00e0 ranger<\/span><\/li>\n<li><span class=\"a-list-item\">Pointes attach\u00e9es pour fixer le filet au sol<\/span><\/li>\n<li><span class=\"a-list-item\">Le filet mesure 5\u2019x 3\u2019, sac de transport inclus<\/span><\/li>\n<li><span class=\"a-list-item\">MULTI-FONCTION - Notre filet peut \u00eatre utilis\u00e9 \u00e0 l'int\u00e9rieur ou \u00e0 l'ext\u00e9rieur sans souci. Le cadre est dot\u00e9 de pieds de soutien extra-longs pour une stabilit\u00e9 accrue sur le sol et de 4 autres piquets de sol pour une stabilit\u00e9 optimale. Parfait pour la crosse, le baseball, le softball, le football, le basket-ball, le volley-ball, le tennis et les sports de raquette. Peut \u00eatre utilis\u00e9 comme backstop portable pour n'importe quel sport et parfait pour les s\u00e9ances d'entra\u00eenement ou les m\u00eal\u00e9es dans n'importe quelle arri\u00e8re-cour, garage ou sur le terrain.<\/span><\/li>\n<li><span class=\"a-list-item\">INSTALLATION FACILE - Gr\u00e2ce \u00e0 sa conception, notre filet rebondisseur n'a pas besoin d'\u00eatre assembl\u00e9 de mani\u00e8re compliqu\u00e9e, il s'assemble en quelques minutes et ne n\u00e9cessite aucune corde de soutien. Peut \u00eatre utilis\u00e9 sur l'herbe, le sable, les sols de gymnase, le b\u00e9ton et plus encore.<\/span><\/li>\n<\/ul>\n<\/li>\n<\/ul>\n<\/div>\n<\/div>\n<div id=\"serviceCapabilities_feature_div\" class=\"celwidget\" data-feature-name=\"serviceCapabilities\" data-csa-c-type=\"widget\" data-csa-c-content-id=\"serviceCapabilities\" data-csa-c-slot-id=\"serviceCapabilities_feature_div\" data-csa-c-asin=\"B00VUMGYLQ\" data-csa-c-is-in-initial-active-row=\"false\" data-csa-c-id=\"cdqbcs-cqt9yd-frehzg-ddrb62\" data-cel-widget=\"serviceCapabilities_feature_div\"><\/div>","protected":false},"excerpt":{"rendered":"<p>Aide les athl\u00e8tes \u00e0 travailler le ballon en l'air avec les pieds, les cuisses et la poitrine tout en se concentrant sur l'optimisation des r\u00e9p\u00e9titions. Le Soccer Trainer Solo est id\u00e9al pour travailler les vol\u00e9es et demi-vol\u00e9es avec le cou-de-pied et les lacets, cr\u00e9ant ainsi de meilleures habitudes de contr\u00f4le du ballon et une plus grande pr\u00e9cision. Les athl\u00e8tes seront en mesure d'utiliser ces comp\u00e9tences pratiqu\u00e9es et de les transf\u00e9rer dans des situations de jeu. Con\u00e7u avec un filet \u00e0 rebond optimal, qui est construit pour durer pendant des saisons d'utilisation. Utilisez le Soccer Trainer Solo pour vous entra\u00eener dans votre jardin et am\u00e9liorer votre technique gr\u00e2ce \u00e0 l'entra\u00eenement en solo afin d'\u00eatre meilleur sur le terrain. Le Soccer Trainer Solo est incroyablement portable, l\u00e9ger et se range facilement dans le sac de transport inclus. Des crampons sont int\u00e9gr\u00e9s pour fixer le filet dans le sol.<\/p>","protected":false},"featured_media":1599,"template":"","meta":{"_gspb_post_css":""},"product_brand":[],"product_cat":[32],"product_tag":[],"class_list":{"0":"post-1600","1":"product","2":"type-product","3":"status-publish","4":"has-post-thumbnail","6":"product_cat-rebounder","8":"first","9":"instock","10":"shipping-taxable","11":"product-type-simple"},"_links":{"self":[{"href":"https:\/\/fsportsnet.com\/fr\/wp-json\/wp\/v2\/product\/1600","targetHints":{"allow":["GET"]}}],"collection":[{"href":"https:\/\/fsportsnet.com\/fr\/wp-json\/wp\/v2\/product"}],"about":[{"href":"https:\/\/fsportsnet.com\/fr\/wp-json\/wp\/v2\/types\/product"}],"wp:featuredmedia":[{"embeddable":true,"href":"https:\/\/fsportsnet.com\/fr\/wp-json\/wp\/v2\/media\/1599"}],"wp:attachment":[{"href":"https:\/\/fsportsnet.com\/fr\/wp-json\/wp\/v2\/media?parent=1600"}],"wp:term":[{"taxonomy":"product_brand","embeddable":true,"href":"https:\/\/fsportsnet.com\/fr\/wp-json\/wp\/v2\/product_brand?post=1600"},{"taxonomy":"product_cat","embeddable":true,"href":"https:\/\/fsportsnet.com\/fr\/wp-json\/wp\/v2\/product_cat?post=1600"},{"taxonomy":"product_tag","embeddable":true,"href":"https:\/\/fsportsnet.com\/fr\/wp-json\/wp\/v2\/product_tag?post=1600"}],"curies":[{"name":"wp","href":"https:\/\/api.w.org\/{rel}","templated":true}]}}