{"id":1601,"date":"2023-04-27T10:19:08","date_gmt":"2023-04-27T02:19:08","guid":{"rendered":"https:\/\/fsportsnet.com\/?post_type=product&#038;p=1601"},"modified":"2023-04-27T10:29:21","modified_gmt":"2023-04-27T02:29:21","slug":"pitchback-baseball-and-softball-pitching-net-and-rebounder","status":"publish","type":"product","link":"https:\/\/fsportsnet.com\/fr\/product\/pitchback-baseball-and-softball-pitching-net-and-rebounder\/","title":{"rendered":"Filet de lancer et rebond PitchBack pour le baseball et le softball"},"content":{"rendered":"<div id=\"featurebullets_feature_div\" class=\"celwidget\" data-feature-name=\"featurebullets\" data-csa-c-type=\"widget\" data-csa-c-content-id=\"featurebullets\" data-csa-c-slot-id=\"featurebullets_feature_div\" data-csa-c-asin=\"B00VUMGYLQ\" data-csa-c-is-in-initial-active-row=\"false\" data-csa-c-id=\"r02nsd-ek31ro-15bazj-k71de6\" data-cel-widget=\"featurebullets_feature_div\">\n<div id=\"feature-bullets\" class=\"a-section a-spacing-medium a-spacing-top-small\">\n<ul class=\"a-unordered-list a-vertical a-spacing-mini\">\n<li>1. taille : 60\u00d744 \u201dx42\u201d<br \/>\n2. Filet :PE 30 ply1.75\u2033\/5ply polyster<br \/>\n3. Cadre : Dia25.4*0.8mm<\/li>\n<li>\n<h1 class=\"a-size-base-plus a-text-bold\">A propos de cet article<\/h1>\n<ul class=\"a-unordered-list a-vertical a-spacing-mini\">\n<li><span class=\"a-list-item\">Portable, l\u00e9ger et facile \u00e0 ranger<\/span><\/li>\n<li><span class=\"a-list-item\">Pointes attach\u00e9es pour fixer le filet au sol<\/span><\/li>\n<li><span class=\"a-list-item\">Renvoie les balles sous diff\u00e9rents angles pour l'entra\u00eenement au lancer, au lancer de balle et au travail sur le terrain.<\/span><\/li>\n<li><span class=\"a-list-item\">D\u00e9tails de construction durables, avec un cadre m\u00e9tallique robuste et un filet r\u00e9sistant.<\/span><\/li>\n<li><span class=\"a-list-item\">Assemblage rapide et facile<\/span><\/li>\n<\/ul>\n<\/li>\n<li>L'entra\u00eeneur de baseball Fsports PitchBack est l'outil id\u00e9al pour les \u00e9quipes de baseball, les \u00e9quipes de softball ou les joueurs solitaires. D\u00e9veloppez votre confiance \u00e0 chaque fois que vous montez sur le monticule. Obtenez un retour d'information automatique et entra\u00eenez-vous \u00e0 simuler des balles au sol, des frappes en ligne ou des mouches en fonction de l'angle r\u00e9glable du cadre. Le ruban cible de la zone de frappe inclus est r\u00e9glable et permet aux lanceurs de perfectionner leur vis\u00e9e, am\u00e9liorant ainsi leur technique g\u00e9n\u00e9rale.\n<p>Avec une installation pratique et une portabilit\u00e9 facile, le PitchBack de Fsports est id\u00e9al pour tous les joueurs de diamant et les \u00e9quipes. Il suffit d'installer votre outil d'entra\u00eenement dans le parc, sur le terrain ou m\u00eame dans votre jardin pour des heures de plaisir. Le filet d'entra\u00eenement robuste am\u00e9liore le lancer et le placement, et les angles r\u00e9glables du PitchBack permettent de lancer des mouches, des tirs en ligne et des balles au sol.<\/p>\n<p>Ce filet rebondisseur Pitchback multipositions robuste simule les balles au sol, les frappes en ligne et les mouches en ajustant l'angle. Il renvoie les balles depuis une vari\u00e9t\u00e9 d'angles et comprend un ruban cible pour les lancers. Id\u00e9al pour tous les joueurs de baseball et de softball, avec une construction robuste, un design pliable et un cadre inclin\u00e9 qui facilite le stockage et le transport. Des piquets de sol sont inclus pour assurer la stabilit\u00e9.<\/li>\n<\/ul>\n<\/div>\n<\/div>","protected":false},"excerpt":{"rendered":"<p>Caract\u00e9ristiques et sp\u00e9cifications :<\/p>\n<p>Le filet d'entra\u00eenement \u00e0 rebond robuste am\u00e9liore les lancers et le travail sur le terrain<br \/>\nAngles de recul r\u00e9glables pour les mouches pop, les frappes en ligne et les frappes au sol<br \/>\nConstruction robuste et durable avec un cadre m\u00e9tallique solide et un filet 21 couches r\u00e9sistant aux intemp\u00e9ries.<br \/>\nLa conception pliable facilite le stockage et le transport.<br \/>\nPiquets de terre inclus<br \/>\nRenvoie les balles sous diff\u00e9rents angles pour l'entra\u00eenement au lancer, au lancer de balle et au travail sur le terrain.<br \/>\nLe cadre angulaire s'assemble rapidement et facilement<\/p>","protected":false},"featured_media":1589,"template":"","meta":{"_gspb_post_css":""},"product_brand":[],"product_cat":[32],"product_tag":[],"class_list":{"0":"post-1601","1":"product","2":"type-product","3":"status-publish","4":"has-post-thumbnail","6":"product_cat-rebounder","8":"first","9":"instock","10":"shipping-taxable","11":"product-type-simple"},"_links":{"self":[{"href":"https:\/\/fsportsnet.com\/fr\/wp-json\/wp\/v2\/product\/1601","targetHints":{"allow":["GET"]}}],"collection":[{"href":"https:\/\/fsportsnet.com\/fr\/wp-json\/wp\/v2\/product"}],"about":[{"href":"https:\/\/fsportsnet.com\/fr\/wp-json\/wp\/v2\/types\/product"}],"wp:featuredmedia":[{"embeddable":true,"href":"https:\/\/fsportsnet.com\/fr\/wp-json\/wp\/v2\/media\/1589"}],"wp:attachment":[{"href":"https:\/\/fsportsnet.com\/fr\/wp-json\/wp\/v2\/media?parent=1601"}],"wp:term":[{"taxonomy":"product_brand","embeddable":true,"href":"https:\/\/fsportsnet.com\/fr\/wp-json\/wp\/v2\/product_brand?post=1601"},{"taxonomy":"product_cat","embeddable":true,"href":"https:\/\/fsportsnet.com\/fr\/wp-json\/wp\/v2\/product_cat?post=1601"},{"taxonomy":"product_tag","embeddable":true,"href":"https:\/\/fsportsnet.com\/fr\/wp-json\/wp\/v2\/product_tag?post=1601"}],"curies":[{"name":"wp","href":"https:\/\/api.w.org\/{rel}","templated":true}]}}