{"id":1603,"date":"2023-04-27T10:29:50","date_gmt":"2023-04-27T02:29:50","guid":{"rendered":"https:\/\/fsportsnet.com\/?post_type=product&#038;p=1603"},"modified":"2023-04-27T10:55:14","modified_gmt":"2023-04-27T02:55:14","slug":"pitch-back-baseball-rebounder-net-softball-baseball-bounce-back-net","status":"publish","type":"product","link":"https:\/\/fsportsnet.com\/fr\/product\/pitch-back-baseball-rebounder-net-softball-baseball-bounce-back-net\/","title":{"rendered":"Filet Pitch Back Baseball Rebounder Net Filet Softball\/Baseball Bounce Back Net"},"content":{"rendered":"<div id=\"featurebullets_feature_div\" class=\"celwidget\" data-feature-name=\"featurebullets\" data-csa-c-type=\"widget\" data-csa-c-content-id=\"featurebullets\" data-csa-c-slot-id=\"featurebullets_feature_div\" data-csa-c-asin=\"B00VUMGYLQ\" data-csa-c-is-in-initial-active-row=\"false\" data-csa-c-id=\"r02nsd-ek31ro-15bazj-k71de6\" data-cel-widget=\"featurebullets_feature_div\">\n<div id=\"feature-bullets\" class=\"a-section a-spacing-medium a-spacing-top-small\">\n<ul class=\"a-unordered-list a-vertical a-spacing-mini\">\n<li>Taille : 6\u00d74\u2032<br \/>\nHauteur r\u00e9glable : 113\/136\/157\/172cm<br \/>\nCadre : Tube m\u00e9tallique carr\u00e9 de 1\u201d de diam\u00e8tre et de 1,0 mm d'\u00e9paisseur<br \/>\nFilet : PE 30 plis 1.75\u2033 filet nou\u00e9 torsad\u00e9<br \/>\nCrochet de corde \u00e9lastique : 28 pi\u00e8ces<br \/>\nEmballage : Chaque ensemble dans un carton K=K, 94x24x10cm, NW 7kg<\/li>\n<li>\n<h1 class=\"a-size-base-plus a-text-bold\">A propos de cet article<\/h1>\n<ul class=\"a-unordered-list a-vertical a-spacing-mini\">\n<li>\n<div id=\"featurebullets_feature_div\" class=\"celwidget\" data-feature-name=\"featurebullets\" data-csa-c-type=\"widget\" data-csa-c-content-id=\"featurebullets\" data-csa-c-slot-id=\"featurebullets_feature_div\" data-csa-c-asin=\"B0B2J8KKZ2\" data-csa-c-is-in-initial-active-row=\"false\" data-csa-c-id=\"qda9rz-af8e7w-31fb81-8p0mr8\" data-cel-widget=\"featurebullets_feature_div\">\n<div id=\"feature-bullets\" class=\"a-section a-spacing-medium a-spacing-top-small\">\n<ul class=\"a-unordered-list a-vertical a-spacing-mini\">\n<li><span class=\"a-list-item\">\ud83c\udfc6TRAINING AID ESSENTIAL\uff1aTr\u00e8s robuste, durable, il est parfait pour lancer et attraper ! Con\u00e7u pour \u00eatre un partenaire d'entra\u00eenement un contre un pour les lanceurs de baseball et de softball.<\/span><\/li>\n<li><span class=\"a-list-item\">\u2705ADJUSTABLE ANGLES EASY TO PUT\uff1aEasy push-button self-aligning adjustment makes setup hassle-free.Features quick net adjustment, Innovative pull handle allows you to easily switch between four pitching angles ; Great for fielding ground balls, simulating pop flies and live drives, pitching, catching and more !<\/span><\/li>\n<li><span class=\"a-list-item\">\ud83d\udc8eDURABLE STEEL FRAME REBOUNDER:Construit avec de l'acier robuste et un filet en maille qui fera rebondir la balle apr\u00e8s chaque lancer, l'assemblage de boulons de chariot robustes \u00e9limine les vibrations, et les bungies prot\u00e9g\u00e9s par une maille garantissent une utilisation ext\u00e9rieure \u00e0 long terme.<\/span><\/li>\n<li><span class=\"a-list-item\">\ud83c\udf81MAKES A GREAT GIFT FOR BASEBALL LOVERS :Any gender any age from 6 yrs 20+ Ils peuvent s'occuper de leur propre niveau de comp\u00e9tence, Pitch hard or soft, Change direction as in fly ball or grounder, It just totally suited our needs and getting them outside in a relatively small amount of space and allows them both physical excersize and skill building activities.<\/span><\/li>\n<li><span class=\"a-list-item\">\ud83d\ude0aEASY TO FOLDABLE AND STORAGE:L\u00e9ger et portable, le design du cadre arri\u00e8re en forme de po\u00eale le rend facile \u00e0 emporter. Se plie \u00e0 plat pour un rangement rapide et facile.<\/span><\/li>\n<\/ul>\n<\/div>\n<\/div>\n<div id=\"provenanceCertifications_feature_div\" class=\"celwidget\" data-feature-name=\"provenanceCertifications\" data-csa-c-type=\"widget\" data-csa-c-content-id=\"provenanceCertifications\" data-csa-c-slot-id=\"provenanceCertifications_feature_div\" data-csa-c-asin=\"B0B2J8KKZ2\" data-csa-c-is-in-initial-active-row=\"false\" data-csa-c-id=\"b7t4e5-ojg1lt-tufzka-eqicxf\" data-cel-widget=\"provenanceCertifications_feature_div\"><\/div>\n<div id=\"serviceCapabilities_feature_div\" class=\"celwidget\" data-feature-name=\"serviceCapabilities\" data-csa-c-type=\"widget\" data-csa-c-content-id=\"serviceCapabilities\" data-csa-c-slot-id=\"serviceCapabilities_feature_div\" data-csa-c-asin=\"B0B2J8KKZ2\" data-csa-c-is-in-initial-active-row=\"false\" data-csa-c-id=\"alaz1v-tu9j3l-cr60xr-o2fhur\" data-cel-widget=\"serviceCapabilities_feature_div\"><\/div>\n<\/li>\n<\/ul>\n<\/li>\n<li><\/li>\n<\/ul>\n<\/div>\n<\/div>","protected":false},"excerpt":{"rendered":"<p>Caract\u00e9ristiques et sp\u00e9cifications :<\/p>\n<p>Le filet d'entra\u00eenement \u00e0 rebond robuste am\u00e9liore les lancers et le travail sur le terrain<br \/>\nAngles de recul r\u00e9glables pour les mouches pop, les frappes en ligne et les frappes au sol<br \/>\nConstruction robuste et durable avec un cadre m\u00e9tallique solide et un filet r\u00e9sistant aux intemp\u00e9ries.<br \/>\nLa conception pliable facilite le stockage et le transport.<br \/>\nPiquets de terre inclus<br \/>\nRenvoie les balles sous diff\u00e9rents angles pour l'entra\u00eenement au lancer, au lancer de balle et au travail sur le terrain.<br \/>\nLe cadre angulaire s'assemble rapidement et facilement<\/p>","protected":false},"featured_media":1604,"template":"","meta":{"_gspb_post_css":""},"product_brand":[],"product_cat":[32],"product_tag":[],"class_list":{"0":"post-1603","1":"product","2":"type-product","3":"status-publish","4":"has-post-thumbnail","6":"product_cat-rebounder","8":"first","9":"instock","10":"shipping-taxable","11":"product-type-simple"},"_links":{"self":[{"href":"https:\/\/fsportsnet.com\/fr\/wp-json\/wp\/v2\/product\/1603","targetHints":{"allow":["GET"]}}],"collection":[{"href":"https:\/\/fsportsnet.com\/fr\/wp-json\/wp\/v2\/product"}],"about":[{"href":"https:\/\/fsportsnet.com\/fr\/wp-json\/wp\/v2\/types\/product"}],"wp:featuredmedia":[{"embeddable":true,"href":"https:\/\/fsportsnet.com\/fr\/wp-json\/wp\/v2\/media\/1604"}],"wp:attachment":[{"href":"https:\/\/fsportsnet.com\/fr\/wp-json\/wp\/v2\/media?parent=1603"}],"wp:term":[{"taxonomy":"product_brand","embeddable":true,"href":"https:\/\/fsportsnet.com\/fr\/wp-json\/wp\/v2\/product_brand?post=1603"},{"taxonomy":"product_cat","embeddable":true,"href":"https:\/\/fsportsnet.com\/fr\/wp-json\/wp\/v2\/product_cat?post=1603"},{"taxonomy":"product_tag","embeddable":true,"href":"https:\/\/fsportsnet.com\/fr\/wp-json\/wp\/v2\/product_tag?post=1603"}],"curies":[{"name":"wp","href":"https:\/\/api.w.org\/{rel}","templated":true}]}}