{"id":1612,"date":"2023-04-27T10:55:26","date_gmt":"2023-04-27T02:55:26","guid":{"rendered":"https:\/\/fsportsnet.com\/?post_type=product&#038;p=1612"},"modified":"2023-04-27T11:17:57","modified_gmt":"2023-04-27T03:17:57","slug":"sports-baseball-rebounder-net-3-way-baseball-softball-pitchback-net","status":"publish","type":"product","link":"https:\/\/fsportsnet.com\/fr\/product\/sports-baseball-rebounder-net-3-way-baseball-softball-pitchback-net\/","title":{"rendered":"Filet de rebond pour baseball 3-Way Baseball Softball Pitchback Net"},"content":{"rendered":"<div id=\"featurebullets_feature_div\" class=\"celwidget\" data-feature-name=\"featurebullets\" data-csa-c-type=\"widget\" data-csa-c-content-id=\"featurebullets\" data-csa-c-slot-id=\"featurebullets_feature_div\" data-csa-c-asin=\"B00VUMGYLQ\" data-csa-c-is-in-initial-active-row=\"false\" data-csa-c-id=\"r02nsd-ek31ro-15bazj-k71de6\" data-cel-widget=\"featurebullets_feature_div\">\n<div id=\"feature-bullets\" class=\"a-section a-spacing-medium a-spacing-top-small\">\n<ul class=\"a-unordered-list a-vertical a-spacing-mini\">\n<li>1. Taille : 55 pouces<br \/>\n2. Tube en acier : \u03a619\u00d70.6mm<br \/>\n3. Filet : filet PE 24 plis<br \/>\n4. N.W 2.72kg, G.W 2.95kg<br \/>\n5. Taille de l'emballage : 21.54\u00d712.8\u00d73.35\u201d.\u201d<\/li>\n<li>\n<h1 class=\"a-size-base-plus a-text-bold\">A propos de cet article<\/h1>\n<ul class=\"a-unordered-list a-vertical a-spacing-mini\">\n<li>\n<div id=\"featurebullets_feature_div\" class=\"celwidget\" data-feature-name=\"featurebullets\" data-csa-c-type=\"widget\" data-csa-c-content-id=\"featurebullets\" data-csa-c-slot-id=\"featurebullets_feature_div\" data-csa-c-asin=\"B0B2J8KKZ2\" data-csa-c-is-in-initial-active-row=\"false\" data-csa-c-id=\"qda9rz-af8e7w-31fb81-8p0mr8\" data-cel-widget=\"featurebullets_feature_div\">\n<div id=\"feature-bullets\" class=\"a-section a-spacing-medium a-spacing-top-small\">\n<ul class=\"a-unordered-list a-vertical a-spacing-mini\">\n<li><span class=\"a-list-item\">MULTI ANGLE RETURN : Ce pitch back est construit avec un cadre multi angle pour produire des pop flies, des grounders et des line drives.<\/span><\/li>\n<li><span class=\"a-list-item\">ZONE DE FRAPPE FACILE \u00c0 ATTACHER : Travaillez votre pr\u00e9cision et vos talents de lanceur en attachant le b\u00e2ton de frappe z1 \u00e0 la hauteur souhait\u00e9e. Pas besoin d'attrapeur, il suffit de reculer et d'atteindre la cible.<\/span><\/li>\n<li><span class=\"a-list-item\">CONSTRUCTION EN ACIER TOUT TEMPS : Construit avec des tuyaux en acier de 3\/4 pouces r\u00e9sistant aux intemp\u00e9ries pour garantir qu'il peut r\u00e9sister \u00e0 une utilisation intensive ann\u00e9e apr\u00e8s ann\u00e9e.<\/span><\/li>\n<li><span class=\"a-list-item\">FILET TR\u00c8S R\u00c9SISTANT : Le filet PE 24 plis est con\u00e7u pour rester serr\u00e9 et assurer un rebond fiable et constant, session apr\u00e8s session.<\/span><\/li>\n<li><span class=\"a-list-item\">PARFAIT POUR LE JEUNE BASEBALL : Ce rebondisseur est l'outil d'entra\u00eenement parfait pour tout petit joueur qui s'entra\u00eene \u00e0 lancer, \u00e0 faire des lancers, \u00e0 faire du terrain et bien plus encore.<\/span><\/li>\n<li><\/li>\n<\/ul>\n<\/div>\n<\/div>\n<div id=\"provenanceCertifications_feature_div\" class=\"celwidget\" data-feature-name=\"provenanceCertifications\" data-csa-c-type=\"widget\" data-csa-c-content-id=\"provenanceCertifications\" data-csa-c-slot-id=\"provenanceCertifications_feature_div\" data-csa-c-asin=\"B0B2J8KKZ2\" data-csa-c-is-in-initial-active-row=\"false\" data-csa-c-id=\"b7t4e5-ojg1lt-tufzka-eqicxf\" data-cel-widget=\"provenanceCertifications_feature_div\"><\/div>\n<div id=\"serviceCapabilities_feature_div\" class=\"celwidget\" data-feature-name=\"serviceCapabilities\" data-csa-c-type=\"widget\" data-csa-c-content-id=\"serviceCapabilities\" data-csa-c-slot-id=\"serviceCapabilities_feature_div\" data-csa-c-asin=\"B0B2J8KKZ2\" data-csa-c-is-in-initial-active-row=\"false\" data-csa-c-id=\"alaz1v-tu9j3l-cr60xr-o2fhur\" data-cel-widget=\"serviceCapabilities_feature_div\"><\/div>\n<\/li>\n<\/ul>\n<\/li>\n<li><\/li>\n<\/ul>\n<\/div>\n<\/div>","protected":false},"excerpt":{"rendered":"<ul class=\"a-unordered-list a-vertical\">\n<li><span class=\"a-list-item\"><span class=\"a-size-base\">Il s'agit d'un outil d'entra\u00eenement individuel parfait pour les amateurs de baseball et de softball, etc.<\/span><\/span><\/li>\n<li><span class=\"a-list-item\"><span class=\"a-size-base\">Lorsqu'il n'est pas utilis\u00e9, il peut \u00eatre pli\u00e9 et plac\u00e9 dans le garage sans encombrer l'espace.<\/span><\/span><\/li>\n<li><span class=\"a-list-item\"><span class=\"a-size-base\">La structure simple rend l'installation de ce filet rebond tr\u00e8s simple, sans trop de temps et de main d'\u0153uvre.<\/span><\/span><\/li>\n<li><span class=\"a-list-item\"><span class=\"a-size-base\">Ce filet anti-rebond convient aux personnes de tous \u00e2ges.<\/span><\/span><\/li>\n<li><span class=\"a-list-item\"><span class=\"a-size-base\">Le type rouge peut apporter le plaisir d'\u00eatre dans le jeu.<\/span><\/span><\/li>\n<\/ul>","protected":false},"featured_media":1617,"template":"","meta":{"_gspb_post_css":""},"product_brand":[],"product_cat":[32],"product_tag":[],"class_list":{"0":"post-1612","1":"product","2":"type-product","3":"status-publish","4":"has-post-thumbnail","6":"product_cat-rebounder","8":"first","9":"instock","10":"shipping-taxable","11":"product-type-simple"},"_links":{"self":[{"href":"https:\/\/fsportsnet.com\/fr\/wp-json\/wp\/v2\/product\/1612","targetHints":{"allow":["GET"]}}],"collection":[{"href":"https:\/\/fsportsnet.com\/fr\/wp-json\/wp\/v2\/product"}],"about":[{"href":"https:\/\/fsportsnet.com\/fr\/wp-json\/wp\/v2\/types\/product"}],"wp:featuredmedia":[{"embeddable":true,"href":"https:\/\/fsportsnet.com\/fr\/wp-json\/wp\/v2\/media\/1617"}],"wp:attachment":[{"href":"https:\/\/fsportsnet.com\/fr\/wp-json\/wp\/v2\/media?parent=1612"}],"wp:term":[{"taxonomy":"product_brand","embeddable":true,"href":"https:\/\/fsportsnet.com\/fr\/wp-json\/wp\/v2\/product_brand?post=1612"},{"taxonomy":"product_cat","embeddable":true,"href":"https:\/\/fsportsnet.com\/fr\/wp-json\/wp\/v2\/product_cat?post=1612"},{"taxonomy":"product_tag","embeddable":true,"href":"https:\/\/fsportsnet.com\/fr\/wp-json\/wp\/v2\/product_tag?post=1612"}],"curies":[{"name":"wp","href":"https:\/\/api.w.org\/{rel}","templated":true}]}}