{"id":1619,"date":"2023-04-27T11:18:11","date_gmt":"2023-04-27T03:18:11","guid":{"rendered":"https:\/\/fsportsnet.com\/?post_type=product&#038;p=1619"},"modified":"2023-04-27T11:41:14","modified_gmt":"2023-04-27T03:41:14","slug":"baseball-softball-pitchback-net-fielding-trainer-bounce-back-net","status":"publish","type":"product","link":"https:\/\/fsportsnet.com\/fr\/product\/baseball-softball-pitchback-net-fielding-trainer-bounce-back-net\/","title":{"rendered":"Filet de baseball Softball Pitchback Net Fielding Trainer Bounce Back Net"},"content":{"rendered":"<div id=\"featurebullets_feature_div\" class=\"celwidget\" data-feature-name=\"featurebullets\" data-csa-c-type=\"widget\" data-csa-c-content-id=\"featurebullets\" data-csa-c-slot-id=\"featurebullets_feature_div\" data-csa-c-asin=\"B00VUMGYLQ\" data-csa-c-is-in-initial-active-row=\"false\" data-csa-c-id=\"r02nsd-ek31ro-15bazj-k71de6\" data-cel-widget=\"featurebullets_feature_div\">\n<div id=\"feature-bullets\" class=\"a-section a-spacing-medium a-spacing-top-small\">\n<ul class=\"a-unordered-list a-vertical a-spacing-mini\">\n<li>1. Taille : 55.5\u00d742.5\u00d732.7\u201d<br \/>\n2. Filet : 30ply*1.75\u201d PE net<br \/>\n2. Tube en acier : \uffe032*0,8mm<\/li>\n<li>\n<h1 class=\"a-size-base-plus a-text-bold\">A propos de cet article<\/h1>\n<ul class=\"a-unordered-list a-vertical a-spacing-mini\">\n<li>\n<div id=\"featurebullets_feature_div\" class=\"celwidget\" data-feature-name=\"featurebullets\" data-csa-c-type=\"widget\" data-csa-c-content-id=\"featurebullets\" data-csa-c-slot-id=\"featurebullets_feature_div\" data-csa-c-asin=\"B0B2J8KKZ2\" data-csa-c-is-in-initial-active-row=\"false\" data-csa-c-id=\"qda9rz-af8e7w-31fb81-8p0mr8\" data-cel-widget=\"featurebullets_feature_div\">\n<div id=\"feature-bullets\" class=\"a-section a-spacing-medium a-spacing-top-small\">\n<ul class=\"a-unordered-list a-vertical a-spacing-mini\">\n<li><span class=\"a-list-item\">MULTI ANGLE RETURN : Ce pitch back est construit avec un cadre multi angle pour produire des pop flies, des grounders et des line drives.<\/span><\/li>\n<li><span class=\"a-list-item\">ZONE DE FRAPPE FACILE \u00c0 ATTACHER : Travaillez votre pr\u00e9cision et vos talents de lanceur en attachant le b\u00e2ton de frappe z1 \u00e0 la hauteur souhait\u00e9e. Pas besoin d'attrapeur, il suffit de reculer et d'atteindre la cible.<\/span><\/li>\n<li><span class=\"a-list-item\">Acier<\/span><\/li>\n<li><span class=\"a-list-item\">Import\u00e9<\/span><\/li>\n<li><span class=\"a-list-item\">Cadre en acier de 1,25 pouce<\/span><\/li>\n<li><span class=\"a-list-item\">S'ajuste pour une utilisation sous plusieurs angles<\/span><\/li>\n<li><span class=\"a-list-item\">Filet PE 30 plis tout temps avec ruban de zone de frappe<\/span><\/li>\n<li><span class=\"a-list-item\">Se plie \u00e0 plat pour un rangement pratique<\/span><\/li>\n<li><span class=\"a-list-item\">Con\u00e7u pour l'entra\u00eenement des joueurs de champ et des lanceurs<\/span><\/li>\n<li><span class=\"a-list-item\">PARFAIT POUR LE JEUNE BASEBALL : Ce rebondisseur est l'outil d'entra\u00eenement parfait pour tout petit joueur qui s'entra\u00eene \u00e0 lancer, \u00e0 faire des lancers, \u00e0 faire du terrain et bien plus encore.<\/span><\/li>\n<\/ul>\n<\/div>\n<\/div>\n<div id=\"provenanceCertifications_feature_div\" class=\"celwidget\" data-feature-name=\"provenanceCertifications\" data-csa-c-type=\"widget\" data-csa-c-content-id=\"provenanceCertifications\" data-csa-c-slot-id=\"provenanceCertifications_feature_div\" data-csa-c-asin=\"B0B2J8KKZ2\" data-csa-c-is-in-initial-active-row=\"false\" data-csa-c-id=\"b7t4e5-ojg1lt-tufzka-eqicxf\" data-cel-widget=\"provenanceCertifications_feature_div\"><\/div>\n<div id=\"serviceCapabilities_feature_div\" class=\"celwidget\" data-feature-name=\"serviceCapabilities\" data-csa-c-type=\"widget\" data-csa-c-content-id=\"serviceCapabilities\" data-csa-c-slot-id=\"serviceCapabilities_feature_div\" data-csa-c-asin=\"B0B2J8KKZ2\" data-csa-c-is-in-initial-active-row=\"false\" data-csa-c-id=\"alaz1v-tu9j3l-cr60xr-o2fhur\" data-cel-widget=\"serviceCapabilities_feature_div\"><\/div>\n<\/li>\n<\/ul>\n<\/li>\n<li><\/li>\n<\/ul>\n<\/div>\n<\/div>","protected":false},"excerpt":{"rendered":"<ul class=\"a-unordered-list a-vertical\">\n<li><span class=\"a-list-item\"><span class=\"a-size-base\">Il s'agit d'un outil d'entra\u00eenement individuel parfait pour les amateurs de baseball et de softball, etc.<\/span><\/span><\/li>\n<li><span class=\"a-list-item\"><span class=\"a-size-base\">Lorsqu'il n'est pas utilis\u00e9, il peut \u00eatre pli\u00e9 et plac\u00e9 dans le garage sans encombrer l'espace.<\/span><\/span><\/li>\n<li><span class=\"a-list-item\"><span class=\"a-size-base\">La structure simple rend l'installation de ce filet rebond tr\u00e8s simple, sans trop de temps et de main d'\u0153uvre.<\/span><\/span><\/li>\n<li><span class=\"a-list-item\"><span class=\"a-size-base\">Ce filet anti-rebond convient aux personnes de tous \u00e2ges.<\/span><\/span><\/li>\n<li><span class=\"a-list-item\"><span class=\"a-size-base\">Le type rouge peut apporter le plaisir d'\u00eatre dans le jeu.<\/span><\/span><\/li>\n<\/ul>","protected":false},"featured_media":1624,"template":"","meta":{"_gspb_post_css":""},"product_brand":[],"product_cat":[32],"product_tag":[],"class_list":{"0":"post-1619","1":"product","2":"type-product","3":"status-publish","4":"has-post-thumbnail","6":"product_cat-rebounder","8":"first","9":"instock","10":"shipping-taxable","11":"product-type-simple"},"_links":{"self":[{"href":"https:\/\/fsportsnet.com\/fr\/wp-json\/wp\/v2\/product\/1619","targetHints":{"allow":["GET"]}}],"collection":[{"href":"https:\/\/fsportsnet.com\/fr\/wp-json\/wp\/v2\/product"}],"about":[{"href":"https:\/\/fsportsnet.com\/fr\/wp-json\/wp\/v2\/types\/product"}],"wp:featuredmedia":[{"embeddable":true,"href":"https:\/\/fsportsnet.com\/fr\/wp-json\/wp\/v2\/media\/1624"}],"wp:attachment":[{"href":"https:\/\/fsportsnet.com\/fr\/wp-json\/wp\/v2\/media?parent=1619"}],"wp:term":[{"taxonomy":"product_brand","embeddable":true,"href":"https:\/\/fsportsnet.com\/fr\/wp-json\/wp\/v2\/product_brand?post=1619"},{"taxonomy":"product_cat","embeddable":true,"href":"https:\/\/fsportsnet.com\/fr\/wp-json\/wp\/v2\/product_cat?post=1619"},{"taxonomy":"product_tag","embeddable":true,"href":"https:\/\/fsportsnet.com\/fr\/wp-json\/wp\/v2\/product_tag?post=1619"}],"curies":[{"name":"wp","href":"https:\/\/api.w.org\/{rel}","templated":true}]}}